{"id":101,"date":"2014-04-05T06:45:46","date_gmt":"2014-04-05T06:45:46","guid":{"rendered":"http:\/\/sanchezrubio.eu\/?page_id=101"},"modified":"2014-04-05T09:38:18","modified_gmt":"2014-04-05T09:38:18","slug":"por-fin-reaccionamos","status":"publish","type":"page","link":"https:\/\/sanchezrubio.eu\/?page_id=101","title":{"rendered":"Por fin reaccionamos&#8230;"},"content":{"rendered":"<div class=\"shariff\" data-title=\"Por fin reaccionamos&#8230;\" data-info-url=\"http:\/\/ct.de\/-2467514\" data-backend-url=\"https:\/\/sanchezrubio.eu\/wp-content\/plugins\/shariff-sharing\/backend\/index.php\" data-temp=\"\/tmp\" data-ttl=\"60\" data-service=\"gftr\" data-services='[\"googleplus\",\"facebook\",\"twitter\",\"reddit\",\"info\"]' data-image=\"\" data-url=\"https:\/\/sanchezrubio.eu\/?page_id=101\" data-lang=\"es\" data-theme=\"colored\" data-orientation=\"horizontal\"><\/div><p style=\"text-align: left;\" align=\"center\">Art\u00edculo publicado en el Periodista Digital el\u00a023 de septiembre de 2.011\u00a0<a href=\"http:\/\/www.periodistadigital.com\/opinion\/clases-medias\/2011\/09\/23\/la-china-en-el-zapato.shtml\" target=\"_blank\">(Pinche para ver publicaci\u00f3n)<\/a><\/p>\n<p style=\"text-align: left;\" align=\"center\"><b>Por fin reaccionamos&#8230;<\/b><\/p>\n<p>He de anticiparles a Uds. que me tengo por hombre que est\u00e1 de vuelta de casi todo, y que mi capacidad de sorpresa ha llegado casi al l\u00edmite. Por ello, considero que, en este mundo de nuestros suplicios, creo que cualquier cosa es posible. Adem\u00e1s, para aquellos de Uds. que no me conocen, les dir\u00e9 que procuro que mi vida sea ordenada, aunque sin sujetarme rotundamente a ningun h\u00e1bito; no obstante, hay algo que, rutinariamente, repito cada d\u00eda a primera hora de la ma\u00f1ana, cuando llego a la oficina: Enciendo el ordenador, leo el correo electr\u00f3nico y, a continuaci\u00f3n, me sumerjo en la Web del Bolet\u00edn Oficial del Estado, para ver qu\u00e9 ocurrencias nos sirven nuestros gobernantes para desayunar.<\/p>\n<p>Les he anticipado esas notas acerca de mi personalidad para que se imaginen mi sorpresa, rayana en la estupefacci\u00f3n, cuando, ayer jueves 22 de septiembre de 2.011, la primera norma que salt\u00f3 a mis ojos fue el <b><i>Real Decreto Ley 15\/2011 de 16 de septiembre, por el que se regula la actividad de los cargos pol\u00edticos.<\/i><\/b><\/p>\n<p>Pueden Uds. suponer mi voracidad lectora. Para los legos en la materia, les dir\u00e9 que toda norma va precedida de un apartado expositivo en el que el legislador desgrana y razona los motivos que le gu\u00edan para el dictado de la norma, al tiempo que detalla los objetivos que busca alcanzar con su promulgaci\u00f3n.<\/p>\n<p>El gobierno, nuestro gobierno, ese denostado gobierno socialista que nos ha hundido en la miseria, reunido en Consejo de Ministros del pasado viernes 16 de septiembre, cuando muchos de Uds. le\u00edan mi anterior art\u00edculo en Lancelot acerca de nuestra esclavitud de los pol\u00edticos y, una verdadera riada de lectores inundaba mi buz\u00f3n de correo electr\u00f3nico con muestras de solidaridad con mi opini\u00f3n, resolv\u00eda, por razones de urgencia, decretar la norma que ya he referido mas arriba.<\/p>\n<p>En la exposici\u00f3n de motivos, como entonando un <b><i>mea culpa<\/i><\/b>, el gobierno, con ZP a la cabeza, reconoc\u00edan el hartazgo de la ciudadan\u00eda respecto de la clase pol\u00edtica. Como en una letan\u00eda, el Real Decreto Ley relataba los excesos y abusos cometidos por nuestros pol\u00edticos, aunque sin referirse al propio gobierno. Ante mi vista iban desfilando las prevaricaciones, cohechos, nepotismo, malversaciones, corrupciones&#8230; Tal vez el gobierno, recapacitando en la posibilidad cierta y creciente de que se produzca un estallido social, que mas de uno hemos venido vaticinando, ha pretendido anticiparse, poniendo coto a esta ristra de desmanes.<\/p>\n<p>Entre las medidas adoptadas y que, seg\u00fan la disposici\u00f3n final de este Real Decreto Ley, en vigor desde hoy viernes, se encuentran las siguientes:<\/p>\n<p>Los partidos pol\u00edticos y los sindicatos, dejan de recibir financiaci\u00f3n del Estado, teniendo que financiarse, a partir de ahora con las cuotas de sus afiliados.<\/p>\n<p>&#8211;\u00a0\u00a0\u00a0\u00a0\u00a0\u00a0\u00a0\u00a0 Los representantes y liberados sindicales, realizar\u00e1n su trabajo en igualdad de condiciones que los dem\u00e1s trabajadores, desarrollando sus labores sindicales en los locales de su sindicato, fuera de horas de trabajo.<\/p>\n<p>&#8211;\u00a0\u00a0\u00a0\u00a0\u00a0\u00a0\u00a0\u00a0 Se limita el uso de coche oficial a los cargos de rango superior al de Director General, o equivalente en las Comunidades Aut\u00f3nomas y a Presidentes de Corporaciones Municipales de Municipios con poblaci\u00f3n superior a 50.000 habitantes.<\/p>\n<p>&#8211;\u00a0\u00a0\u00a0\u00a0\u00a0\u00a0\u00a0\u00a0 Se retirar\u00e1n todas las tarjetas de cr\u00e9dito en poder de cargos pol\u00edticos. Los gastos en que hayan de concurrir en el desempe\u00f1o de sus funciones habr\u00e1n de ser girados directamente por los proveedores al Organo a que pertenezcan.<\/p>\n<p>&#8211;\u00a0\u00a0\u00a0\u00a0\u00a0\u00a0\u00a0\u00a0 Ning\u00fan cargo pol\u00edtico podr\u00e1 utilizar medios del estado para actividades privadas o de partido, habiendo de reintegrar, en su caso, el coste de estos servicios. Este art\u00edculo se aplicar\u00e1 a la utilizaci\u00f3n de medios de transporte, material inform\u00e1tico, electr\u00f3nico o inform\u00e1tico e instalaciones e inmuebles de titularidad p\u00fablica.<\/p>\n<p>&#8211;\u00a0\u00a0\u00a0\u00a0\u00a0\u00a0\u00a0\u00a0 Ning\u00fan cargo pol\u00edtico de cualquiera de las Administraciones o empresas p\u00fablicas podr\u00e1 percibir mas de un sueldo del erario p\u00fablico.<\/p>\n<p>A estas alturas, me encontraba at\u00f3nito. Volv\u00ed al principio del Bolet\u00edn y volv\u00ed a repasarlo. Efectivamente era el BOE numero 228 de 22 de septiembre de 2.011.<\/p>\n<p>Ten\u00eda que volver a releerlo, aquello parec\u00eda una broma del d\u00eda 28 de diciembre. Me enfrasqu\u00e9 de nuevo en la lectura de las cifras de v\u00e9rtigo que con estas medidas iba a ahorrar el pa\u00eds y que figuraban detalladas en la exposici\u00f3n de motivos.<\/p>\n<p>Tan absorto me encontraba en la lectura que sent\u00ed un sobresalto cuando comenz\u00f3 a sonar el tel\u00e9fono. Ciertamente eso me molest\u00f3, pero segu\u00ed leyendo. El tel\u00e9fono segu\u00eda sonando y, sin mirar, extend\u00ed la mano para cogerlo. Entonces repar\u00e9 en algo sorprendente, por mas que tanteaba no encontraba el tel\u00e9fono. Volv\u00ed la cabeza para buscarlo y, entonces, ca\u00ed en la cuenta. No era el tel\u00e9fono lo que sonaba, era el antip\u00e1tico despertador.<\/p>\n<p align=\"right\"><i>Jos\u00e9 Ignacio Sanchez Rubio<\/i><\/p>\n<p align=\"right\"><i>Abogado y economista<\/i><\/p>\n<p style=\"text-align: right;\"><i><a href=\"mailto:ignacio@rwall.es\">ignacio@rwall.es<\/a><\/i><\/p>\n","protected":false},"excerpt":{"rendered":"<p>Art\u00edculo publicado en el Periodista Digital el\u00a023 de septiembre de 2.011\u00a0(Pinche para ver publicaci\u00f3n) Por fin reaccionamos&#8230; He de anticiparles a Uds. que me tengo por hombre que est\u00e1 de vuelta de casi todo, y que mi capacidad de sorpresa &hellip; <a href=\"https:\/\/sanchezrubio.eu\/?page_id=101\">Sigue leyendo <span class=\"meta-nav\">&rarr;<\/span><\/a><\/p>\n","protected":false},"author":1,"featured_media":0,"parent":97,"menu_order":2,"comment_status":"open","ping_status":"closed","template":"","meta":{"_bbp_topic_count":0,"_bbp_reply_count":0,"_bbp_total_topic_count":0,"_bbp_total_reply_count":0,"_bbp_voice_count":0,"_bbp_anonymous_reply_count":0,"_bbp_topic_count_hidden":0,"_bbp_reply_count_hidden":0,"_bbp_forum_subforum_count":0,"footnotes":""},"class_list":["post-101","page","type-page","status-publish","hentry"],"_links":{"self":[{"href":"https:\/\/sanchezrubio.eu\/index.php?rest_route=\/wp\/v2\/pages\/101","targetHints":{"allow":["GET"]}}],"collection":[{"href":"https:\/\/sanchezrubio.eu\/index.php?rest_route=\/wp\/v2\/pages"}],"about":[{"href":"https:\/\/sanchezrubio.eu\/index.php?rest_route=\/wp\/v2\/types\/page"}],"author":[{"embeddable":true,"href":"https:\/\/sanchezrubio.eu\/index.php?rest_route=\/wp\/v2\/users\/1"}],"replies":[{"embeddable":true,"href":"https:\/\/sanchezrubio.eu\/index.php?rest_route=%2Fwp%2Fv2%2Fcomments&post=101"}],"version-history":[{"count":5,"href":"https:\/\/sanchezrubio.eu\/index.php?rest_route=\/wp\/v2\/pages\/101\/revisions"}],"predecessor-version":[{"id":113,"href":"https:\/\/sanchezrubio.eu\/index.php?rest_route=\/wp\/v2\/pages\/101\/revisions\/113"}],"up":[{"embeddable":true,"href":"https:\/\/sanchezrubio.eu\/index.php?rest_route=\/wp\/v2\/pages\/97"}],"wp:attachment":[{"href":"https:\/\/sanchezrubio.eu\/index.php?rest_route=%2Fwp%2Fv2%2Fmedia&parent=101"}],"curies":[{"name":"wp","href":"https:\/\/api.w.org\/{rel}","templated":true}]}}