{"id":111,"date":"2014-04-05T09:40:36","date_gmt":"2014-04-05T09:40:36","guid":{"rendered":"http:\/\/sanchezrubio.eu\/?page_id=111"},"modified":"2014-04-05T09:40:36","modified_gmt":"2014-04-05T09:40:36","slug":"esclavitud","status":"publish","type":"page","link":"https:\/\/sanchezrubio.eu\/?page_id=111","title":{"rendered":"Esclavitud"},"content":{"rendered":"<div class=\"shariff\" data-title=\"Esclavitud\" data-info-url=\"http:\/\/ct.de\/-2467514\" data-backend-url=\"https:\/\/sanchezrubio.eu\/wp-content\/plugins\/shariff-sharing\/backend\/index.php\" data-temp=\"\/tmp\" data-ttl=\"60\" data-service=\"gftr\" data-services='[\"googleplus\",\"facebook\",\"twitter\",\"reddit\",\"info\"]' data-image=\"\" data-url=\"https:\/\/sanchezrubio.eu\/?page_id=111\" data-lang=\"es\" data-theme=\"colored\" data-orientation=\"horizontal\"><\/div><p style=\"text-align: left;\" align=\"center\">Art\u00edculo publicado en el Periodista Digital el\u00a015 de septiembre de 2.011\u00a0<a href=\"http:\/\/www.periodistadigital.com\/opinion\/clases-medias\/2011\/09\/15\/la-china-en-el-zapato.shtml\" target=\"_blank\">(Pinche para ver publicaci\u00f3n)<\/a><\/p>\n<p align=\"center\"><b>Esclavitud<\/b><\/p>\n<p>\u00a0Yo no se a Uds., pero a mi me da la sensaci\u00f3n de estar secuestrado por el poder instituido. Instituido por nosotros mismos.<\/p>\n<p>Me explicar\u00e9. Resulta que despu\u00e9s de que la humanidad hubiera pasado por distintas formas de convivencia, desde la esclavitud impuesta por la ley del mas fuerte, pasando por la <i>esclavitud<\/i> a que se encontraban sometidos los s\u00fabditos del rey, por aquello de que era <b><i>due\u00f1o de vidas y haciendas<\/i><\/b>, volvimos a redescubrir la antigua instituci\u00f3n ateniense de la democracia, como forma de gobierno, en la que son los propios gobernados los que eligen a sus gobernantes. Hasta aqu\u00ed, me limito a repetir lo que puede Ud. encontrar en cualquier manual de historia. El gran avance social, la gran panacea universal, vino a ser la posibilidad de que votara toda persona, por el hecho de serlo, con las limitaciones establecidas por raz\u00f3n de edad o de capacidad mental.<\/p>\n<p>Y, \u00bfa donde hemos llegado 2.011 a\u00f1os despu\u00e9s de haber nacido Jesucristo?. Pues, desde mi punto de vista, a que salimos de la sart\u00e9n para caer en el fuego, como vulgarmente se dice. En otras palabras, seguimos siendo <b><i>esclavos<\/i><\/b>, solo que no nos dejan que pensemos en ello.<\/p>\n<p>Ver\u00e1n Uds., cuando la fuerza f\u00edsica era la que imperaba, siguiendo aquello de que el pez grande se come al chico, el mas fuerte sojuzgaba al inferior que, antes de perder la vida o ser sometido a castigos, prefer\u00eda la esclavitud, la absoluta dependencia del superior. Adem\u00e1s, salvo casos aislados, el sometido no ten\u00eda a nadie que acudiera en su ayuda. Ahora, en el momento presente \u00bfcual es la situaci\u00f3n?.<\/p>\n<p>La descripci\u00f3n que se me antoja es que unos cuantos, siempre los mismos, nos persuaden e incitan a que les votemos para ser nuestros dirigentes. Hasta ah\u00ed, nada que objetar. Despu\u00e9s, en lugar de emplear la fuerza f\u00edsica con que la naturaleza haya podido dotarles, tienen a su exclusiva disposici\u00f3n dos instrumentos igual de valiosos: Las Instituciones P\u00fablicas y los Boletines Oficiales. Si la utilizaci\u00f3n de las primeras a su antojo y conveniencia no son suficientes, deciden por medio de las segundas que es lo que resulta mas adecuado para todos nosotros. Tampoco hay objeciones por mi parte a ello.<\/p>\n<p>El asunto empieza ya a resultar un tanto excesivo, cuando lo que a nosotros nos permiten, exclusivamente, es elegir a quienes nos van a gobernar, sin que en nuestra mano est\u00e9, por mucho que lo parezca, la posibilidad de decidir los t\u00e9rminos en que el mandato que otorgamos a nuestros gobernantes ha de desarrollarse.<\/p>\n<p>De esta forma, comenzamos la andadura y elegimos, hace ya 33 a\u00f1os, a los primeros gobernantes democr\u00e1ticos, con la resaca que nos hab\u00edan dejado 36 a\u00f1os de dictadura. Ya, en refer\u00e9ndum, empezamos votando S\u00cd o NO a la Constituci\u00f3n que se encargaron de elaborar quienes NO hab\u00edan sido elegidos democr\u00e1ticamente para tan alta funci\u00f3n, sino designados a dedo, pero ya empezaron no permiti\u00e9ndonos opinar sobre el texto. Solo S\u00cd o NO. Evidentemente sali\u00f3 el s\u00ed, por abrumadora mayor\u00eda, probablemente porque pocos se molestaron en leer el texto constitucional y, adem\u00e1s se nos convenci\u00f3, mediante una imponente campa\u00f1a publicitaria de la conveniencia de votar SI.<\/p>\n<p>A partir de ese momento, hasta el actual, la cosa ha ido degenerando como no pod\u00eda ser de otra manera. Porque los que optan a ser nuestros gobernantes, siempre los mismos, consideran esa funci\u00f3n como un medio de enriquecimiento f\u00e1cil y sin problemas, no como una obligaci\u00f3n de sacrificio por los dem\u00e1s.<\/p>\n<p>Con una remota semejanza a lo que acontece en una comunidad de vecinos, que tambi\u00e9n es una c\u00e9lula social, las tareas de gobierno (no confundir con el trabajo de los funcionarios), resulta necesario que haya quien se dedique a la tarea de organizar y regular esa convivencia. En la comunidad de vecinos es la junta directiva; en lo que se refiere al pa\u00eds, son la legi\u00f3n de pol\u00edticos que han hecho de la pol\u00edtica un medio de enriquecimiento f\u00e1cil y sin problemas, no una obligaci\u00f3n de sacrificio por los dem\u00e1s.<\/p>\n<p>De esta forma, se fijan los sueldos y prebendas que les parece oportuno; para ellos no hay crisis. Y se granjean la confianza y el apoyo de innumerables ad-lateres, familiares y amigos, paniaguados todos ellos, entre los que reparten los dineros que nos sacan con los impuestos que ellos mismos deciden. Y cambian las leyes para que a ellos no les afecten de la misma forma que a nosotros y&#8230; por si algo falla, se dotan de la posibilidad de atar de pies y manos al \u00fanico poder al que podr\u00edamos recurrir: el Poder Judicial.<\/p>\n<p>Si Ud. o yo nos salimos un poco de madre, nos echan encima toda la fuerza que sea necesaria: recaudadores, polic\u00edas, &#8230;. pero si son ellos los transgresores&#8230; No, ellos est\u00e1n por encima del bien y del mal. Incluso, de manera habitual, cuando salen de la pol\u00edtica es para ir con un cargo, a veces vitalicio, a otro pesebre.<\/p>\n<p>Por eso es por lo que, arriba, titulo esta p\u00e1gina como esclavitud. Porque tengo la sensaci\u00f3n de que somos esclavos de nuestros gobernantes, los que nosotros mismos hemos elegido para que nos esquilmen y nos sojuzguen. Me pregunto yo que pasar\u00eda si, en el caso en que se pudiera conseguir, decidi\u00e9ramos que el cargo de pol\u00edtico fuera gratuito, como lo es el del presidente de nuestra comunidad de vecinos, ya que, al menos te\u00f3ricamente (y eso dicen todos), es un honor servir al pa\u00eds en un cargo pol\u00edtico.<\/p>\n<p>Y despu\u00e9s de todo a lo que nos han llevado con la crisis, y con la deuda y con todo lo dem\u00e1s, ver\u00e1 Ud. como, cuando Grecia quiebre (ya lo est\u00e1), y eso arrastre a una situaci\u00f3n econ\u00f3mica de incre\u00edbles consecuencias para nosotros, nuestros gobernantes, que hemos elegido nosotros, terminar\u00e1n ech\u00e1ndonos la culpa de todos estos males. Por lo menos en aquel bolero de Ricardo Montaner, que tan lindamente canta Luis Miguel, el enamorado le ped\u00eda a su amada: <b><i>Echame a mi la culpa de lo que pase&#8230;<\/i><\/b>.<\/p>\n<p align=\"right\"><i>Jos\u00e9 Ignacio Sanchez Rubio<\/i><\/p>\n<p align=\"right\"><i>Abogado y economista<\/i><\/p>\n<p align=\"right\"><i><a href=\"mailto:ignacio@rwall.es\">ignacio@rwall.es<\/a><\/i><\/p>\n","protected":false},"excerpt":{"rendered":"<p>Art\u00edculo publicado en el Periodista Digital el\u00a015 de septiembre de 2.011\u00a0(Pinche para ver publicaci\u00f3n) Esclavitud \u00a0Yo no se a Uds., pero a mi me da la sensaci\u00f3n de estar secuestrado por el poder instituido. Instituido por nosotros mismos. Me explicar\u00e9. &hellip; <a href=\"https:\/\/sanchezrubio.eu\/?page_id=111\">Sigue leyendo <span class=\"meta-nav\">&rarr;<\/span><\/a><\/p>\n","protected":false},"author":1,"featured_media":0,"parent":97,"menu_order":3,"comment_status":"open","ping_status":"open","template":"","meta":{"_bbp_topic_count":0,"_bbp_reply_count":0,"_bbp_total_topic_count":0,"_bbp_total_reply_count":0,"_bbp_voice_count":0,"_bbp_anonymous_reply_count":0,"_bbp_topic_count_hidden":0,"_bbp_reply_count_hidden":0,"_bbp_forum_subforum_count":0,"footnotes":""},"class_list":["post-111","page","type-page","status-publish","hentry"],"_links":{"self":[{"href":"https:\/\/sanchezrubio.eu\/index.php?rest_route=\/wp\/v2\/pages\/111","targetHints":{"allow":["GET"]}}],"collection":[{"href":"https:\/\/sanchezrubio.eu\/index.php?rest_route=\/wp\/v2\/pages"}],"about":[{"href":"https:\/\/sanchezrubio.eu\/index.php?rest_route=\/wp\/v2\/types\/page"}],"author":[{"embeddable":true,"href":"https:\/\/sanchezrubio.eu\/index.php?rest_route=\/wp\/v2\/users\/1"}],"replies":[{"embeddable":true,"href":"https:\/\/sanchezrubio.eu\/index.php?rest_route=%2Fwp%2Fv2%2Fcomments&post=111"}],"version-history":[{"count":2,"href":"https:\/\/sanchezrubio.eu\/index.php?rest_route=\/wp\/v2\/pages\/111\/revisions"}],"predecessor-version":[{"id":114,"href":"https:\/\/sanchezrubio.eu\/index.php?rest_route=\/wp\/v2\/pages\/111\/revisions\/114"}],"up":[{"embeddable":true,"href":"https:\/\/sanchezrubio.eu\/index.php?rest_route=\/wp\/v2\/pages\/97"}],"wp:attachment":[{"href":"https:\/\/sanchezrubio.eu\/index.php?rest_route=%2Fwp%2Fv2%2Fmedia&parent=111"}],"curies":[{"name":"wp","href":"https:\/\/api.w.org\/{rel}","templated":true}]}}