{"id":115,"date":"2014-04-05T19:44:57","date_gmt":"2014-04-05T19:44:57","guid":{"rendered":"http:\/\/sanchezrubio.eu\/?page_id=115"},"modified":"2014-04-05T19:44:57","modified_gmt":"2014-04-05T19:44:57","slug":"el-politico","status":"publish","type":"page","link":"https:\/\/sanchezrubio.eu\/?page_id=115","title":{"rendered":"El pol\u00edtico"},"content":{"rendered":"<div class=\"shariff\" data-title=\"El pol\u00edtico\" data-info-url=\"http:\/\/ct.de\/-2467514\" data-backend-url=\"https:\/\/sanchezrubio.eu\/wp-content\/plugins\/shariff-sharing\/backend\/index.php\" data-temp=\"\/tmp\" data-ttl=\"60\" data-service=\"gftr\" data-services='[\"googleplus\",\"facebook\",\"twitter\",\"reddit\",\"info\"]' data-image=\"\" data-url=\"https:\/\/sanchezrubio.eu\/?page_id=115\" data-lang=\"es\" data-theme=\"colored\" data-orientation=\"horizontal\"><\/div><p style=\"text-align: left;\" align=\"center\">Art\u00edculo publicado en Lancelot Digital el 21 de octubre de 2.011<\/p>\n<p align=\"center\"><b>El pol\u00edtico<\/b><\/p>\n<p>Cada profesi\u00f3n tiene sus detractores y sus chascarrillos, al igual que suele ponerse un mote a sus profesionales. Detractores, en cuanto es humano pensar que si caemos en manos de un entendido, por mor de una necesidad, y nos cuesta mas la soluci\u00f3n que el problema, la primera vez sentimos arrepentimiento de no haber seleccionado mejor al \u201c<b><i>artista<\/i><\/b>\u201d, la segunda, tal vez nos mesemos los cabellos, pero a partir de la tercera suele invadirnos una especie de inquina contra todos los que se dedican a aquella actividad.<\/p>\n<p>De ah\u00ed vienen los chascarrillos como aquel de \u201c<b><i>entre alba\u00f1iles te veas<\/i><\/b>\u201d, o aquel otro de \u201c<b><i>pleitos tengas y los ganes<\/i><\/b>\u201d. Y claro, lo siguiente que hace el pueblo llano es ponerles un mote a los respectivos profesionales. A los alba\u00f1iles es normal llamarlos<b><i> paletas<\/i><\/b>, <b><i>picapleitos<\/i><\/b> a los abogados y a los m\u00e9dicos <b><i>matasanos<\/i><\/b>.<\/p>\n<p>En estos d\u00edas, de estos tiempos, otra clase de profesionales, los pol\u00edticos, han venido a ocupar la mayor parte del tiempo o espacio de los medios informativos, y es habitual que constituyan el <i>leit motiv<\/i> de tertulias y sobremesas.<\/p>\n<p>Y como lo de la actividad del pol\u00edtico, convendr\u00e1n Ud. conmigo que no es una aportaci\u00f3n obligatoria a la Patria, como lo eran la mili o el servicio social, sino que se ha convertido en un lucrativo oficio, profesi\u00f3n o negocio, como Ud. quieran llamarlo, les propongo que entre todos intentemos encontrar a los detractores y busquemos los motes y chascarrillos que puedan caracterizar a los que dedican su tiempo a gobernarnos.<\/p>\n<p>En cuanto a detractores, lo tenemos sencillo. Basta con levantar la mirada y fijarnos en cualquier persona cercana, o pulsar cualquier ambiente social, para darse cuenta de que detractores son todos los que no viven de la pol\u00edtica de forma directa o indirecta.<\/p>\n<p>Y es curioso la cantidad de similitudes que, en su hacer, existen entre los pol\u00edticos y esos otros profesionales a los que me refer\u00eda al principio.<\/p>\n<p>Por ejemplo: Recurrimos al correspondiente profesional cuando tenemos un problema, confiando en que sabr\u00e1, podr\u00e1 y querr\u00e1 resolv\u00e9rnoslo. Al principio, generalmente, el profesional le echa la culpa de nuestro problema a su colega que le hab\u00eda precedido (igual que hace el pol\u00edtico), luego nos promete que con \u00e9l no va a haber problemas (como el pol\u00edtico), y despu\u00e9s nos dice cuales son sus honorarios, y nos pide una provisi\u00f3n de fondos antes de comenzar (aqu\u00ed el pol\u00edtico se diferencia un tanto; no nos dice cuanto va a cobrar y se fija el sueldo que le peta, y si con un sueldo no le basta, se pone dos, o tres, o mas sueldos y se los cobra; para los dem\u00e1s no habr\u00e1 dinero, pero \u00e9l s\u00ed que cobra. Incluso alg\u00fan caso se ha dado de que no contento con eso, le pide dinero a un empresario por adjudicarle un contrato o, simplemente, por pagarle lo que le deb\u00eda un organismo al empresario). Mas tarde, vuelven a asemejarse el profesional y el pol\u00edtico porque, a la hora de su actuaci\u00f3n, en muchas ocasiones, el primero nos deja empantanados pero, del segundo, lo que esperamos de \u00e9l que no es sino que no hunda mas al pa\u00eds y, como dec\u00eda el inv\u00e1lido cuando se despe\u00f1aba por el barranco en su silla de ruedas, que nos deje como estamos, lo habitual es que haga buena una de las leyes de Murphy: <b><i>Si algo est\u00e1 mal, es muy posible que empeore<\/i><\/b>.<\/p>\n<p>O sea que el pol\u00edtico es el profesional que mas detractores tiene, con lo cual, lo que nos queda es el mote y el chascarrillo. El mote no se lo ponemos nosotros, se lo pone \u00e9l, pero se adorna de un lujo protocolario que no est\u00e1 al alcance de los otros profesionales, as\u00ed gusta de llamarse <b><i>se\u00f1or\u00eda<\/i><\/b>, o <b><i>excelencia<\/i><\/b>, o <b><i>ilustr\u00edsima<\/i><\/b> o algun otro.<\/p>\n<p>Pero es un chascarrillo popular el que, con ese gracejo que caracteriza al espa\u00f1ol, el que mejor supo resolver esta cuesti\u00f3n de los motes. Lo que les cuento, parece ser que le sucedi\u00f3 a un amigo un d\u00eda que deambulaba por los alrededores del Congreso de los Diputados de Madrid.<\/p>\n<p>Me dec\u00eda este amigo que ese d\u00eda estaba paseando por la Carrera de San Jer\u00f3nimo madrile\u00f1a cuando, al llegar a la altura del Palacio de las Cortes le llam\u00f3 la atenci\u00f3n un gran alboroto que proven\u00eda del interior del Congreso. Alguien, dentro, vociferaba <i>in crescendo: Ladr\u00f3n, sinverg\u00fcenza, chorizo, mequetrefe, mamarracho<\/i>&#8230; y otras lindezas semejantes. Extra\u00f1ado, se acerc\u00f3 a un ujier que se encontraba en la puerta echando un pitillo y le pregunt\u00f3: \u00bfQue sucede ah\u00ed dentro?. Y el ujier, encogi\u00e9ndose de hombros, le contest\u00f3: No pasa nada, solo est\u00e1n pasando lista.<\/p>\n<p align=\"right\"><i>Jos\u00e9 Ignacio Sanchez Rubio<\/i><\/p>\n<p align=\"right\"><i>Abogado y economista<\/i><\/p>\n<p align=\"right\"><i><a href=\"mailto:ignacio@rwall.es\">ignacio@rwall.es<\/a><\/i><\/p>\n","protected":false},"excerpt":{"rendered":"<p>Art\u00edculo publicado en Lancelot Digital el 21 de octubre de 2.011 El pol\u00edtico Cada profesi\u00f3n tiene sus detractores y sus chascarrillos, al igual que suele ponerse un mote a sus profesionales. Detractores, en cuanto es humano pensar que si caemos &hellip; <a href=\"https:\/\/sanchezrubio.eu\/?page_id=115\">Sigue leyendo <span class=\"meta-nav\">&rarr;<\/span><\/a><\/p>\n","protected":false},"author":1,"featured_media":0,"parent":97,"menu_order":4,"comment_status":"open","ping_status":"open","template":"","meta":{"_bbp_topic_count":0,"_bbp_reply_count":0,"_bbp_total_topic_count":0,"_bbp_total_reply_count":0,"_bbp_voice_count":0,"_bbp_anonymous_reply_count":0,"_bbp_topic_count_hidden":0,"_bbp_reply_count_hidden":0,"_bbp_forum_subforum_count":0,"footnotes":""},"class_list":["post-115","page","type-page","status-publish","hentry"],"_links":{"self":[{"href":"https:\/\/sanchezrubio.eu\/index.php?rest_route=\/wp\/v2\/pages\/115","targetHints":{"allow":["GET"]}}],"collection":[{"href":"https:\/\/sanchezrubio.eu\/index.php?rest_route=\/wp\/v2\/pages"}],"about":[{"href":"https:\/\/sanchezrubio.eu\/index.php?rest_route=\/wp\/v2\/types\/page"}],"author":[{"embeddable":true,"href":"https:\/\/sanchezrubio.eu\/index.php?rest_route=\/wp\/v2\/users\/1"}],"replies":[{"embeddable":true,"href":"https:\/\/sanchezrubio.eu\/index.php?rest_route=%2Fwp%2Fv2%2Fcomments&post=115"}],"version-history":[{"count":2,"href":"https:\/\/sanchezrubio.eu\/index.php?rest_route=\/wp\/v2\/pages\/115\/revisions"}],"predecessor-version":[{"id":117,"href":"https:\/\/sanchezrubio.eu\/index.php?rest_route=\/wp\/v2\/pages\/115\/revisions\/117"}],"up":[{"embeddable":true,"href":"https:\/\/sanchezrubio.eu\/index.php?rest_route=\/wp\/v2\/pages\/97"}],"wp:attachment":[{"href":"https:\/\/sanchezrubio.eu\/index.php?rest_route=%2Fwp%2Fv2%2Fmedia&parent=115"}],"curies":[{"name":"wp","href":"https:\/\/api.w.org\/{rel}","templated":true}]}}