{"id":119,"date":"2014-04-05T20:27:49","date_gmt":"2014-04-05T20:27:49","guid":{"rendered":"http:\/\/sanchezrubio.eu\/?page_id=119"},"modified":"2014-04-05T20:28:48","modified_gmt":"2014-04-05T20:28:48","slug":"socialista-en-cierto-modo","status":"publish","type":"page","link":"https:\/\/sanchezrubio.eu\/?page_id=119","title":{"rendered":"&#8230; \u00bfSocialista?. En cierto modo"},"content":{"rendered":"<div class=\"shariff\" data-title=\"&#8230; \u00bfSocialista?. En cierto modo\" data-info-url=\"http:\/\/ct.de\/-2467514\" data-backend-url=\"https:\/\/sanchezrubio.eu\/wp-content\/plugins\/shariff-sharing\/backend\/index.php\" data-temp=\"\/tmp\" data-ttl=\"60\" data-service=\"gftr\" data-services='[\"googleplus\",\"facebook\",\"twitter\",\"reddit\",\"info\"]' data-image=\"\" data-url=\"https:\/\/sanchezrubio.eu\/?page_id=119\" data-lang=\"es\" data-theme=\"colored\" data-orientation=\"horizontal\"><\/div><p><b>Art\u00edculo de opini\u00f3n publicado en Lancelot Digital el 11 de abril de 2.011<\/b> <a href=\"http:\/\/lancelotdigital.com\/opinion\/opinion-socialista-en-cierto-modo\" target=\"_blank\"><strong>(Pinche aqu\u00ed para ver publicaci\u00f3n)<\/strong><\/a><\/p>\n<p align=\"center\"><b>Socialista&#8230;, en cierto modo<\/b><\/p>\n<p>No cabe duda que nos encontramos en periodo preelectoral. Cr\u00e9anme que, ingenuo yo, cre\u00ed que esta vez, ante las pr\u00f3ximas generales, los partidos concurrentes cambiar\u00edan la estrategia.<\/p>\n<p>Despu\u00e9s del brote fugaz de indignaci\u00f3n que representaron aquellos pocos indignados que, en su momento inicial atrajeron la solidaridad y simpat\u00eda de buena parte de la ciudadan\u00eda, entre los que yo me encontraba, aquella pseudo-rebeld\u00eda se revel\u00f3 en el pan para hoy y hambre para ma\u00f1ana a que se redujo. Bueno y en las toneladas de basura que dejaron durante su estad\u00eda en la Puerta del Sol madrile\u00f1a, representativa, sin duda, de los valores que realmente abanderaban.<\/p>\n<p>Hoy, hemos vuelto a donde est\u00e1bamos. Al estancamiento, a mas de lo mismo, a esa especie de juego floral de promesas falaces y anacr\u00f3nicas.<\/p>\n<p>Y no me refiero solo a los socialistas encabezados por su inconfesado l\u00edder actual, cuyo verdadera posici\u00f3n dentro del partido todo el mundo ignora, que sigue adornando sus intervenciones con esa suerte de enga\u00f1o para ni\u00f1os que consiste en prometernos lo que mil veces anunciaron, otras mil incumplieron y que ocasiones tuvieron para haberlas puesto en pr\u00e1ctica si, como ahora han descubierto, son tan positivas para salir del marasmo.<\/p>\n<p>Me refiero tambi\u00e9n al resto de los partidos que, cual si de carta a los Reyes Magos se tratara, nos anuncian, con esa aparente ingenuidad con que se adornan, con cara de no haber roto nunca un plato, que ahora van a cambiar las cosas. Desenga\u00f1\u00e9monos, amigos y enemigos lectores, podr\u00e1n cambiar algunos nombres, pero el sistema permanece. Es como aquel postulado de Albert Einstein, relativo a la energ\u00eda, que predicaba de ella que ni se crea ni se destruye, solamente se transforma.<\/p>\n<p>Por ejemplo, si los populares anuncian que sobran 50 parlamentarios, los socialistas con su cl\u00e1sico y t\u00fa m\u00e1s, no solo se adhieren a la propuesta sino que adem\u00e1s incluyen la aniquilaci\u00f3n de las Diputaciones Provinciales (donde ellos apenas tienen representaci\u00f3n). Rajoy ha manifestado su intenci\u00f3n de establecer la cadena perpetua revisable, para determinado tipo de delitos y la mayor\u00eda de los socialistas (y de otras corrientes), se han lanzado a su yugular. Aqu\u00ed tengo que confesarles mi preocupaci\u00f3n porque yo tampoco estoy de acuerdo con esta pretensi\u00f3n de la derecha. Y mi preocupaci\u00f3n casi obsesiva no se debe a la inconveniencia o no de la medida, sino a la idea que lleva algunos d\u00edas rond\u00e1ndome la cabeza: <b><i>\u00bfNo ser\u00e1 que soy socialista?<\/i><\/b>. Aunque algo de eso debe haber, porque nadie que se acerca a mi en busca de ayuda se va de vac\u00edo, eso s\u00ed, con lo poco que tengo m\u00edo, no con lo de otros.<\/p>\n<p>Marcos, un lector que se confiesa seguidor impenitente de nuestro semanario, me ha enviado un par de correos, que no tenido tiempo de contestar (mis disculpas por ello), en los que aparte de ponerme de vuelta y media por las opiniones que transmito en mis escritos, con una buena dosis de sorna destila que yo ser\u00eda un buen pol\u00edtico porque soy como todos los de la derecha.<\/p>\n<p>Pues amigo Marcos, yerra Ud. en su diagnostico. Yo no tengo madera de pol\u00edtico actual. Me faltan las tragaderas que deben adornar a un pol\u00edtico para poder supervivir en esa jungla de navajeros. Yo en la pol\u00edtica durar\u00eda menos que, como suele decirse, un caramelo en la puerta de un colegio. O me ir\u00eda o me echar\u00edan por poner en peligro el sistema imperante basado en el nepotismo. A mi me atraen mas las teor\u00edas de Saint-Simon y, cr\u00e9ame Marcos, me meter\u00eda en pol\u00edtica si tuviera dinero para vivir sin cobrar de la pol\u00edtica. Por eso pienso que los pol\u00edticos s\u00ed deben ser remunerados por su gesti\u00f3n, pero un solo sueldo cada uno; nada de acumular cargos dedocr\u00e1ticos y sus correspondientes estipendios. \u00bfVe Ud.?, otro punto de coincidencia con Rubalcaba, que ahora ha ca\u00eddo en la cuenta de que cada pol\u00edtico debe cobrar un solo sueldo. Y como para ejemplo basta un bot\u00f3n, propongo la siguiente muestra: Leire Paj\u00edn, actual Ministra de Sanidad por la gracia de Dios, a comienzos de 2.009 percib\u00eda cerca de 20.000 euros mensuales de los tres sueldos por sus cargos de Secretaria de Organizaci\u00f3n del PSOE (6.000 \u20ac), Ex-Secretaria de Cooperaci\u00f3n Internacional (7.500 \u20ac) y Senadora por Valencia (5.000 \u20ac), mas las correspondientes dietas; faltar\u00eda mas que encima tuviera que pagarse de su bolsillo los gastos de su gesti\u00f3n. Hoy, en 2.011 y con la que est\u00e1 cayendo, seg\u00fan se ha publicado reiteradamente, estos importes, entre los que no se encuentran las dietas y otras prebendas por importe de 3.600 \u20ac., se habr\u00edan visto incrementados en otros 6.566 \u20ac. mensuales por sus esfuerzos al frente del Ministerio de Sanidad. Sumen Ud.; a mi me salen mas de 28.500 euros mensuales.<\/p>\n<p>Desde luego, as\u00ed da gusto prometer.<\/p>\n<p>&nbsp;<\/p>\n<p align=\"right\"><i>Jos\u00e9 Ignacio Sanchez Rubio<\/i><\/p>\n<p align=\"right\"><i>Abogado y economista<\/i><\/p>\n<p align=\"right\"><i><a href=\"mailto:ignacio@rwall.es\">ignacio@rwall.es<\/a><\/i><\/p>\n","protected":false},"excerpt":{"rendered":"<p>Art\u00edculo de opini\u00f3n publicado en Lancelot Digital el 11 de abril de 2.011 (Pinche aqu\u00ed para ver publicaci\u00f3n) Socialista&#8230;, en cierto modo No cabe duda que nos encontramos en periodo preelectoral. Cr\u00e9anme que, ingenuo yo, cre\u00ed que esta vez, ante &hellip; <a href=\"https:\/\/sanchezrubio.eu\/?page_id=119\">Sigue leyendo <span class=\"meta-nav\">&rarr;<\/span><\/a><\/p>\n","protected":false},"author":1,"featured_media":0,"parent":97,"menu_order":5,"comment_status":"open","ping_status":"open","template":"","meta":{"_bbp_topic_count":0,"_bbp_reply_count":0,"_bbp_total_topic_count":0,"_bbp_total_reply_count":0,"_bbp_voice_count":0,"_bbp_anonymous_reply_count":0,"_bbp_topic_count_hidden":0,"_bbp_reply_count_hidden":0,"_bbp_forum_subforum_count":0,"footnotes":""},"class_list":["post-119","page","type-page","status-publish","hentry"],"_links":{"self":[{"href":"https:\/\/sanchezrubio.eu\/index.php?rest_route=\/wp\/v2\/pages\/119","targetHints":{"allow":["GET"]}}],"collection":[{"href":"https:\/\/sanchezrubio.eu\/index.php?rest_route=\/wp\/v2\/pages"}],"about":[{"href":"https:\/\/sanchezrubio.eu\/index.php?rest_route=\/wp\/v2\/types\/page"}],"author":[{"embeddable":true,"href":"https:\/\/sanchezrubio.eu\/index.php?rest_route=\/wp\/v2\/users\/1"}],"replies":[{"embeddable":true,"href":"https:\/\/sanchezrubio.eu\/index.php?rest_route=%2Fwp%2Fv2%2Fcomments&post=119"}],"version-history":[{"count":2,"href":"https:\/\/sanchezrubio.eu\/index.php?rest_route=\/wp\/v2\/pages\/119\/revisions"}],"predecessor-version":[{"id":121,"href":"https:\/\/sanchezrubio.eu\/index.php?rest_route=\/wp\/v2\/pages\/119\/revisions\/121"}],"up":[{"embeddable":true,"href":"https:\/\/sanchezrubio.eu\/index.php?rest_route=\/wp\/v2\/pages\/97"}],"wp:attachment":[{"href":"https:\/\/sanchezrubio.eu\/index.php?rest_route=%2Fwp%2Fv2%2Fmedia&parent=119"}],"curies":[{"name":"wp","href":"https:\/\/api.w.org\/{rel}","templated":true}]}}