{"id":123,"date":"2014-04-06T06:14:19","date_gmt":"2014-04-06T06:14:19","guid":{"rendered":"http:\/\/sanchezrubio.eu\/?page_id=123"},"modified":"2014-04-06T06:16:47","modified_gmt":"2014-04-06T06:16:47","slug":"la-partitocracia","status":"publish","type":"page","link":"https:\/\/sanchezrubio.eu\/?page_id=123","title":{"rendered":"La partitocracia"},"content":{"rendered":"<div class=\"shariff\" data-title=\"La partitocracia\" data-info-url=\"http:\/\/ct.de\/-2467514\" data-backend-url=\"https:\/\/sanchezrubio.eu\/wp-content\/plugins\/shariff-sharing\/backend\/index.php\" data-temp=\"\/tmp\" data-ttl=\"60\" data-service=\"gftr\" data-services='[\"googleplus\",\"facebook\",\"twitter\",\"reddit\",\"info\"]' data-image=\"\" data-url=\"https:\/\/sanchezrubio.eu\/?page_id=123\" data-lang=\"es\" data-theme=\"colored\" data-orientation=\"horizontal\"><\/div><p style=\"text-align: left;\" align=\"center\"><b>Art\u00edculo de opini\u00f3n publicado en Lancelot Digital el 15 de marzo de 2.13 <\/b><a href=\"http:\/\/www.lancelotdigital.com\/opinion\/opinion-la-partitocracia\" target=\"_blank\"><strong>(Pinche aqu\u00ed para ver publicaci\u00f3n)<\/strong><\/a><\/p>\n<p align=\"center\"><b>La partitocracia<\/b><\/p>\n<p>\u00a013 de marzo de 2.013<\/p>\n<p>Ni nos enga\u00f1emos nosotros mismos, ni nos dejemos embaucar por cantos de sirena. Si queremos salir de esta crisis, que parece eterna, hemos de empezar por determinar cual es la causa de la crisis econ\u00f3mica que vivimos en este mal llamado Reino de Espa\u00f1a, denominaci\u00f3n que, con su permiso, le he copiado a Don Antonio Coll.<\/p>\n<p>Y, evidentemente, hemos de dejar sentado que no es solo una, sino que son diversas las causas que confluyen para que nos mantengamos en esta fosa permanente que las magnitudes y ratios, que peri\u00f3dicamente se publican, parecen ahondar sin l\u00edmite. Hasta tal punto la sociedad espa\u00f1ola ha asumido ya que esto no tiene fin, que parecemos haber llegado a la insensibilizaci\u00f3n y ya todo nos da igual. Esta situaci\u00f3n viene a confirmar aquella conocida an\u00e9cdota del pol\u00edtico que, preguntado por la situaci\u00f3n econ\u00f3mica, contest\u00f3: <b><i>\u201cBueno, ya hemos llegado al fondo, ahora solo nos queda escarbar\u201d<\/i><\/b>.<\/p>\n<p>Como digo, hasta que no terminemos con aquella cantinela de echarle la culpa de nuestras cuitas a los dem\u00e1s y dejemos de pla\u00f1ir por nuestra mala suerte, no podremos hacer otra cosa que seguir escarbando hasta la ant\u00edpoda. Mientras no salgamos del enga\u00f1o que inici\u00f3 ZParo, que nunca comprendi\u00f3 ni, evidentemente, nos transmiti\u00f3 nuestro asentamiento en la crisis, nunca podremos comprender que de esto no se sale con optimismo forzado, \u00fanica soluci\u00f3n que se le conoce al glorioso estadista socialista, al que Dios tenga en su gloria contando nubes, que es lo que parece ser su autentica vocaci\u00f3n.<\/p>\n<p>Pues bien amigos, yo les voy a dar mi opini\u00f3n, que he contrastado con muchas otras. A mi juicio, la raz\u00f3n poderosa de la crisis econ\u00f3mica es el agotamiento de nuestro sistema pol\u00edtico. Para entendernos con un s\u00edmil, es como si hubi\u00e9ramos cogido nuestra antigua Vespino y hubi\u00e9ramos empezado a a\u00f1adirle elementos, hasta alcanzar un peso de 5.000 Kilos, no le hubi\u00e9ramos tocado el motor, y pretendi\u00e9ramos que caminara.<\/p>\n<p>Nuestro sistema pol\u00edtico, se basa en la partitocracia, es decir, en el gobierno de los partidos. Es decir, aquellos que pretenden dedicarse a la pol\u00edtica, se afilian a un partido o, si no est\u00e1n de acuerdo con ninguno, se inventan uno nuevo, lo registran&#8230; y ya est\u00e1.<\/p>\n<p>Hasta aqu\u00ed no habr\u00eda problema alguno, si los partidos pol\u00edticos estuvieran sometidos al imperio de la Ley, y los pol\u00edticos tramposos tuvieran como retribuci\u00f3n a sus apa\u00f1os la expulsi\u00f3n eterna del partido y la inhabilitaci\u00f3n para el sufragio pasivo.<\/p>\n<p>Pero pasa que cuando una persona, normal hasta entonces, se decide a entrar en pol\u00edtica, salvo honrosas excepciones (que alguna habr\u00e1), lo hace para eternizarse en la funci\u00f3n y convertirla en su <i>modus vivendi<\/i>. En estas circunstancias, al pol\u00edtico le tiene sin cuidado el ideario del partido que elige y est\u00e1 siempre dispuesto a cambiar de equipo, si con ello consolida su estatus de permanente succionador de la teta presupuestaria.<\/p>\n<p>Por esto, amigos m\u00edos, deseng\u00e1\u00f1ense Uds.; de esta crisis no saldremos nunca, todo lo mas, nos habituaremos a vivir en ella, al igual que los tocados por el s\u00edndrome de Di\u00f3genes, se acostumbran a vivir entre la porquer\u00eda y no sienten molestia alguna.<\/p>\n<p>F\u00edjense que nos han anunciado la salida de la crisis en muchas ocasiones, \u00bfy donde seguimos?. Empez\u00f3 con aquello de los brotes verdes y, a estas alturas, muchos pronostican que se encontrar\u00e1 el punto de inflexi\u00f3n entre 2.016 y 2.020, que es como vaticinar al estilo diplom\u00e1tico de aquel, a quien preguntaban su opini\u00f3n sobre lo que iba a suceder en determinado acontecimiento, y contestaba que: <b><i>\u201cLo mas seguro, es que ya veremos&#8230;\u201d<\/i><\/b><\/p>\n<p>Por eso creo que nuestra soluci\u00f3n est\u00e1 en cambiar de sistema. F\u00edjense lo que sucede en futbol: Cuando cambian de entrenador, generalmente, empiezan a ganar partidos. Yo aqu\u00ed no hablo de cambiar de entrenador, porque ya lo hemos hecho muchas veces y terminamos en mas de lo mismo. Ni siquiera hablo de cambiar de directiva; \u00bfpara que, para hacer bueno el refr\u00e1n que dice: otro vendr\u00e1 que bueno te har\u00e1?.<\/p>\n<p>No amigos, yo hablo de cambiar las reglas del juego. Y mas de uno, dir\u00e1: Estoy de acuerdo, \u00bfpero por cuales?. Y esa es la cuesti\u00f3n, mientras no nos propongamos entre todos el abolir esto de la partitocracia, no habr\u00e1 forma de entender en que consiste esa tonter\u00eda del estado del bienestar. Y eso s\u00ed, ojito si nos ponemos a cambiar de f\u00f3rmula de gobernanza, porque ah\u00ed estar\u00e1n muchos pol\u00edticos actuales que, simplemente intentar\u00e1n cambiar de camisa.<\/p>\n<p>Servidor de Uds.<\/p>\n<p>&nbsp;<\/p>\n<p align=\"right\"><i>Jos\u00e9 Ignacio S\u00e1nchez Rubio<\/i><\/p>\n<p align=\"right\"><i>Abogado y economista.<\/i><\/p>\n<p align=\"right\"><i><a href=\"mailto:ignacio@rwall.es\">ignacio@rwall.es<\/a><\/i><\/p>\n","protected":false},"excerpt":{"rendered":"<p>Art\u00edculo de opini\u00f3n publicado en Lancelot Digital el 15 de marzo de 2.13 (Pinche aqu\u00ed para ver publicaci\u00f3n) La partitocracia \u00a013 de marzo de 2.013 Ni nos enga\u00f1emos nosotros mismos, ni nos dejemos embaucar por cantos de sirena. Si queremos &hellip; <a href=\"https:\/\/sanchezrubio.eu\/?page_id=123\">Sigue leyendo <span class=\"meta-nav\">&rarr;<\/span><\/a><\/p>\n","protected":false},"author":1,"featured_media":0,"parent":97,"menu_order":6,"comment_status":"open","ping_status":"open","template":"","meta":{"_bbp_topic_count":0,"_bbp_reply_count":0,"_bbp_total_topic_count":0,"_bbp_total_reply_count":0,"_bbp_voice_count":0,"_bbp_anonymous_reply_count":0,"_bbp_topic_count_hidden":0,"_bbp_reply_count_hidden":0,"_bbp_forum_subforum_count":0,"footnotes":""},"class_list":["post-123","page","type-page","status-publish","hentry"],"_links":{"self":[{"href":"https:\/\/sanchezrubio.eu\/index.php?rest_route=\/wp\/v2\/pages\/123","targetHints":{"allow":["GET"]}}],"collection":[{"href":"https:\/\/sanchezrubio.eu\/index.php?rest_route=\/wp\/v2\/pages"}],"about":[{"href":"https:\/\/sanchezrubio.eu\/index.php?rest_route=\/wp\/v2\/types\/page"}],"author":[{"embeddable":true,"href":"https:\/\/sanchezrubio.eu\/index.php?rest_route=\/wp\/v2\/users\/1"}],"replies":[{"embeddable":true,"href":"https:\/\/sanchezrubio.eu\/index.php?rest_route=%2Fwp%2Fv2%2Fcomments&post=123"}],"version-history":[{"count":3,"href":"https:\/\/sanchezrubio.eu\/index.php?rest_route=\/wp\/v2\/pages\/123\/revisions"}],"predecessor-version":[{"id":126,"href":"https:\/\/sanchezrubio.eu\/index.php?rest_route=\/wp\/v2\/pages\/123\/revisions\/126"}],"up":[{"embeddable":true,"href":"https:\/\/sanchezrubio.eu\/index.php?rest_route=\/wp\/v2\/pages\/97"}],"wp:attachment":[{"href":"https:\/\/sanchezrubio.eu\/index.php?rest_route=%2Fwp%2Fv2%2Fmedia&parent=123"}],"curies":[{"name":"wp","href":"https:\/\/api.w.org\/{rel}","templated":true}]}}