{"id":127,"date":"2014-04-09T13:48:26","date_gmt":"2014-04-09T11:48:26","guid":{"rendered":"http:\/\/sanchezrubio.eu\/?page_id=127"},"modified":"2014-04-09T13:48:26","modified_gmt":"2014-04-09T11:48:26","slug":"la-eureta","status":"publish","type":"page","link":"https:\/\/sanchezrubio.eu\/?page_id=127","title":{"rendered":"La Eureta"},"content":{"rendered":"<div class=\"shariff\" data-title=\"La Eureta\" data-info-url=\"http:\/\/ct.de\/-2467514\" data-backend-url=\"https:\/\/sanchezrubio.eu\/wp-content\/plugins\/shariff-sharing\/backend\/index.php\" data-temp=\"\/tmp\" data-ttl=\"60\" data-service=\"gftr\" data-services='[\"googleplus\",\"facebook\",\"twitter\",\"reddit\",\"info\"]' data-image=\"\" data-url=\"https:\/\/sanchezrubio.eu\/?page_id=127\" data-lang=\"es\" data-theme=\"colored\" data-orientation=\"horizontal\"><\/div><p><b>Art\u00edculo de opini\u00f3n publicado en Lancelot Digital el 25 de mayo de 2.012.<\/b><\/p>\n<p align=\"center\"><b>La Eureta<\/b><\/p>\n<p>22 de mayo de 2.012<\/p>\n<p>Si hace unas semanas titulaba esta p\u00e1gina \u201c<b><i>la nueva peseta<\/i><\/b>\u201d hoy, con el permiso de Uds. voy a profundizar en la realidad y, no se lo cuenten a nadie, pero tengo la soluci\u00f3n a todos nuestros problemas.<\/p>\n<p>Se que la cosa no est\u00e1 para bromas y que puede parecer chusco o zafio tontear con las cosas de comer, pero la realidad es que seguimos hundi\u00e9ndonos cada vez mas, con el consentimiento de nuestros vecinos del Euro. Porque a ellos no les importa demasiado lo que nos pase a nosotros; bien mirado, todo lo que nos beneficie, les perjudica a ellos, y a la inversa.<\/p>\n<p>Si, amigos todos. Lo \u00fanico que les preocupa a nuestros vecinos del euro, de verdad, es que no podamos pagar. Es lo mismo que le sucede a cualquier empresa que, ante la insolvencia de cualquier cliente, no sabe muy bien que es lo peor, si que no le paguen o que dejen de comprarle.<\/p>\n<p>Por eso, con el permiso de Uds., y un poco en serio y otro poco en broma, quiero contarles mi soluci\u00f3n.<\/p>\n<p>Pero antes, los presupuestos de hecho, como decimos los abogados. Y el primer hecho es que no circula el dinero. \u00bfY por qu\u00e9 no circula?, nos preguntamos todos. Hay quien dice que es porque a la banca no le interesa, porque la banca es de derechas y, ya se sabe, la derecha es avara y perversa (esto es lo que dicen). Otros le echan la culpa al Partido Popular (que es el que, seg\u00fan estos, tiene siempre la culpa de todo). Yo creo que hay un motivo mas sencillo: que se han gastado su dinero, y el de los impositores, en comprar deuda p\u00fablica y en prestarlo a partidos pol\u00edticos y adl\u00e1teres, perdon\u00e1ndoselo luego, porque era lo pol\u00edticamente correcto.<\/p>\n<p>Y, si no tienen dinero, \u00bfcomo se lo van a prestar a los empresarios que son esos seres abyectos gracias a los cuales seguimos viviendo?. Y si los empresarios no tienen el apoyo bancario, \u00bfque les queda?.<\/p>\n<p>En los \u00faltimos tres a\u00f1os, se han cerrado en Espa\u00f1a mas de 300.000 empresas, y eso sin contar con las que no han cerrado pero est\u00e1n en situaci\u00f3n concursal, que no es otra cosa que el que no pueden pagar sus deudas.<\/p>\n<p>Y yo me pregunto: \u00bfQue hay de malo en reconocer la realidad?. Por otra parte, la realidad ya se est\u00e1 reconociendo y los gobernantes no hacen otra cosa que apretarse el cintur\u00f3n pero, cuando ya no quede mas que recortar, \u00bfque haremos?.<\/p>\n<p>Por eso yo les vendo la soluci\u00f3n. No pretendo hacerme rico en poco tiempo como predicaban los socialistas no hace tanto cuando dec\u00edan que este es el pa\u00eds en que uno puede hacerse rico en el menor tiempo. La soluci\u00f3n que les apunto es gratuita y, es posible que no nos quede mucho tiempo para adoptarla.<\/p>\n<p>Esta soluci\u00f3n es la EURETA. Y aqu\u00ed si que hay un poco de cuchufleta, para no desperdiciar la rima.<\/p>\n<p>La EURETA, a pesar de la terminaci\u00f3n, nada tiene que ver con esa banda de asesinos indeseables. Es, simplemente, la contracci\u00f3n de dos vocablos: Euro, o Europa, y pesetas.<\/p>\n<p>En mi soluci\u00f3n, nuestro gobierno adoptar\u00eda la EURETA como moneda nacional. Inicialmente, Ud. podr\u00eda cambiar sus Euros por EURETAS y le dar\u00edan 1,66 EURETAS por cada Euro, que ser\u00eda la relaci\u00f3n inicial de cambio para todo aquel que quisiera cambiar EURETAS por Euros. Los D\u00f3lares USA se cambiar\u00edan por 1,31 EURETAS y las libras esterlinas por 2,06 EURETAS.<\/p>\n<p>A partir de aqu\u00ed, a empezar la remontada. Si Ud., por ejemplo es mileurista, empezar\u00eda a cobrar 1.660 EURETAS y todo seguir\u00eda cost\u00e1ndole, proporcionalmente, lo mismo. Acto seguido, el gobierno le quitar\u00eda las telara\u00f1as a la Casa de la Moneda y empezar\u00eda a fabricar mas EURETAS. Inicialmente, imprimir\u00eda 2 EURETAS por cada Euro cambiado y, al cabo de aproximadamente tres meses, los bancos se encontrar\u00edan en la necesidad de prestar dinero, como ha sucedido siempre. Adem\u00e1s, volver\u00edan como locos los alemanes, franceses e ingleses a comprar cosas y casas, porque les costar\u00eda un tercio menos (como ha sucedido siempre).<\/p>\n<p>Esta tontuna que les he contado, se llama devaluaci\u00f3n; es una de las principales armas que tienen los gobiernos para combatir las crisis econ\u00f3micas de distinto pelaje, pero no podemos utilizarla por la simple raz\u00f3n de que, en esto de la soberan\u00eda, hemos entregado nuestras armas.<\/p>\n<p>Al rev\u00e9s que ETA.<\/p>\n<p>&nbsp;<\/p>\n<p align=\"right\"><i>Jos\u00e9 Ignacio S\u00e1nchez Rubio<\/i><\/p>\n<p align=\"right\"><i>Abogado y economista<\/i><\/p>\n<p align=\"right\"><i>ignacio@rwall.es<\/i><\/p>\n","protected":false},"excerpt":{"rendered":"<p>Art\u00edculo de opini\u00f3n publicado en Lancelot Digital el 25 de mayo de 2.012. La Eureta 22 de mayo de 2.012 Si hace unas semanas titulaba esta p\u00e1gina \u201cla nueva peseta\u201d hoy, con el permiso de Uds. voy a profundizar en &hellip; <a href=\"https:\/\/sanchezrubio.eu\/?page_id=127\">Sigue leyendo <span class=\"meta-nav\">&rarr;<\/span><\/a><\/p>\n","protected":false},"author":1,"featured_media":0,"parent":97,"menu_order":7,"comment_status":"open","ping_status":"open","template":"","meta":{"_bbp_topic_count":0,"_bbp_reply_count":0,"_bbp_total_topic_count":0,"_bbp_total_reply_count":0,"_bbp_voice_count":0,"_bbp_anonymous_reply_count":0,"_bbp_topic_count_hidden":0,"_bbp_reply_count_hidden":0,"_bbp_forum_subforum_count":0,"footnotes":""},"class_list":["post-127","page","type-page","status-publish","hentry"],"_links":{"self":[{"href":"https:\/\/sanchezrubio.eu\/index.php?rest_route=\/wp\/v2\/pages\/127","targetHints":{"allow":["GET"]}}],"collection":[{"href":"https:\/\/sanchezrubio.eu\/index.php?rest_route=\/wp\/v2\/pages"}],"about":[{"href":"https:\/\/sanchezrubio.eu\/index.php?rest_route=\/wp\/v2\/types\/page"}],"author":[{"embeddable":true,"href":"https:\/\/sanchezrubio.eu\/index.php?rest_route=\/wp\/v2\/users\/1"}],"replies":[{"embeddable":true,"href":"https:\/\/sanchezrubio.eu\/index.php?rest_route=%2Fwp%2Fv2%2Fcomments&post=127"}],"version-history":[{"count":3,"href":"https:\/\/sanchezrubio.eu\/index.php?rest_route=\/wp\/v2\/pages\/127\/revisions"}],"predecessor-version":[{"id":130,"href":"https:\/\/sanchezrubio.eu\/index.php?rest_route=\/wp\/v2\/pages\/127\/revisions\/130"}],"up":[{"embeddable":true,"href":"https:\/\/sanchezrubio.eu\/index.php?rest_route=\/wp\/v2\/pages\/97"}],"wp:attachment":[{"href":"https:\/\/sanchezrubio.eu\/index.php?rest_route=%2Fwp%2Fv2%2Fmedia&parent=127"}],"curies":[{"name":"wp","href":"https:\/\/api.w.org\/{rel}","templated":true}]}}