{"id":131,"date":"2014-04-10T09:41:51","date_gmt":"2014-04-10T07:41:51","guid":{"rendered":"http:\/\/sanchezrubio.eu\/?page_id=131"},"modified":"2014-04-10T09:41:51","modified_gmt":"2014-04-10T07:41:51","slug":"carta-a-rajoy","status":"publish","type":"page","link":"https:\/\/sanchezrubio.eu\/?page_id=131","title":{"rendered":"Carta a Rajoy"},"content":{"rendered":"<div class=\"shariff\" data-title=\"Carta a Rajoy\" data-info-url=\"http:\/\/ct.de\/-2467514\" data-backend-url=\"https:\/\/sanchezrubio.eu\/wp-content\/plugins\/shariff-sharing\/backend\/index.php\" data-temp=\"\/tmp\" data-ttl=\"60\" data-service=\"gftr\" data-services='[\"googleplus\",\"facebook\",\"twitter\",\"reddit\",\"info\"]' data-image=\"\" data-url=\"https:\/\/sanchezrubio.eu\/?page_id=131\" data-lang=\"es\" data-theme=\"colored\" data-orientation=\"horizontal\"><\/div><p><b>Art\u00edculo de opini\u00f3n publicado en Lancelot Digital el\u00a021 de abril de 2.011<\/b> <a href=\"http:\/\/lancelotdigital.com\/opinion\/opinion-carta-a-rajoy\" target=\"_blank\"><strong>(Pinche aqu\u00ed para ver publicaci\u00f3n)<\/strong><\/a><\/p>\n<p align=\"center\"><b>Carta a Rajoy<\/b><\/p>\n<p>14 de abril de 2.012<\/p>\n<p>Mi estimado Don Mariano:<\/p>\n<p>Ya se que mi voto es modesto, porque solo es un voto. Uno de los millones que le dio a Ud. la mayor\u00eda absoluta en el Congreso de los Diputados y otra mayor\u00eda, aun mas elevada, en el Senado.<\/p>\n<p>Don Mariano, ya se que solo soy uno de los miles de espa\u00f1oles que estuvo saltando de alegr\u00eda, la noche del 22 de noviembre del a\u00f1o pasado, en la calle G\u00e9nova de Madrid; de hecho, no creo que Ud. me viera. Ebrio de triunfo como yo le vi aquella noche, no creo que se apercibiera de la ilusi\u00f3n que yo ten\u00eda porque al fin saldr\u00edamos del negro t\u00fanel en que nos hab\u00edan metido otros que tambi\u00e9n dicen que son espa\u00f1oles.<\/p>\n<p>Y desde aquella noche solo han pasado algo menos de cinco meses y apenas 100 d\u00edas desde que asumi\u00f3 Ud. la Presidencia del Gobierno. Don Mariano, yo aquella noche del 22N estaba ilusionado y la misma esperanza ve\u00eda en los rostros de todos los que me rodeaban.<\/p>\n<p>Pero el tiempo va pasando y empiezo a sentir la sensaci\u00f3n de que mi ilusi\u00f3n era infundada. Todo empez\u00f3 cuando vi que la primera medida que Ud. tomaba era la de subir el IRPF. Claro que a todos nos joroba pagar impuestos, pero no era esa la causa de mi disgusto. Mas bien lo achaco a que creo que de esta hemos de salir bajando los impuestos, aunque parezca parad\u00f3jico. Y adem\u00e1s, lo que Ud. anunciaba en la campa\u00f1a electoral es que los iba a bajar. Pero algunos miembros de su gabinete nos explicaron que esto estaba mucho peor de lo que nos hab\u00edan dicho los socialistas y que no quedaba mas remedio que aumentar los impuestos directos. Y digo algunos miembros de su gobierno, porque la verdad es que Ud. explica mas bien poco. Bien, ante estas explicaciones, lo entend\u00ed.<\/p>\n<p>Pero es que luego vinieron las reformas del mercado laboral y, ciertamente, sent\u00ed una nueva desilusi\u00f3n porque, en mi humilde opini\u00f3n, se quedaban cortas. Pero bueno, mas vale p\u00e1jaro en mano que ciento volando.<\/p>\n<p>Luego llegaron los presupuestos que con tanta ilusi\u00f3n esper\u00e1bamos. Y aqu\u00ed ya empec\u00e9 a perder la fe en Ud. porque, aunque en eso ando sobrado, no me cuadraba que, b\u00e1sicamente, siga Ud. sin aplicar una buena dieta al estado, para que adelgace al nivel de la situaci\u00f3n que padecemos.<\/p>\n<p>Hace unos pocos d\u00edas, cuando la Presidenta de la Comunidad de Madrid le sugiri\u00f3 medidas para reducir el coste de las Autonom\u00edas, Ud., ya abiertamente, dijo que ese tema ni tocarlo.<\/p>\n<p>Pero ya, el colmo de mi asombro lleg\u00f3 la semana pasada, cuando por boca del Ministro de Hacienda nos enteramos del proyecto de Ley que Ud. prepara, para combatir el fraude fiscal.<\/p>\n<p>Mire Don Mariano, yo siempre cre\u00ed que la demagogia y la falta de libertades eran patrimonio exclusivo de la izquierda; de esa izquierda que nos ha llevado al centro; al centro del abismo. Y empiezo a creer que, cuando Ud. dec\u00eda en la campa\u00f1a electoral que ten\u00eda la soluci\u00f3n a la salida de la crisis, y que si gobernaba pondr\u00eda en marcha medidas en ese sentido, estaba pensando que \u00e9ramos los peatones los que ten\u00edamos la culpa de la crisis. Porque si no, no me lo explico. Mire, entre esas medidas de lucha contra el fraude, la primera que se le ha ocurrido es que no se pueda pagar en efectivo, y obviamente cobrar, mas de 2.500 \u20ac. Francamente, no s\u00e9 si por las tiendas y bares a los que Ud. va, es usual realizar compras o consumiciones de esos importes. Hasta ahora cre\u00ed que eso se reservaba a las mariscadas de algunos socialistas o a las comidas del juez Garz\u00f3n en Nueva York. Yo desde luego, como abogado, estar\u00eda encantado que me pagaran minutas de esos importes. Luego, nos dicen que habr\u00e1 que informar de las cuentas que uno tenga en el extranjero. Pero \u00bfes que no le han dicho sus asesores que eso ya existe para todos los contribuyentes por obligaci\u00f3n real?. Adem\u00e1s esas medidas siguen, con otra no menos arbitraria. Nos amenaza Ud. con que antes de que nos env\u00eden la archiconocida Liquidaci\u00f3n Paralela, podr\u00e1n embargarnos nuestros bienes (al que los tenga), para evitar que pueda levantarlos. \u00bfDonde queda para Ud. la presunci\u00f3n de inocencia?. Y, por si esto fuera poco, si alguno de nosotros tiene una vivienda a nombre de una sociedad suya, y la est\u00e1 utilizando para su uso personal, podr\u00e1n embargarle las acciones de esa sociedad. Pero ya el colmo es que nos diga que los beneficios que no se declaren podr\u00e1 incorporarlos la Agencia Tributaria a un acta, sin que el transcurso del tiempo lo evite. Vamos, que se acabaron la prescripci\u00f3n y el principio de seguridad jur\u00eddica. Y estas son solo algunas de sus brillantes medidas.<\/p>\n<p>Mire Don Mariano, la sensaci\u00f3n que estoy empezando a sentir es la de que hemos salido de la sart\u00e9n para caer en el fuego. Que es lo que se dice en estos casos.<i>\u00a0<\/i><\/p>\n<p align=\"right\"><i>Jos\u00e9 Ignacio S\u00e1nchez Rubio<\/i><\/p>\n<p align=\"right\"><i>Abogado y economista<\/i><\/p>\n<p align=\"right\"><i>ignacio@rwall.es<\/i><\/p>\n","protected":false},"excerpt":{"rendered":"<p>Art\u00edculo de opini\u00f3n publicado en Lancelot Digital el\u00a021 de abril de 2.011 (Pinche aqu\u00ed para ver publicaci\u00f3n) Carta a Rajoy 14 de abril de 2.012 Mi estimado Don Mariano: Ya se que mi voto es modesto, porque solo es un &hellip; <a href=\"https:\/\/sanchezrubio.eu\/?page_id=131\">Sigue leyendo <span class=\"meta-nav\">&rarr;<\/span><\/a><\/p>\n","protected":false},"author":1,"featured_media":0,"parent":97,"menu_order":8,"comment_status":"open","ping_status":"open","template":"","meta":{"_bbp_topic_count":0,"_bbp_reply_count":0,"_bbp_total_topic_count":0,"_bbp_total_reply_count":0,"_bbp_voice_count":0,"_bbp_anonymous_reply_count":0,"_bbp_topic_count_hidden":0,"_bbp_reply_count_hidden":0,"_bbp_forum_subforum_count":0,"footnotes":""},"class_list":["post-131","page","type-page","status-publish","hentry"],"_links":{"self":[{"href":"https:\/\/sanchezrubio.eu\/index.php?rest_route=\/wp\/v2\/pages\/131","targetHints":{"allow":["GET"]}}],"collection":[{"href":"https:\/\/sanchezrubio.eu\/index.php?rest_route=\/wp\/v2\/pages"}],"about":[{"href":"https:\/\/sanchezrubio.eu\/index.php?rest_route=\/wp\/v2\/types\/page"}],"author":[{"embeddable":true,"href":"https:\/\/sanchezrubio.eu\/index.php?rest_route=\/wp\/v2\/users\/1"}],"replies":[{"embeddable":true,"href":"https:\/\/sanchezrubio.eu\/index.php?rest_route=%2Fwp%2Fv2%2Fcomments&post=131"}],"version-history":[{"count":2,"href":"https:\/\/sanchezrubio.eu\/index.php?rest_route=\/wp\/v2\/pages\/131\/revisions"}],"predecessor-version":[{"id":133,"href":"https:\/\/sanchezrubio.eu\/index.php?rest_route=\/wp\/v2\/pages\/131\/revisions\/133"}],"up":[{"embeddable":true,"href":"https:\/\/sanchezrubio.eu\/index.php?rest_route=\/wp\/v2\/pages\/97"}],"wp:attachment":[{"href":"https:\/\/sanchezrubio.eu\/index.php?rest_route=%2Fwp%2Fv2%2Fmedia&parent=131"}],"curies":[{"name":"wp","href":"https:\/\/api.w.org\/{rel}","templated":true}]}}