{"id":137,"date":"2014-04-13T22:08:10","date_gmt":"2014-04-13T20:08:10","guid":{"rendered":"http:\/\/sanchezrubio.eu\/?page_id=137"},"modified":"2014-04-13T22:08:10","modified_gmt":"2014-04-13T20:08:10","slug":"el-decalogo","status":"publish","type":"page","link":"https:\/\/sanchezrubio.eu\/?page_id=137","title":{"rendered":"El dec\u00e1logo"},"content":{"rendered":"<div class=\"shariff\" data-title=\"El dec\u00e1logo\" data-info-url=\"http:\/\/ct.de\/-2467514\" data-backend-url=\"https:\/\/sanchezrubio.eu\/wp-content\/plugins\/shariff-sharing\/backend\/index.php\" data-temp=\"\/tmp\" data-ttl=\"60\" data-service=\"gftr\" data-services='[\"googleplus\",\"facebook\",\"twitter\",\"reddit\",\"info\"]' data-image=\"\" data-url=\"https:\/\/sanchezrubio.eu\/?page_id=137\" data-lang=\"es\" data-theme=\"colored\" data-orientation=\"horizontal\"><\/div><p><b>Art\u00edculo de opini\u00f3n publicado en Lancelot Digital el\u00a019 de octubre\u00a0de 2.012<\/b> <a href=\"http:\/\/lancelotdigital.com\/opinion\/opinion-el-decalogo\" target=\"_blank\"><strong>(Pinche aqu\u00ed para ver publicaci\u00f3n)<\/strong><\/a><\/p>\n<p align=\"center\"><b>El dec\u00e1logo<\/b><\/p>\n<p>16 de octubre de 2.012<\/p>\n<p>Observando como van nuestro pa\u00eds y nuestras gentes, me ha venido a la memoria aquella canci\u00f3n, que seguro que recuerdan, que empezaba con la letra de \u201c<b><i>tres cosas hay en la vida, salud, dinero y amor; y el que tenga estas tres cosas, que le de gracias a Dios<\/i><\/b>\u201d.<\/p>\n<p>Y aunque son muchos los que opinan que el dinero no hace la felicidad, no es menos cierto que la mayor\u00eda de nosotros prefiere tenerlo. Esto lo traigo a colaci\u00f3n porque, \u00faltimamente, se esta polemizando mucho acerca de si somos un pa\u00eds pobre o un pa\u00eds rico; y sobre ello les voy a invitar a reflexionar.<\/p>\n<p>Antes de nada, estar\u00e1n Uds. de acuerdo en que lo que diferencia a un pa\u00eds pobre de uno rico, no es otra cosa que el nivel de vida medio que tienen sus ciudadanos. Y yo (y seguro que muchos de Uds.), me pregunto con frecuencia a que se debe el que un pa\u00eds sea rico o pobre. Y para buscar la respuesta, se me ha ocurrido buscar las causas por las que un pa\u00eds es rico o pobre<\/p>\n<p>La primera raz\u00f3n plausible es su antig\u00fcedad, porque si un pa\u00eds es muy antiguo, ha tenido mas tiempo para enriquecerse. Pero este motivo no pueden prosperar si miramos el globo terr\u00e1queo; los pa\u00edses mas antiguos como Egipto o India, son pobres mientras que pa\u00edses que ni siquiera se conoc\u00edan hace 150 a\u00f1os, como Australia o Nueva Zelanda, son ricos.<\/p>\n<p>Descartado ese primer motivo, se me ocurri\u00f3 pensar en los recursos naturales, pero tampoco esta parece ser la raz\u00f3n esencial de la riqueza de un pa\u00eds. Si nos fijamos en el Jap\u00f3n, que es la segunda potencia econ\u00f3mica mundial, veremos que es un pa\u00eds muy peque\u00f1o, pr\u00e1cticamente sin recursos naturales, con una tierra que no sirve para la agricultura ni la ganader\u00eda, pero que compra todas las materias primas que utiliza, las transforma y vende los productos en todo el mundo, acumulando riquezas. Otro caso a observar es el de Suiza, un peque\u00f1o pa\u00eds en el que se produce la mayor cantidad de excelente chocolate del mundo, sin producir cacao, o donde se cr\u00edan y explotan buena cantidad de ovejas y vacas, que producen las mejores leches del globo, cuando se encuentra cubierto por la nieve tres cuartas partes del a\u00f1o y que, adem\u00e1s, se ha convertido en la \u201c<i>caja fuerte<\/i>\u201d mundial, por su seriedad. Sin embargo, y a t\u00edtulo de ejemplo, Venezuela y Botswana producen una gran cantidad de petr\u00f3leo y diamantes, respectivamente, y son pa\u00edses pobres.<\/p>\n<p>\u00bfSer\u00e1 entonces la inteligencia de sus gentes, lo que hace rico a un pa\u00eds?. Tampoco la respuesta puede ser afirmativa, si comprobamos que la gente inteligente de los pa\u00edses pobres, no se mantiene en ellos y emigra para estudiar en pa\u00edses ricos, donde s\u00ed se les aprecia. Y cuando nos visitan altos ejecutivos de pa\u00edses ricos, vemos que no son mas inteligentes que nosotros.<\/p>\n<p>Y si ninguna de estas parece ser la raz\u00f3n de la riqueza de un pa\u00eds, \u00bfpodr\u00eda ser la raza el motivo que andamos buscando?. Pues tampoco debe ser este, si consideramos que en los pa\u00edses centro-europeos o n\u00f3rdicos, o en el propio Estados Unidos, la mayor parte de la fuerza productiva la tienen latinos y africanos, que son los que producen la riqueza.<\/p>\n<p>Al final, he considerado que son muchas las condiciones y que, en los pa\u00edses ricos se cumplen en su mayor\u00eda, a la inversa de lo que sucede en los pa\u00edses pobres. Todas estas reglas se pueden incardinar en el siguiente dec\u00e1logo: 1) La \u00e9tica como principio b\u00e1sico. 2) El orden y la limpieza. 3) La integridad. 4) La puntualidad. 5) La responsabilidad. 6) El deseo de superaci\u00f3n. 7) El respeto a las leyes. 8) El respeto a los derechos de los dem\u00e1s. 9) El amor al trabajo y 10) El esfuerzo por la econom\u00eda y acometimiento.<\/p>\n<p>Como digo, en los pa\u00edses ricos resulta generalizado el cumplimiento de estas reglas, mientras que en los pobres apenas se respetan. Y el corolario es que no somos pobres porque no tengamos recursos naturales, o debido a nuestra raza o inteligencia; si somos pobres es porque no respetamos ese dec\u00e1logo.<\/p>\n<p>Por el contrario, son mayor\u00eda los que esperan que sean los pol\u00edticos los que nos solucionen nuestros problemas y, siendo as\u00ed, no tienen mas que mirar a su alrededor, para darse cuenta de cual ser\u00e1 el resultado.<\/p>\n<p>(<i>Este art\u00edculo ha estado inspirado en un correo electr\u00f3nico que me envi\u00f3 un buen amigo. Si Uds. quieren que se lo haga llegar, no tienen las que ped\u00edrmelo a la direcci\u00f3n que aparece abajo<\/i>).<\/p>\n<p>Servidor de Uds.<\/p>\n<p align=\"right\"><i>Jos\u00e9 Ignacio S\u00e1nchez Rubio<\/i><\/p>\n<p align=\"right\"><i>Abogado y economista<\/i><\/p>\n<p align=\"right\"><i>ignacio@rwall.es<\/i><\/p>\n","protected":false},"excerpt":{"rendered":"<p>Art\u00edculo de opini\u00f3n publicado en Lancelot Digital el\u00a019 de octubre\u00a0de 2.012 (Pinche aqu\u00ed para ver publicaci\u00f3n) El dec\u00e1logo 16 de octubre de 2.012 Observando como van nuestro pa\u00eds y nuestras gentes, me ha venido a la memoria aquella canci\u00f3n, que &hellip; <a href=\"https:\/\/sanchezrubio.eu\/?page_id=137\">Sigue leyendo <span class=\"meta-nav\">&rarr;<\/span><\/a><\/p>\n","protected":false},"author":1,"featured_media":0,"parent":97,"menu_order":9,"comment_status":"open","ping_status":"open","template":"","meta":{"_bbp_topic_count":0,"_bbp_reply_count":0,"_bbp_total_topic_count":0,"_bbp_total_reply_count":0,"_bbp_voice_count":0,"_bbp_anonymous_reply_count":0,"_bbp_topic_count_hidden":0,"_bbp_reply_count_hidden":0,"_bbp_forum_subforum_count":0,"footnotes":""},"class_list":["post-137","page","type-page","status-publish","hentry"],"_links":{"self":[{"href":"https:\/\/sanchezrubio.eu\/index.php?rest_route=\/wp\/v2\/pages\/137","targetHints":{"allow":["GET"]}}],"collection":[{"href":"https:\/\/sanchezrubio.eu\/index.php?rest_route=\/wp\/v2\/pages"}],"about":[{"href":"https:\/\/sanchezrubio.eu\/index.php?rest_route=\/wp\/v2\/types\/page"}],"author":[{"embeddable":true,"href":"https:\/\/sanchezrubio.eu\/index.php?rest_route=\/wp\/v2\/users\/1"}],"replies":[{"embeddable":true,"href":"https:\/\/sanchezrubio.eu\/index.php?rest_route=%2Fwp%2Fv2%2Fcomments&post=137"}],"version-history":[{"count":2,"href":"https:\/\/sanchezrubio.eu\/index.php?rest_route=\/wp\/v2\/pages\/137\/revisions"}],"predecessor-version":[{"id":139,"href":"https:\/\/sanchezrubio.eu\/index.php?rest_route=\/wp\/v2\/pages\/137\/revisions\/139"}],"up":[{"embeddable":true,"href":"https:\/\/sanchezrubio.eu\/index.php?rest_route=\/wp\/v2\/pages\/97"}],"wp:attachment":[{"href":"https:\/\/sanchezrubio.eu\/index.php?rest_route=%2Fwp%2Fv2%2Fmedia&parent=137"}],"curies":[{"name":"wp","href":"https:\/\/api.w.org\/{rel}","templated":true}]}}