{"id":152,"date":"2014-04-15T19:31:14","date_gmt":"2014-04-15T17:31:14","guid":{"rendered":"http:\/\/sanchezrubio.eu\/?page_id=152"},"modified":"2014-04-18T07:32:39","modified_gmt":"2014-04-18T05:32:39","slug":"mapa-del-sitio","status":"publish","type":"page","link":"https:\/\/sanchezrubio.eu\/?page_id=152","title":{"rendered":"Mapa del sitio"},"content":{"rendered":"<div class=\"shariff\" data-title=\"Mapa del sitio\" data-info-url=\"http:\/\/ct.de\/-2467514\" data-backend-url=\"https:\/\/sanchezrubio.eu\/wp-content\/plugins\/shariff-sharing\/backend\/index.php\" data-temp=\"\/tmp\" data-ttl=\"60\" data-service=\"gftr\" data-services='[\"googleplus\",\"facebook\",\"twitter\",\"reddit\",\"info\"]' data-image=\"\" data-url=\"https:\/\/sanchezrubio.eu\/?page_id=152\" data-lang=\"es\" data-theme=\"colored\" data-orientation=\"horizontal\"><\/div><div class=\"wsp-container\"><h2 class=\"wsp-pages-title\">P\u00e1ginas<\/h2>\n<ul class=\"wsp-pages-list\">\n<li class=\"page_item page-item-548\"><a href=\"https:\/\/sanchezrubio.eu\/?page_id=548\">Los sudorosos<\/a><\/li>\n<li class=\"page_item page-item-177 page_item_has_children\"><a href=\"https:\/\/sanchezrubio.eu\/?page_id=177\">Propuestas de normas<\/a>\n<ul class='children'>\n\t<li class=\"page_item page-item-183\"><a href=\"https:\/\/sanchezrubio.eu\/?page_id=183\">Financiacion de los Partidos<\/a><\/li>\n<\/ul>\n<\/li>\n<li class=\"page_item page-item-191 page_item_has_children\"><a href=\"https:\/\/sanchezrubio.eu\/?page_id=191\">Radio<\/a>\n<ul class='children'>\n\t<li class=\"page_item page-item-189\"><a href=\"https:\/\/sanchezrubio.eu\/?page_id=189\">Entrevistas y tertulias<\/a><\/li>\n<\/ul>\n<\/li>\n<li class=\"page_item page-item-97 page_item_has_children\"><a href=\"https:\/\/sanchezrubio.eu\/?page_id=97\">Prensa<\/a>\n<ul class='children'>\n\t<li class=\"page_item page-item-15\"><a href=\"https:\/\/sanchezrubio.eu\/?page_id=15\">El fantasma de la estanflaci\u00f3n<\/a><\/li>\n\t<li class=\"page_item page-item-348\"><a href=\"https:\/\/sanchezrubio.eu\/?page_id=348\">Las Autonosuyas<\/a><\/li>\n\t<li class=\"page_item page-item-209\"><a href=\"https:\/\/sanchezrubio.eu\/?page_id=209\">\u00a1\u00a1\u00a1 Marchando otra de Leyes !!!&#8230;<\/a><\/li>\n\t<li class=\"page_item page-item-73\"><a href=\"https:\/\/sanchezrubio.eu\/?page_id=73\">Und nun, was tun wir?<\/a><\/li>\n\t<li class=\"page_item page-item-101\"><a href=\"https:\/\/sanchezrubio.eu\/?page_id=101\">Por fin reaccionamos&#8230;<\/a><\/li>\n\t<li class=\"page_item page-item-111\"><a href=\"https:\/\/sanchezrubio.eu\/?page_id=111\">Esclavitud<\/a><\/li>\n\t<li class=\"page_item page-item-115\"><a href=\"https:\/\/sanchezrubio.eu\/?page_id=115\">El pol\u00edtico<\/a><\/li>\n\t<li class=\"page_item page-item-119\"><a href=\"https:\/\/sanchezrubio.eu\/?page_id=119\">&#8230; \u00bfSocialista?. En cierto modo<\/a><\/li>\n\t<li class=\"page_item page-item-123\"><a href=\"https:\/\/sanchezrubio.eu\/?page_id=123\">La partitocracia<\/a><\/li>\n\t<li class=\"page_item page-item-127\"><a href=\"https:\/\/sanchezrubio.eu\/?page_id=127\">La Eureta<\/a><\/li>\n\t<li class=\"page_item page-item-131\"><a href=\"https:\/\/sanchezrubio.eu\/?page_id=131\">Carta a Rajoy<\/a><\/li>\n\t<li class=\"page_item page-item-137\"><a href=\"https:\/\/sanchezrubio.eu\/?page_id=137\">El dec\u00e1logo<\/a><\/li>\n\t<li class=\"page_item page-item-140\"><a href=\"https:\/\/sanchezrubio.eu\/?page_id=140\">El precio del Estado<\/a><\/li>\n\t<li class=\"page_item page-item-145\"><a href=\"https:\/\/sanchezrubio.eu\/?page_id=145\">Los recortes<\/a><\/li>\n\t<li class=\"page_item page-item-197\"><a href=\"https:\/\/sanchezrubio.eu\/?page_id=197\">Los sacamantecas<\/a><\/li>\n\t<li class=\"page_item page-item-204\"><a href=\"https:\/\/sanchezrubio.eu\/?page_id=204\">El Estado como empresa<\/a><\/li>\n<\/ul>\n<\/li>\n<li class=\"page_item page-item-156 page_item_has_children\"><a href=\"https:\/\/sanchezrubio.eu\/?page_id=156\">Opiniones<\/a>\n<ul class='children'>\n\t<li class=\"page_item page-item-377\"><a href=\"https:\/\/sanchezrubio.eu\/?page_id=377\">Ayer\u2026. y hoy<\/a><\/li>\n\t<li class=\"page_item page-item-159\"><a href=\"https:\/\/sanchezrubio.eu\/?page_id=159\">Hablamos de mujeres<\/a><\/li>\n\t<li class=\"page_item page-item-402\"><a href=\"https:\/\/sanchezrubio.eu\/?page_id=402\">\u00bfNos hace falta un gobierno?<\/a><\/li>\n\t<li class=\"page_item page-item-164\"><a href=\"https:\/\/sanchezrubio.eu\/?page_id=164\">Atidamana<\/a><\/li>\n\t<li class=\"page_item page-item-385\"><a href=\"https:\/\/sanchezrubio.eu\/?page_id=385\">\u00bfAlteraci\u00f3n psico-f\u00edsica, vicio o depravaci\u00f3n?<\/a><\/li>\n\t<li class=\"page_item page-item-173\"><a href=\"https:\/\/sanchezrubio.eu\/?page_id=173\">\u00bfOiga&#8230; y que pasa con las hipotecas?<\/a><\/li>\n\t<li class=\"page_item page-item-201\"><a href=\"https:\/\/sanchezrubio.eu\/?page_id=201\">El valor de los suicidas<\/a><\/li>\n\t<li class=\"page_item page-item-363\"><a href=\"https:\/\/sanchezrubio.eu\/?page_id=363\">Las divisiones del Papa<\/a><\/li>\n<\/ul>\n<\/li>\n<li class=\"page_item page-item-53\"><a href=\"https:\/\/sanchezrubio.eu\/?page_id=53\">Forum<\/a><\/li>\n<li class=\"page_item page-item-152\"><a href=\"https:\/\/sanchezrubio.eu\/?page_id=152\">Mapa del sitio<\/a><\/li>\n<\/ul>\n<h2 class=\"wsp-posts-title\">Posts por categor\u00eda<\/h2>\n<ul class=\"wsp-posts-list\">\n\t<li><strong class=\"wsp-category-title\">Category: <a href=\"https:\/\/sanchezrubio.eu\/?cat=5\">Autonom\u00edas<\/a><\/strong>\n<ul class=\"wsp-posts-list\">\t\t<li class=\"wsp-post\"><a href=\"https:\/\/sanchezrubio.eu\/?p=70\">VOX, un un lugar de Espa\u00f1a.<\/a><\/li>\n\t\t<li class=\"wsp-post\"><a href=\"https:\/\/sanchezrubio.eu\/?p=35\">Test f\u00e1cil para conocer la personalidad pol\u00edtica<\/a><\/li>\n\t\t<li class=\"wsp-post\"><a href=\"https:\/\/sanchezrubio.eu\/?p=6\">\u00bfQuien conoce el futuro?<\/a><\/li>\n<\/ul><\/li>\n\t<li><strong class=\"wsp-category-title\">Category: <a href=\"https:\/\/sanchezrubio.eu\/?cat=4\">Futuro de Espa\u00f1a<\/a><\/strong>\n<ul class=\"wsp-posts-list\">\t\t<li class=\"wsp-post\"><a href=\"https:\/\/sanchezrubio.eu\/?p=540\">El hundimiento de Espa\u00f1a&#8230;   Los m\u00fasicos del Titanic<\/a><\/li>\n\t\t<li class=\"wsp-post\"><a href=\"https:\/\/sanchezrubio.eu\/?p=528\">Curiosidades pol\u00edticas&#8230;<\/a><\/li>\n\t\t<li class=\"wsp-post\"><a href=\"https:\/\/sanchezrubio.eu\/?p=521\">Marchando otra de Reales Decretos-Leyes\u2026 \u00a1\u00a1\u00a1O\u00eddo, cocina\u2026!!!<\/a><\/li>\n\t\t<li class=\"wsp-post\"><a href=\"https:\/\/sanchezrubio.eu\/?p=517\">La historia se repite&#8230;<\/a><\/li>\n\t\t<li class=\"wsp-post\"><a href=\"https:\/\/sanchezrubio.eu\/?p=515\">La financiaci\u00f3n de los partidos<\/a><\/li>\n\t\t<li class=\"wsp-post\"><a href=\"https:\/\/sanchezrubio.eu\/?p=509\">Los &#8230;taitantos.<\/a><\/li>\n\t\t<li class=\"wsp-post\"><a href=\"https:\/\/sanchezrubio.eu\/?p=505\">El 155\u2026<\/a><\/li>\n\t\t<li class=\"wsp-post\"><a href=\"https:\/\/sanchezrubio.eu\/?p=502\">El cumplimiento inexorable del destino<\/a><\/li>\n\t\t<li class=\"wsp-post\"><a href=\"https:\/\/sanchezrubio.eu\/?p=498\">El final de la cuenta atr\u00e1s<\/a><\/li>\n\t\t<li class=\"wsp-post\"><a href=\"https:\/\/sanchezrubio.eu\/?p=494\">\u00a1\u00a1\u00a1Yo no ir\u00e9 a la manifa de Barcelona\u2026!!!<\/a><\/li>\n\t\t<li class=\"wsp-post\"><a href=\"https:\/\/sanchezrubio.eu\/?p=489\">Toros a la balear&#8230;<\/a><\/li>\n\t\t<li class=\"wsp-post\"><a href=\"https:\/\/sanchezrubio.eu\/?p=487\">Despu\u00e9s de muerto, matar a Franco una y otra vez\u2026<\/a><\/li>\n\t\t<li class=\"wsp-post\"><a href=\"https:\/\/sanchezrubio.eu\/?p=484\">\u00bfHasta cuando&#8230;?<\/a><\/li>\n\t\t<li class=\"wsp-post\"><a href=\"https:\/\/sanchezrubio.eu\/?p=480\">No estaremos tan locos\u2026 (Las Plusval\u00edas)<\/a><\/li>\n\t\t<li class=\"wsp-post\"><a href=\"https:\/\/sanchezrubio.eu\/?p=477\">\u00bfSe nos mueren nuestros pueblos?. \u00bfSe nos muere B\u00e9jar?<\/a><\/li>\n\t\t<li class=\"wsp-post\"><a href=\"https:\/\/sanchezrubio.eu\/?p=472\">Vuelta la burra al trigo\u2026 (M\u00e1s memoria hist\u00f3rica y, ahora, democr\u00e1tica)<\/a><\/li>\n\t\t<li class=\"wsp-post\"><a href=\"https:\/\/sanchezrubio.eu\/?p=468\">Comer huevos&#8230;<\/a><\/li>\n\t\t<li class=\"wsp-post\"><a href=\"https:\/\/sanchezrubio.eu\/?p=465\">A lo largo de nuestra vida&#8230;<\/a><\/li>\n\t\t<li class=\"wsp-post\"><a href=\"https:\/\/sanchezrubio.eu\/?p=458\">Prohibir&#8230;, prohibir&#8230;, prohibir&#8230;<\/a><\/li>\n\t\t<li class=\"wsp-post\"><a href=\"https:\/\/sanchezrubio.eu\/?p=454\">Se\u00f1or Alcalde\u2026<\/a><\/li>\n\t\t<li class=\"wsp-post\"><a href=\"https:\/\/sanchezrubio.eu\/?p=447\">La reforma electoral, fun\u2026, fun\u2026, fun\u2026<\/a><\/li>\n\t\t<li class=\"wsp-post\"><a href=\"https:\/\/sanchezrubio.eu\/?p=443\">M\u00edrala cara a cara que es la tercera<\/a><\/li>\n\t\t<li class=\"wsp-post\"><a href=\"https:\/\/sanchezrubio.eu\/?p=439\">El papel del Rey (I)<\/a><\/li>\n\t\t<li class=\"wsp-post\"><a href=\"https:\/\/sanchezrubio.eu\/?p=436\">\u00bfDerecha o antizquierda?<\/a><\/li>\n\t\t<li class=\"wsp-post\"><a href=\"https:\/\/sanchezrubio.eu\/?p=433\">\u00bfEres electroencefalografista?<\/a><\/li>\n\t\t<li class=\"wsp-post\"><a href=\"https:\/\/sanchezrubio.eu\/?p=429\">El \u201cBrexit\u201d, la plurinacionalidad y Horcajo de Montemayor<\/a><\/li>\n\t\t<li class=\"wsp-post\"><a href=\"https:\/\/sanchezrubio.eu\/?p=427\">Carta a Do\u00f1a Gabriela Bustelo<\/a><\/li>\n\t\t<li class=\"wsp-post\"><a href=\"https:\/\/sanchezrubio.eu\/?p=408\">Jirones de felicidad<\/a><\/li>\n\t\t<li class=\"wsp-post\"><a href=\"https:\/\/sanchezrubio.eu\/?p=405\">\u00bfNecesitamos un gobierno?<\/a><\/li>\n\t\t<li class=\"wsp-post\"><a href=\"https:\/\/sanchezrubio.eu\/?p=398\">NOSOTROS<\/a><\/li>\n\t\t<li class=\"wsp-post\"><a href=\"https:\/\/sanchezrubio.eu\/?p=395\">El derecho a decidir<\/a><\/li>\n\t\t<li class=\"wsp-post\"><a href=\"https:\/\/sanchezrubio.eu\/?p=390\">Confianza y crispaci\u00f3n<\/a><\/li>\n\t\t<li class=\"wsp-post\"><a href=\"https:\/\/sanchezrubio.eu\/?p=384\">\u00bfAlteraci\u00f3n psico-f\u00edsica, vicio o depravaci\u00f3n?<\/a><\/li>\n\t\t<li class=\"wsp-post\"><a href=\"https:\/\/sanchezrubio.eu\/?p=380\">\u2026 al enemigo el palo.<\/a><\/li>\n\t\t<li class=\"wsp-post\"><a href=\"https:\/\/sanchezrubio.eu\/?p=373\">\u00bfEres de izquierdas o de derechas?<\/a><\/li>\n\t\t<li class=\"wsp-post\"><a href=\"https:\/\/sanchezrubio.eu\/?p=367\">El coraje de una mujer<\/a><\/li>\n\t\t<li class=\"wsp-post\"><a href=\"https:\/\/sanchezrubio.eu\/?p=360\">Los falsos espa\u00f1oles<\/a><\/li>\n\t\t<li class=\"wsp-post\"><a href=\"https:\/\/sanchezrubio.eu\/?p=355\">La mili<\/a><\/li>\n\t\t<li class=\"wsp-post\"><a href=\"https:\/\/sanchezrubio.eu\/?p=351\">Arturo Mas, \u00bfrobador, hurtador o estafador?<\/a><\/li>\n\t\t<li class=\"wsp-post\"><a href=\"https:\/\/sanchezrubio.eu\/?p=344\">\u00a1\u00a1\u00a1 Que inventen ellos !!!<\/a><\/li>\n\t\t<li class=\"wsp-post\"><a href=\"https:\/\/sanchezrubio.eu\/?p=340\">Diferencias entre Pablo Iglesias y yo<\/a><\/li>\n\t\t<li class=\"wsp-post\"><a href=\"https:\/\/sanchezrubio.eu\/?p=334\">\u00bf Derecha o Izquierda ?<\/a><\/li>\n\t\t<li class=\"wsp-post\"><a href=\"https:\/\/sanchezrubio.eu\/?p=331\">La oferta y la demanda pol\u00edticas (El oro y el moro)<\/a><\/li>\n\t\t<li class=\"wsp-post\"><a href=\"https:\/\/sanchezrubio.eu\/?p=255\">Votofumeiro<\/a><\/li>\n\t\t<li class=\"wsp-post\"><a href=\"https:\/\/sanchezrubio.eu\/?p=250\">\u00bfDerecho a una vivienda digna?<\/a><\/li>\n\t\t<li class=\"wsp-post\"><a href=\"https:\/\/sanchezrubio.eu\/?p=247\">Los guardianes del Leviat\u00e1n<\/a><\/li>\n\t\t<li class=\"wsp-post\"><a href=\"https:\/\/sanchezrubio.eu\/?p=241\">Los partidos pol\u00edticos<\/a><\/li>\n\t\t<li class=\"wsp-post\"><a href=\"https:\/\/sanchezrubio.eu\/?p=234\">Pol\u00edticos contra Jueces: 964 &#8211; 11<\/a><\/li>\n\t\t<li class=\"wsp-post\"><a href=\"https:\/\/sanchezrubio.eu\/?p=232\">Los cincuenta y tantos&#8230;<\/a><\/li>\n\t\t<li class=\"wsp-post\"><a href=\"https:\/\/sanchezrubio.eu\/?p=229\">\u00bfPartidocracia o partidodura?<\/a><\/li>\n\t\t<li class=\"wsp-post\"><a href=\"https:\/\/sanchezrubio.eu\/?p=224\"><\/a><\/li>\n\t\t<li class=\"wsp-post\"><a href=\"https:\/\/sanchezrubio.eu\/?p=220\">Comenzamos la aventura&#8230;<\/a><\/li>\n\t\t<li class=\"wsp-post\"><a href=\"https:\/\/sanchezrubio.eu\/?p=212\">Y ese&#8230; \u00bfquien es?<\/a><\/li>\n<\/ul><\/li>\n\t<li><strong class=\"wsp-category-title\">Category: <a href=\"https:\/\/sanchezrubio.eu\/?cat=2\">Partidos<\/a><\/strong>\n<\/li>\n\t<li><strong class=\"wsp-category-title\">Category: <a href=\"https:\/\/sanchezrubio.eu\/?cat=3\">Pol\u00edticos<\/a><\/strong>\n<\/li>\n\t<li><strong class=\"wsp-category-title\">Category: <a href=\"https:\/\/sanchezrubio.eu\/?cat=1\">Uncategorized<\/a><\/strong>\n<\/li>\n<\/ul>\n<\/div>\n","protected":false},"excerpt":{"rendered":"","protected":false},"author":1,"featured_media":0,"parent":0,"menu_order":3,"comment_status":"open","ping_status":"open","template":"","meta":{"_bbp_topic_count":0,"_bbp_reply_count":0,"_bbp_total_topic_count":0,"_bbp_total_reply_count":0,"_bbp_voice_count":0,"_bbp_anonymous_reply_count":0,"_bbp_topic_count_hidden":0,"_bbp_reply_count_hidden":0,"_bbp_forum_subforum_count":0,"footnotes":""},"class_list":["post-152","page","type-page","status-publish","hentry"],"_links":{"self":[{"href":"https:\/\/sanchezrubio.eu\/index.php?rest_route=\/wp\/v2\/pages\/152","targetHints":{"allow":["GET"]}}],"collection":[{"href":"https:\/\/sanchezrubio.eu\/index.php?rest_route=\/wp\/v2\/pages"}],"about":[{"href":"https:\/\/sanchezrubio.eu\/index.php?rest_route=\/wp\/v2\/types\/page"}],"author":[{"embeddable":true,"href":"https:\/\/sanchezrubio.eu\/index.php?rest_route=\/wp\/v2\/users\/1"}],"replies":[{"embeddable":true,"href":"https:\/\/sanchezrubio.eu\/index.php?rest_route=%2Fwp%2Fv2%2Fcomments&post=152"}],"version-history":[{"count":1,"href":"https:\/\/sanchezrubio.eu\/index.php?rest_route=\/wp\/v2\/pages\/152\/revisions"}],"predecessor-version":[{"id":153,"href":"https:\/\/sanchezrubio.eu\/index.php?rest_route=\/wp\/v2\/pages\/152\/revisions\/153"}],"wp:attachment":[{"href":"https:\/\/sanchezrubio.eu\/index.php?rest_route=%2Fwp%2Fv2%2Fmedia&parent=152"}],"curies":[{"name":"wp","href":"https:\/\/api.w.org\/{rel}","templated":true}]}}