{"id":159,"date":"2014-04-17T10:11:06","date_gmt":"2014-04-17T08:11:06","guid":{"rendered":"http:\/\/sanchezrubio.eu\/?page_id=159"},"modified":"2014-04-17T10:11:06","modified_gmt":"2014-04-17T08:11:06","slug":"hablamos-de-mujeres","status":"publish","type":"page","link":"https:\/\/sanchezrubio.eu\/?page_id=159","title":{"rendered":"Hablamos de mujeres"},"content":{"rendered":"<div class=\"shariff\" data-title=\"Hablamos de mujeres\" data-info-url=\"http:\/\/ct.de\/-2467514\" data-backend-url=\"https:\/\/sanchezrubio.eu\/wp-content\/plugins\/shariff-sharing\/backend\/index.php\" data-temp=\"\/tmp\" data-ttl=\"60\" data-service=\"gftr\" data-services='[\"googleplus\",\"facebook\",\"twitter\",\"reddit\",\"info\"]' data-image=\"\" data-url=\"https:\/\/sanchezrubio.eu\/?page_id=159\" data-lang=\"es\" data-theme=\"colored\" data-orientation=\"horizontal\"><\/div><p><b>Art\u00edculo de opini\u00f3n publicado en el semanario Lancelot\u00a0el 11 de\u00a0noviembre de 2.011<\/b><\/p>\n<p align=\"center\"><b>\u00bfHablamos de mujeres?&#8230; (Entre hombres)<\/b><\/p>\n<p>Hace un par de d\u00edas estuve tomando una copa con unos amigos. A mi me gusta el Gin-Tonic, con ginebra London del n\u00ba 1. Mientras nos serv\u00edan las consumiciones cada uno de nosotros se solazaba, a su manera, de los grato del encuentro, ya que hac\u00eda bastante tiempo que no nos ve\u00edamos todos juntos.<\/p>\n<p>Como en todo grupo, casi nunca falta el contertulio chistoso. All\u00ed no, para no ser menos, estaba Luis que presume, sin decirlo, de que ese papel le corresponde a \u00e9l. Y en consonancia con ello, pregunt\u00f3 en voz alta, <b><i>\u00bfSab\u00e9is que me gustan todas las mujeres menos la m\u00eda?<\/i><\/b>. Como a pesar de lo que cre\u00eda Luis, ese es un chiste muy viejo, y nos lo sab\u00edamos casi todos, enseguida, antes de que siguiera con su genialidad, Ra\u00fal le contest\u00f3: \u00a1\u00a1\u00a1<b><i>Oye, pues lo mismo me pasa a m\u00ed!!!.<\/i><\/b> Y Luis, raudo, entr\u00f3 en el juego y le replic\u00f3: <b><i>\u00bfS\u00ed&#8230;? \u00bfQue es lo que te ocurre a ti?<\/i><\/b>. Y Ra\u00fal, como si de una lecci\u00f3n bien aprendida se tratara, le contest\u00f3: <b><i>Pues eso, que me gustan todas las mujeres menos la tuya<\/i><\/b>.<\/p>\n<p>Aqu\u00ed el que mas y el que menos, se ri\u00f3. No porque les hiciera gracia el chiste, que ya lo sab\u00edan, sino por el compromiso de no quedar mal con aquel par de payasos (dicho en t\u00e9rminos cari\u00f1osos).<\/p>\n<p>Pues a lo tonto, a lo tonto, nos pusimos a hablar de mujeres. De sus vicios, de lo necesarias que son para nosotros, del arte que tienen para sacarnos de nuestras casillas&#8230; Juan, cont\u00f3 otro chiste: Le pregunta uno a su amigo: <b><i>\u00bfOye a ti tu mujer te excita?<\/i><\/b>. Y el otro contesta: <b><i>\u00bfQue si me excita?, \u00a1\u00a1\u00a1Me pone de una mala leche&#8230;!!!<\/i><\/b>. Bueno, el caso es que aquello iba por el camino habitual en una tertulia entre hombres, hasta que Luis, el mas chistoso del grupo, con mas seriedad en la voz que lo que en \u00e9l es habitual, terci\u00f3: <i>Mirad, lo que sucede es que no hacemos nada por comprenderlas<\/i>. Casi todos se quedaron boquiabiertos. <i>\u00bfA que viene esto?<\/i>, pareci\u00f3 reflejarse en la cara de la mayor\u00eda.<\/p>\n<p>Y Luis, presumiendo de sus conocimientos de la mente, se puso a explicarnos que, en una conferencia que pronunci\u00f3 en Stanford, el Jefe de Psiquiatr\u00eda del Hospital de aquella Universidad sosten\u00eda que una de las mejores cosas que un hombre puede hacer por su salud es casarse con una mujer mientras que, para la mujer,\u00a0 una de las mejores que puede hacer por su salud es cultivar la relaci\u00f3n con sus amigas. Nos miramos unos a otros con estupefacci\u00f3n. El sentir general era: <i>\u00bfY a donde quiere este ir a parar?<\/i>. Y \u00e9l, sin atendernos, como hablando para s\u00ed, sigui\u00f3 diciendo que las mujeres se relacionan entre s\u00ed de una forma diferente, ayud\u00e1ndose de una forma muy especial a combatir el estr\u00e9s y las experiencias dif\u00edciles de la vida. Que la relaci\u00f3n con las amigas contribuye a generar <b>serotonina<\/b>, un neurotransmisor que les ayuda a combatir la depresi\u00f3n y produce una sensaci\u00f3n general de bienestar. Que mientras las mujeres cuando se re\u00fanen, comparten sus sentimientos, los hombres, generalmente, solo hablamos de nuestro trabajo. A diferencia de ellas, los hombres raramente nos sentamos a hablar con un amigo de sentimientos o de nuestra vida personal. Eso s\u00ed, el tema general girar\u00e1 alrededor de deportes, o coches, o de trabajo o, tal vez, de pol\u00edtica, pero no de nuestros sentimientos ni de nuestra vida familiar. Sin embargo ellas hablan continuamente de sus sentimientos y, a diferencia de nosotros, se cuentan las cosas mas intimas de su vida personal porque hablan desde lo mas profundo de su alma. Y, seg\u00fan parece, eso es tan bueno para su salud como hacer gimnasia. Habitualmente, los hombres tendemos a pensar que cuando vamos al gimnasio es bueno para la salud, pero cuando las mujeres se juntan para hablar es una p\u00e9rdida de tiempo.<\/p>\n<p>Sin embargo, seg\u00fan sostiene la psiquiatr\u00eda moderna, esas reuniones de amigas favorecen su salud f\u00edsica y mental, predisponiendo a las mujeres de una manera positiva, para afrontar sus relaciones familiares.<\/p>\n<p>Cr\u00e9anme que a mi me convenci\u00f3. De la misma forma que me convenci\u00f3 su corolario. Seg\u00fan Luis, y estoy plenamente de acuerdo con \u00e9l, lo mejor que podemos hacer por nuestras esposas, o novias o parejas sentimentales es comprenderlas cuando se re\u00fanen alrededor del cafetito, como pretexto, para \u201c<i>hablar de sus cosas<\/i>\u201d. Por muy banal que nos parezca, estamos ayud\u00e1ndolas a mejorar su salud y ellas sabr\u00e1n agradec\u00e9rnoslo.<\/p>\n<p>Adem\u00e1s, nos pongamos como nos pongamos, ellas no van a renunciar a sus tertulias y, bien mirado, as\u00ed nos quedar\u00e1 mas tiempo para las nuestras. Seguro que a ellas no les importa que hablemos de trabajo, de deportes, de coches o de pol\u00edtica.<\/p>\n<p>Al final, yo record\u00e9 la historia de Ayn Rand, una escritora fallecida hace mas de treinta a\u00f1os y les coment\u00e9 como, amen de lo dicho por Luis, la inteligencia de las mujeres, unida a otras muchas virtudes de las que nosotros casi carecemos, las hace superiores a nosotros en muchos aspectos. Pero esto ya es otra historia.<\/p>\n<p>&nbsp;<\/p>\n<p align=\"right\"><i>Jos\u00e9 Ignacio S\u00e1nchez Rubio<\/i><\/p>\n<p align=\"right\"><i>Abogado y economista<\/i><\/p>\n<p align=\"right\"><i>ignacio@rwall.es<\/i><\/p>\n","protected":false},"excerpt":{"rendered":"<p>Art\u00edculo de opini\u00f3n publicado en el semanario Lancelot\u00a0el 11 de\u00a0noviembre de 2.011 \u00bfHablamos de mujeres?&#8230; (Entre hombres) Hace un par de d\u00edas estuve tomando una copa con unos amigos. A mi me gusta el Gin-Tonic, con ginebra London del n\u00ba &hellip; <a href=\"https:\/\/sanchezrubio.eu\/?page_id=159\">Sigue leyendo <span class=\"meta-nav\">&rarr;<\/span><\/a><\/p>\n","protected":false},"author":1,"featured_media":0,"parent":156,"menu_order":0,"comment_status":"open","ping_status":"open","template":"","meta":{"_bbp_topic_count":0,"_bbp_reply_count":0,"_bbp_total_topic_count":0,"_bbp_total_reply_count":0,"_bbp_voice_count":0,"_bbp_anonymous_reply_count":0,"_bbp_topic_count_hidden":0,"_bbp_reply_count_hidden":0,"_bbp_forum_subforum_count":0,"footnotes":""},"class_list":["post-159","page","type-page","status-publish","hentry"],"_links":{"self":[{"href":"https:\/\/sanchezrubio.eu\/index.php?rest_route=\/wp\/v2\/pages\/159","targetHints":{"allow":["GET"]}}],"collection":[{"href":"https:\/\/sanchezrubio.eu\/index.php?rest_route=\/wp\/v2\/pages"}],"about":[{"href":"https:\/\/sanchezrubio.eu\/index.php?rest_route=\/wp\/v2\/types\/page"}],"author":[{"embeddable":true,"href":"https:\/\/sanchezrubio.eu\/index.php?rest_route=\/wp\/v2\/users\/1"}],"replies":[{"embeddable":true,"href":"https:\/\/sanchezrubio.eu\/index.php?rest_route=%2Fwp%2Fv2%2Fcomments&post=159"}],"version-history":[{"count":2,"href":"https:\/\/sanchezrubio.eu\/index.php?rest_route=\/wp\/v2\/pages\/159\/revisions"}],"predecessor-version":[{"id":161,"href":"https:\/\/sanchezrubio.eu\/index.php?rest_route=\/wp\/v2\/pages\/159\/revisions\/161"}],"up":[{"embeddable":true,"href":"https:\/\/sanchezrubio.eu\/index.php?rest_route=\/wp\/v2\/pages\/156"}],"wp:attachment":[{"href":"https:\/\/sanchezrubio.eu\/index.php?rest_route=%2Fwp%2Fv2%2Fmedia&parent=159"}],"curies":[{"name":"wp","href":"https:\/\/api.w.org\/{rel}","templated":true}]}}