{"id":177,"date":"2014-04-19T09:34:58","date_gmt":"2014-04-19T07:34:58","guid":{"rendered":"http:\/\/sanchezrubio.eu\/?page_id=177"},"modified":"2014-04-19T09:38:05","modified_gmt":"2014-04-19T07:38:05","slug":"propuestas-de-normas","status":"publish","type":"page","link":"https:\/\/sanchezrubio.eu\/?page_id=177","title":{"rendered":"Propuestas de normas"},"content":{"rendered":"<div class=\"shariff\" data-title=\"Propuestas de normas\" data-info-url=\"http:\/\/ct.de\/-2467514\" data-backend-url=\"https:\/\/sanchezrubio.eu\/wp-content\/plugins\/shariff-sharing\/backend\/index.php\" data-temp=\"\/tmp\" data-ttl=\"60\" data-service=\"gftr\" data-services='[\"googleplus\",\"facebook\",\"twitter\",\"reddit\",\"info\"]' data-image=\"\" data-url=\"https:\/\/sanchezrubio.eu\/?page_id=177\" data-lang=\"es\" data-theme=\"colored\" data-orientation=\"horizontal\"><\/div><p>&nbsp;<\/p>\n<p>Desde que Dios expuls\u00f3 a Ad\u00e1n y Eva del para\u00edso por desobedientes, y conden\u00f3 vital\u00edciamente a la pareja y sus herederos, a <i>\u201cganar el pan con el sudor de su frente\u201d<\/i>, la mayor parte de los humanos busc\u00f3 volver a cualquier precio a vivir en el para\u00edso.<\/p>\n<p>Algunos lo consiguieron, empleando para ello un instrumento tan antiguo como la pol\u00edtica, pero el com\u00fan de los mortales sigue persigui\u00e9ndolo con el mismo \u00e9xito que el que pretende alcanzar alguna vez el horizonte terr\u00e1queo.<\/p>\n<p>No obstante, Dios nos dot\u00f3, entre otras potencialidades, con las capacidades de so\u00f1ar e imaginar. A diferencia de los sue\u00f1os, que son totalmente involuntarios, la imaginaci\u00f3n es libre y puede concluir en realidad.<\/p>\n<p>Y, de la misma forma que la capacidad imaginativa de los pol\u00edticos para crear entes abstractos y necesidades humanas, que solo existen en la fecunda imaginaci\u00f3n de los pol\u00edticos, y en las que luego se basan para justificar que las paguemos los espa\u00f1oles numerarios, yo quiero proponerles que, entre todos y a partir de hoy, imaginemos como es la Espa\u00f1a que queremos y, con la fuerza que da la uni\u00f3n, consigamos entre la mayor\u00eda reestablecer una democracia real, que devuelva la ilusi\u00f3n a la poblaci\u00f3n espa\u00f1ola. Al fin y al cabo, uno de los lemas pol\u00edticos es: <i>\u201cLa imaginaci\u00f3n al poder\u201d<\/i>.<\/p>\n<p>Al escribir estas l\u00edneas, he recordado un cuento que le\u00ed hace algunos a\u00f1os, escrito por una buena amiga, bajo el t\u00edtulo: \u201cLumb\u00e1nico, el planeta c\u00fabico\u201d, finalista del premio El Barco de Vapor 1.983. Y ello me ha motivado a imaginar un pa\u00eds como Jauja, e invitarles a que me acompa\u00f1en en este viaje. Durante el trayecto, iremos dotando a Jauja de normas que regulen la convivencia, transformando las que ya tenemos en este mundo y no nos gustan, y eliminando aquellas otras que resultan innecesarias o inaplicables.<\/p>\n<p>Acerca de Jauja, gira todo un mundo de escritos, obras art\u00edsticas e ideas filos\u00f3ficas, que se refieren a \u00e9l como un pa\u00eds en el que impera la abundancia de bienes, que hacen recordar al Para\u00edso. \u00a0En nada se parece Espa\u00f1a a Jauja, am\u00e9n de contar con una poblaci\u00f3n de ese mismo nombre, en la que vio la luz Jos\u00e9 Mar\u00eda \u201cel Tempranillo\u201d, uno de nuestros mas afamados bandoleros. Por todo ello, vamos a considerar Jauja como el pa\u00eds en que todos desear\u00edamos vivir y, mitad en broma mitad en serio, vamos a relatar entre todos como es la Espa\u00f1a que deseamos para nosotros y para nuestros descendientes.<\/p>\n<p>Si Ud. desea participar, puede hacerlo de dos maneras: a) Proponiendo una norma y b) introduciendo enmiendas a la totalidad o parte de otra norma propuesta anteriormente.<\/p>\n<p>En el primero de los casos, deber\u00e1 Ud. imaginar que es el legislador y habr\u00e1 de redactar, en forma resumida, el aspecto de nuestra vida que pretender\u00eda regular y el motivo de su propuesta (apartado expositivo), as\u00ed como el articulado de la regulaci\u00f3n (apartado dispositivo). La propuesta, en cualquier formato de texto (.doc, .text, .rtf, etc.), ha de remitirla por correo electr\u00f3nico a\u00a0<a href=\"mailto:jauja@sanchezrubio.eu\">jauja@sanchezrubio.eu<\/a> y procederemos a publicarla integramente. Por razones de espacio, la propuesta no deber\u00e1 exceder de 5 folios. Si no es posible encajarla en ese espacio, deber\u00eda fraccionar el aspecto a regular, insertando los aspectos colaterales en otras propuestas.<\/p>\n<p>En el caso b), una vez publicada una propuesta, podr\u00e1 Ud. comentarla y censurarla en el panel inferior.<\/p>\n<p>Tanto la opci\u00f3n a) como la b), son an\u00f3nimas. Por razones de est\u00e9tica, no se publicar\u00e1n las propuestas, o enmiendas que resulten ofensivas o injuriosas.<\/p>\n<p>Un panel de votaciones, ir\u00e1 recogiendo on-line, los votos a favor y en contra de cada propuesta de norma y de las enmiendas presentadas.<\/p>\n<p>Continuar\u00e1&#8230;<\/p>\n","protected":false},"excerpt":{"rendered":"<p>&nbsp; Desde que Dios expuls\u00f3 a Ad\u00e1n y Eva del para\u00edso por desobedientes, y conden\u00f3 vital\u00edciamente a la pareja y sus herederos, a \u201cganar el pan con el sudor de su frente\u201d, la mayor parte de los humanos busc\u00f3 volver &hellip; <a href=\"https:\/\/sanchezrubio.eu\/?page_id=177\">Sigue leyendo <span class=\"meta-nav\">&rarr;<\/span><\/a><\/p>\n","protected":false},"author":1,"featured_media":0,"parent":0,"menu_order":0,"comment_status":"open","ping_status":"open","template":"","meta":{"_bbp_topic_count":0,"_bbp_reply_count":0,"_bbp_total_topic_count":0,"_bbp_total_reply_count":0,"_bbp_voice_count":0,"_bbp_anonymous_reply_count":0,"_bbp_topic_count_hidden":0,"_bbp_reply_count_hidden":0,"_bbp_forum_subforum_count":0,"footnotes":""},"class_list":["post-177","page","type-page","status-publish","hentry"],"_links":{"self":[{"href":"https:\/\/sanchezrubio.eu\/index.php?rest_route=\/wp\/v2\/pages\/177","targetHints":{"allow":["GET"]}}],"collection":[{"href":"https:\/\/sanchezrubio.eu\/index.php?rest_route=\/wp\/v2\/pages"}],"about":[{"href":"https:\/\/sanchezrubio.eu\/index.php?rest_route=\/wp\/v2\/types\/page"}],"author":[{"embeddable":true,"href":"https:\/\/sanchezrubio.eu\/index.php?rest_route=\/wp\/v2\/users\/1"}],"replies":[{"embeddable":true,"href":"https:\/\/sanchezrubio.eu\/index.php?rest_route=%2Fwp%2Fv2%2Fcomments&post=177"}],"version-history":[{"count":4,"href":"https:\/\/sanchezrubio.eu\/index.php?rest_route=\/wp\/v2\/pages\/177\/revisions"}],"predecessor-version":[{"id":182,"href":"https:\/\/sanchezrubio.eu\/index.php?rest_route=\/wp\/v2\/pages\/177\/revisions\/182"}],"wp:attachment":[{"href":"https:\/\/sanchezrubio.eu\/index.php?rest_route=%2Fwp%2Fv2%2Fmedia&parent=177"}],"curies":[{"name":"wp","href":"https:\/\/api.w.org\/{rel}","templated":true}]}}