{"id":189,"date":"2014-04-21T15:01:54","date_gmt":"2014-04-21T13:01:54","guid":{"rendered":"http:\/\/sanchezrubio.eu\/?page_id=189"},"modified":"2014-04-21T15:05:32","modified_gmt":"2014-04-21T13:05:32","slug":"entrevistas-y-tertulias","status":"publish","type":"page","link":"https:\/\/sanchezrubio.eu\/?page_id=189","title":{"rendered":"Entrevistas y tertulias"},"content":{"rendered":"<div class=\"shariff\" data-title=\"Entrevistas y tertulias\" data-info-url=\"http:\/\/ct.de\/-2467514\" data-backend-url=\"https:\/\/sanchezrubio.eu\/wp-content\/plugins\/shariff-sharing\/backend\/index.php\" data-temp=\"\/tmp\" data-ttl=\"60\" data-service=\"gftr\" data-services='[\"googleplus\",\"facebook\",\"twitter\",\"reddit\",\"info\"]' data-image=\"\" data-url=\"https:\/\/sanchezrubio.eu\/?page_id=189\" data-lang=\"es\" data-theme=\"colored\" data-orientation=\"horizontal\"><\/div><p><a href=\"https:\/\/sanchezrubio.eu\/wp-content\/uploads\/2014\/04\/EsRadio.jpg\"><img loading=\"lazy\" decoding=\"async\" class=\"alignleft size-full wp-image-194\" alt=\"EsRadio\" src=\"https:\/\/sanchezrubio.eu\/wp-content\/uploads\/2014\/04\/EsRadio.jpg\" width=\"275\" height=\"183\" \/><\/a>Entrevista en EsRadio, programa Es la Ma\u00f1ana de Fin de Semana del 19 de abril de 2.014, dirigido por Elia Rodr\u00edguez. (<a href=\"http:\/\/esradio.libertaddigital.com\/fonoteca\/2014-04-19\/entrevista-a-un-exmilitante-del-pp-72748.html\" target=\"_blank\">Pinche aqu\u00ed para escucharla<\/a>)<\/p>\n","protected":false},"excerpt":{"rendered":"<p>Entrevista en EsRadio, programa Es la Ma\u00f1ana de Fin de Semana del 19 de abril de 2.014, dirigido por Elia Rodr\u00edguez. (Pinche aqu\u00ed para escucharla)<\/p>\n","protected":false},"author":1,"featured_media":0,"parent":191,"menu_order":0,"comment_status":"open","ping_status":"open","template":"","meta":{"_bbp_topic_count":0,"_bbp_reply_count":0,"_bbp_total_topic_count":0,"_bbp_total_reply_count":0,"_bbp_voice_count":0,"_bbp_anonymous_reply_count":0,"_bbp_topic_count_hidden":0,"_bbp_reply_count_hidden":0,"_bbp_forum_subforum_count":0,"footnotes":""},"class_list":["post-189","page","type-page","status-publish","hentry"],"_links":{"self":[{"href":"https:\/\/sanchezrubio.eu\/index.php?rest_route=\/wp\/v2\/pages\/189","targetHints":{"allow":["GET"]}}],"collection":[{"href":"https:\/\/sanchezrubio.eu\/index.php?rest_route=\/wp\/v2\/pages"}],"about":[{"href":"https:\/\/sanchezrubio.eu\/index.php?rest_route=\/wp\/v2\/types\/page"}],"author":[{"embeddable":true,"href":"https:\/\/sanchezrubio.eu\/index.php?rest_route=\/wp\/v2\/users\/1"}],"replies":[{"embeddable":true,"href":"https:\/\/sanchezrubio.eu\/index.php?rest_route=%2Fwp%2Fv2%2Fcomments&post=189"}],"version-history":[{"count":3,"href":"https:\/\/sanchezrubio.eu\/index.php?rest_route=\/wp\/v2\/pages\/189\/revisions"}],"predecessor-version":[{"id":196,"href":"https:\/\/sanchezrubio.eu\/index.php?rest_route=\/wp\/v2\/pages\/189\/revisions\/196"}],"up":[{"embeddable":true,"href":"https:\/\/sanchezrubio.eu\/index.php?rest_route=\/wp\/v2\/pages\/191"}],"wp:attachment":[{"href":"https:\/\/sanchezrubio.eu\/index.php?rest_route=%2Fwp%2Fv2%2Fmedia&parent=189"}],"curies":[{"name":"wp","href":"https:\/\/api.w.org\/{rel}","templated":true}]}}