{"id":197,"date":"2014-04-24T09:07:50","date_gmt":"2014-04-24T07:07:50","guid":{"rendered":"http:\/\/sanchezrubio.eu\/?page_id=197"},"modified":"2014-04-24T09:07:50","modified_gmt":"2014-04-24T07:07:50","slug":"los-sacamantecas","status":"publish","type":"page","link":"https:\/\/sanchezrubio.eu\/?page_id=197","title":{"rendered":"Los sacamantecas"},"content":{"rendered":"<div class=\"shariff\" data-title=\"Los sacamantecas\" data-info-url=\"http:\/\/ct.de\/-2467514\" data-backend-url=\"https:\/\/sanchezrubio.eu\/wp-content\/plugins\/shariff-sharing\/backend\/index.php\" data-temp=\"\/tmp\" data-ttl=\"60\" data-service=\"gftr\" data-services='[\"googleplus\",\"facebook\",\"twitter\",\"reddit\",\"info\"]' data-image=\"\" data-url=\"https:\/\/sanchezrubio.eu\/?page_id=197\" data-lang=\"es\" data-theme=\"colored\" data-orientation=\"horizontal\"><\/div><p><b>Art\u00edculo de opini\u00f3n publicado en Lancelot Digital el\u00a023 de julio de 2.012 <\/b><a href=\"http:\/\/www.lancelotdigital.com\/opinion\/opinion-los-sacamantecas\" target=\"_blank\"><strong>(Pinche aqu\u00ed para ver publicaci\u00f3n)<\/strong><\/a><\/p>\n<p align=\"center\"><b>Los sacamantecas<\/b><\/p>\n<p>16 de julio de 2.012<\/p>\n<p>Seg\u00fan el diccionario, el sacamantecas es un criminal sanguinario que revienta a sus v\u00edctimas y les saca las v\u00edsceras. Pero coloquialmente, tambien empleamos el t\u00e9rmino para referirnos a cualquier suerte de recaudador, que exprime al que cae en sus garras, hasta dejarlo exhausto. Dec\u00eda\u00a0 Don Ram\u00f3n de Campoamor que: <i>\u201cEn este mundo traidor, nada es verdad ni es mentira, todo depende del color, del cristal con que se mira\u201d<\/i>; y viene esto a cuento porque algunas similitudes pueden encontrarse entre este tipo de personajes y los que les voy a relatar a continuaci\u00f3n.<\/p>\n<p>Y no me refiero a otra cosa que a las entidades que gestionan los derechos de la propiedad intelectual.<\/p>\n<p>Es claro que no deber\u00eda hacer falta que ning\u00fan pol\u00edtico o legislador viniera a recordarnos que toda persona tiene derecho a disponer libremente de las obras art\u00edsticas que crea, entendiendo por obra art\u00edstica cualquier manifestaci\u00f3n de car\u00e1cter literario, art\u00edstico o cient\u00edfico. Y nada que objetar a que cualquier autor, de cualquier m\u00fasica, tenga todo el derecho del mundo a decidir el alcance de su utilizaci\u00f3n, as\u00ed como a participar en los beneficios econ\u00f3micos que tal utilizaci\u00f3n suponga para el licenciado.<\/p>\n<p>Y, en Espa\u00f1a, la Ley de la Propiedad Intelectual se ocupa de proteger todos estos derechos, se\u00f1alando la norma que los derechos de explotaci\u00f3n se extender\u00e1n durante toda la vida del autor y 70 a\u00f1os mas. En lo que se refiere a estos derechos de explotaci\u00f3n, la reproducci\u00f3n de las obras musicales requerir\u00e1 la autorizaci\u00f3n tanto del autor como de los int\u00e9rpretes y de las compa\u00f1\u00edas fabricantes del soporte en que se encuentren (CD, video, cinta &#8230;).<\/p>\n<p>Y como todos ellos (autores, artistas ejecutantes, compa\u00f1\u00edas fonogr\u00e1ficas&#8230;) tienen derecho a una compensaci\u00f3n en los ingresos que ello produzca, todas aquellas personas que utilicen cualquier obra, musical en este caso, est\u00e1n obligadas a satisfacer un tanto por ello.<\/p>\n<p>Cuando la persona que reproduce tales obras musicales lo hace en el ejercicio de una actividad empresarial, por ejemplo si en su empresa pone la radio, o un reproductor musical, viene obligado a pagar lo que corresponda.<\/p>\n<p>Hasta aqu\u00ed, como digo, nada que objetar. La controversia aparece cuando se determina la forma pagarle a los Autores y dem\u00e1s, lo que les corresponde. Y la piller\u00eda t\u00f3pica de este pa\u00eds, en comandita con esa otra banda de pillos que son los pol\u00edticos, idearon las entidades gestoras de los distintos derechos de autor.<\/p>\n<p>Voy a tratar de explic\u00e1rselo a Uds., porque esto tambi\u00e9n contribuye a que a todos nos cueste mas cualquier bien o servicio que consumimos.<\/p>\n<p>Supongamos que tiene Ud. una peluquer\u00eda, o un restaurante, o una tienda de ropa, o un bar, en fin, cualquier actividad que se les ocurra y, para que sus clientes se encuentren mas confortables, enchufa una radio, o pone una televisi\u00f3n para que puedan entretenerse mientras dura su visita.<\/p>\n<p>Muy bien, pues prep\u00e1rese; porque si aun no han aparecido los inspectores de la SGAE (Sociedad General de Autores Espa\u00f1oles), o los de AGEDI-AEI (Asociaci\u00f3n de gesti\u00f3n de derechos intelectuales y de artistas, interpretes y ejecutantes, respectivamente), ya aparecer\u00e1n.<\/p>\n<p>Estas asociaciones son las que ocupan, porque los pol\u00edticos lo han querido as\u00ed, de gestionar el cobro de todos esos derechos de la propiedad intelectual, al igual que sucede con otras 5 asociaciones de la misma catadura.<\/p>\n<p>&nbsp;<\/p>\n<p>Y estas asociaciones, de forma radical, son las que le dicen cuanto tiene que pagar. Adem\u00e1s, se presentan y se rodean de una parafernalia que le hace a Ud. dudar si pertenecen a Hacienda, a la Gestapo o a la Stasi, estas dos \u00faltimas, para el que no lo sepa, terribles polic\u00edas pol\u00edticas perseguidoras de todo lo que se mov\u00eda contrario al r\u00e9gimen nazi o sovi\u00e9tico.<\/p>\n<p>Y toda esa puesta en escena, para conseguir que Ud. se acojone y pague. Pero \u00bfcuanto hay que pagar?. Uno, bien intencionado, pensar\u00eda que lo que va a ir a parar a las manos de sus leg\u00edtimos due\u00f1os: los autores o int\u00e9rpretes de las obras. Pero no. Y aqu\u00ed viene lo del color del cristal con que empezaba. Seg\u00fan las Asociaciones de gesti\u00f3n de derechos, todo el dinero recaudado se reparte entre los titulares de los derechos, pero la realidad es que la parte del le\u00f3n desaparece antes de llegar a su destino y se la reparten la misma panda de golfos que Uds. conocen al dedillo. Y por mucho que nuestro paisano Teddy Bautista haya sido puesto a disposici\u00f3n judicial por presunta malversaci\u00f3n de fondos, la cosa sigue y sigue. \u00bfHasta cuando?. Ya lo saben, hasta que todos nosotros decidamos que nuestra sociedad cambie.<\/p>\n<p>Servidor de Uds.<\/p>\n<p align=\"right\"><i>Jos\u00e9 Ignacio S\u00e1nchez Rubio<\/i><\/p>\n<p align=\"right\"><i>Abogado y economista<\/i><\/p>\n<p align=\"right\"><i>ignacio@rwall.es<\/i><\/p>\n","protected":false},"excerpt":{"rendered":"<p>Art\u00edculo de opini\u00f3n publicado en Lancelot Digital el\u00a023 de julio de 2.012 (Pinche aqu\u00ed para ver publicaci\u00f3n) Los sacamantecas 16 de julio de 2.012 Seg\u00fan el diccionario, el sacamantecas es un criminal sanguinario que revienta a sus v\u00edctimas y les &hellip; <a href=\"https:\/\/sanchezrubio.eu\/?page_id=197\">Sigue leyendo <span class=\"meta-nav\">&rarr;<\/span><\/a><\/p>\n","protected":false},"author":1,"featured_media":0,"parent":97,"menu_order":12,"comment_status":"open","ping_status":"open","template":"","meta":{"_bbp_topic_count":0,"_bbp_reply_count":0,"_bbp_total_topic_count":0,"_bbp_total_reply_count":0,"_bbp_voice_count":0,"_bbp_anonymous_reply_count":0,"_bbp_topic_count_hidden":0,"_bbp_reply_count_hidden":0,"_bbp_forum_subforum_count":0,"footnotes":""},"class_list":["post-197","page","type-page","status-publish","hentry"],"_links":{"self":[{"href":"https:\/\/sanchezrubio.eu\/index.php?rest_route=\/wp\/v2\/pages\/197","targetHints":{"allow":["GET"]}}],"collection":[{"href":"https:\/\/sanchezrubio.eu\/index.php?rest_route=\/wp\/v2\/pages"}],"about":[{"href":"https:\/\/sanchezrubio.eu\/index.php?rest_route=\/wp\/v2\/types\/page"}],"author":[{"embeddable":true,"href":"https:\/\/sanchezrubio.eu\/index.php?rest_route=\/wp\/v2\/users\/1"}],"replies":[{"embeddable":true,"href":"https:\/\/sanchezrubio.eu\/index.php?rest_route=%2Fwp%2Fv2%2Fcomments&post=197"}],"version-history":[{"count":2,"href":"https:\/\/sanchezrubio.eu\/index.php?rest_route=\/wp\/v2\/pages\/197\/revisions"}],"predecessor-version":[{"id":199,"href":"https:\/\/sanchezrubio.eu\/index.php?rest_route=\/wp\/v2\/pages\/197\/revisions\/199"}],"up":[{"embeddable":true,"href":"https:\/\/sanchezrubio.eu\/index.php?rest_route=\/wp\/v2\/pages\/97"}],"wp:attachment":[{"href":"https:\/\/sanchezrubio.eu\/index.php?rest_route=%2Fwp%2Fv2%2Fmedia&parent=197"}],"curies":[{"name":"wp","href":"https:\/\/api.w.org\/{rel}","templated":true}]}}