{"id":209,"date":"2014-07-04T07:48:50","date_gmt":"2014-07-04T05:48:50","guid":{"rendered":"http:\/\/sanchezrubio.eu\/?page_id=209"},"modified":"2014-07-04T07:48:50","modified_gmt":"2014-07-04T05:48:50","slug":"marchando-otra-de-leyes","status":"publish","type":"page","link":"https:\/\/sanchezrubio.eu\/?page_id=209","title":{"rendered":"\u00a1\u00a1\u00a1 Marchando otra de Leyes !!!&#8230;"},"content":{"rendered":"<div class=\"shariff\" data-title=\"\u00a1\u00a1\u00a1 Marchando otra de Leyes !!!&#8230;\" data-info-url=\"http:\/\/ct.de\/-2467514\" data-backend-url=\"https:\/\/sanchezrubio.eu\/wp-content\/plugins\/shariff-sharing\/backend\/index.php\" data-temp=\"\/tmp\" data-ttl=\"60\" data-service=\"gftr\" data-services='[\"googleplus\",\"facebook\",\"twitter\",\"reddit\",\"info\"]' data-image=\"\" data-url=\"https:\/\/sanchezrubio.eu\/?page_id=209\" data-lang=\"es\" data-theme=\"colored\" data-orientation=\"horizontal\"><\/div><p><span style=\"text-decoration: underline;\"><strong>Art\u00edculo de opini\u00f3n publicado en Lancelot Digital el\u00a023 de enero\u00a0de 2.011<\/strong><\/span> <a href=\"http:\/\/lancelotdigital.com\/component\/content\/archive?year=2011&amp;month=1\" target=\"_blank\"><strong>(Pinche aqu\u00ed para ver publicaci\u00f3n)<\/strong><\/a><\/p>\n<p style=\"text-align: center;\"><strong>\u00a1\u00a1\u00a1 Marchando otra de Leyes \u00a1!!&#8230;\u00a0 \u00a1\u00a1\u00a1 O\u00eddo, cocina&#8230;!!!<\/strong><\/p>\n<p>\u00a0 En 1.977, mi admirado Luis Garc\u00eda Berlanga, recientemente fallecido, dirigi\u00f3 con una maestr\u00eda inigualable aquella s\u00e1tira cinematogr\u00e1fica del gobierno de Franco, que titul\u00f3 \u201cLa escopeta nacional\u201d. Ello me da pie hoy, para calificar la actual pol\u00edtica bananera del gobierno que nos ha tocado soportar y padecer, como \u201cEl cachondeo nacional\u201d. Y si empleo estos t\u00e9rminos, no es por otro motivo que el de que el Gobierno del Reino de Espa\u00f1a, cree haber encontrado la iluminaci\u00f3n divina para resolver nuestros ancestrales problemas y, de pasada, intentar justificar su innecesaria existencia. Me refiero al anteproyecto de Ley que est\u00e1 a punto de aprobar el Consejo de Ministros (si no lo ha aprobado ya al publicarse estas l\u00edneas). Ver\u00e1n Uds., si con la denostada Ley antitabaco de final del a\u00f1o pasado, que tanto est\u00e1 dando que discutir, no fuera bastante, ahora, p\u00e1smense Uds. est\u00e1 dispuesto a que todos seamos absolutamente iguales. \u00bfY de que manera?, pues como siempre, con una Ley, si es que podemos llamar Ley a este bodrio que vendr\u00e1n en denominar Ley de Igualdad de Trato (o algo as\u00ed). Porque, \u00bfhay algo mejor que el que todos seamos iguales?, por supuesto que no. De esa forma, no tiene Ud. que preocuparse por ser bajito, si es que ello le acompleja, porque si alguien le llama \u201cbajito\u201d, o \u201cenano\u201d, o \u201cgurru\u00f1o\u201d; le denuncia Ud. y santas pascuas; la Autoridad Estatal Para la Igualdad de Trato, que se prev\u00e9 crear en esta Ley, despachar\u00e1 al \u201cinsultante\u201d con una multa de medio kilo de las antiguas pesetas. Tampoco se preocupe Ud. por tener que probar los hechos denunciados porque, para estos casos, se invertir\u00e1 la carga de la prueba y tendr\u00e1 que ser el ofensor, quien tenga que probar su inocencia. Es decir, se cargan de un plumazo (o lo pretenden) la presunci\u00f3n de inocencia, ese derecho fundamental que distingue a las sociedades avanzadas. Por cierto, \u00bfsaben a que me suena eso?: Simple, al pensamiento de la dictadura franquista, uno de cuyos ministros de Interior (llamado entonces de Gobernaci\u00f3n), Camilo Alonso Vega, predicaba que todos somos culpables pero que a algunos no se les pod\u00eda demostrar. Pero este rasgo histri\u00f3nico no acaba aqu\u00ed. Otro aspecto de la vida cotidiana al que le alcanza la aplicaci\u00f3n de esta proyectada Ley es al alquiler de una vivienda. Pongamos por caso que Ud. tiene un piso para alquilar y se le presenta como candidato un se\u00f1or negro, o \u00e1rabe, o gitano, o sudamericano o que a Ud. le parece, por su aspecto, que es sucio, o simplemente que es pobre, en fin siga Ud. poniendo los calificativos que a Ud. le parezcan un inconveniente, y le dice que no se lo alquila. Pues prepare el talonario para la multa, porque este proyecto de bodrio, perd\u00f3n, de Ley, seg\u00fan parece, no le va a permitir que disponga Ud. a su antojo de esa vivienda que se ha comprado con el sudor de su frente. Porque si Ud. no se la alquila al se\u00f1or negro, o \u00e1rabe, o gitano, o sudamericano, o sucio, o pobre, va a tener que demostrar que esas circunstancias personales no han tenido que ver con su decisi\u00f3n. As\u00ed que, si no quiere problemas, no se la alquile a un se\u00f1or aseado, espa\u00f1ol, cat\u00f3lico y solvente; ponga el resultado de sus ahorros en posesi\u00f3n de cualquier otro. La \u00fanica duda que me queda es la de que, no teniendo Ud. mas que un inmueble para arrendar, aunque se lo alquile al Sr. negro, puede caerle la multa porque tilden su acci\u00f3n de vejatoria para cualquiera de los dem\u00e1s aspirantes. Tenga en cuenta que lo importante es la igualdad, pero con lo de Ud., no con lo de los que paren estas normas igualitarias. Y no me queda mas remedio que referirme a otra aplicaci\u00f3n de esta oprobiosa Ley anteproyectada. Supongamos que Ud. el propietario de una empresa y desea ampliar su plantilla de personal. Cuando se le presenten como candidatos cualquiera de los se\u00f1ores que pretend\u00edan alquilar la vivienda a que me refiero mas arriba, que no se le ocurra, ni por un momento, desestimar sus postulaciones por el color de su piel, nacionalidad, fisonom\u00eda, religi\u00f3n, etc. etc&#8230;. Y la verdad es que, qu\u00e9 culpa tiene el pobre Sr. negro, o \u00e1rabe&#8230; o los otros, de que a Ud. no le gusten y no les de el trabajo. Eso s\u00ed, est\u00e9 seguro de que si ellos le llaman blanco, o cristiano, o payo, o espa\u00f1ol, se ir\u00e1n de rositas sin la multa de medio kilo (de las antiguas pesetas). Vamos, que esto s\u00ed que es un avance social importante, y no aquel de la Ley antitabaco de 2.005, que en mala hora se le ocurri\u00f3 permitir que los bares y restaurantes pusieran un rinc\u00f3n aislado para que se pudiera fumar. Viendo esto, a uno se le ocurre que no han perdido ni un \u00e1pice de vigencia, los famosos versos que Martin Niem\u00f6ller, alrededor del a\u00f1o 1.940, titul\u00f3 \u201c<strong>Cuando los nazis vinieron por los comunistas<\/strong>\u201d:<\/p>\n<p style=\"text-align: right;\"><em>Cuando los nazis vinieron a llevarse a los comunistas,<\/em><\/p>\n<p style=\"text-align: right;\"><em>guard\u00e9 silencio,<\/em><\/p>\n<p style=\"text-align: right;\"><em>porque yo no era comunista.<\/em><\/p>\n<p style=\"text-align: right;\"><em>Cuando encarcelaron a los socialdem\u00f3cratas,<\/em><\/p>\n<p style=\"text-align: right;\"><em>guard\u00e9 silencio,<\/em><\/p>\n<p style=\"text-align: right;\"><em>porque yo no era socialdem\u00f3crata,<\/em><\/p>\n<p style=\"text-align: right;\"><em>Cuando vinieron a buscar a los sindicalistas,<\/em><\/p>\n<p style=\"text-align: right;\"><em>no protest\u00e9,<\/em><\/p>\n<p style=\"text-align: right;\"><em>porque yo no era sindicalista,<\/em><\/p>\n<p style=\"text-align: right;\"><em>Cuando vinieron a llevarse a los jud\u00edos,<\/em><\/p>\n<p style=\"text-align: right;\"><em>tampoco protest\u00e9,<\/em><\/p>\n<p style=\"text-align: right;\"><em>porque yo no era jud\u00edo,<\/em><\/p>\n<p style=\"text-align: right;\"><em>Cuando vinieron a buscarme,<\/em><\/p>\n<p style=\"text-align: right;\"><em>ya fue tarde,<\/em><\/p>\n<p style=\"text-align: right;\"><em>no hab\u00eda nadie m\u00e1s que pudiera protestar.<\/em><\/p>\n<p>&nbsp;<\/p>\n<p style=\"text-align: right;\">Jos\u00e9 Ignacio Sanchez Rubio<\/p>\n<p style=\"text-align: right;\">Abogado y economista<\/p>\n<p style=\"text-align: right;\">ignacio@rwall.es<\/p>\n","protected":false},"excerpt":{"rendered":"<p>Art\u00edculo de opini\u00f3n publicado en Lancelot Digital el\u00a023 de enero\u00a0de 2.011 (Pinche aqu\u00ed para ver publicaci\u00f3n) \u00a1\u00a1\u00a1 Marchando otra de Leyes \u00a1!!&#8230;\u00a0 \u00a1\u00a1\u00a1 O\u00eddo, cocina&#8230;!!! \u00a0 En 1.977, mi admirado Luis Garc\u00eda Berlanga, recientemente fallecido, dirigi\u00f3 con una maestr\u00eda inigualable &hellip; <a href=\"https:\/\/sanchezrubio.eu\/?page_id=209\">Sigue leyendo <span class=\"meta-nav\">&rarr;<\/span><\/a><\/p>\n","protected":false},"author":1,"featured_media":0,"parent":97,"menu_order":0,"comment_status":"open","ping_status":"open","template":"","meta":{"_bbp_topic_count":0,"_bbp_reply_count":0,"_bbp_total_topic_count":0,"_bbp_total_reply_count":0,"_bbp_voice_count":0,"_bbp_anonymous_reply_count":0,"_bbp_topic_count_hidden":0,"_bbp_reply_count_hidden":0,"_bbp_forum_subforum_count":0,"footnotes":""},"class_list":["post-209","page","type-page","status-publish","hentry"],"_links":{"self":[{"href":"https:\/\/sanchezrubio.eu\/index.php?rest_route=\/wp\/v2\/pages\/209","targetHints":{"allow":["GET"]}}],"collection":[{"href":"https:\/\/sanchezrubio.eu\/index.php?rest_route=\/wp\/v2\/pages"}],"about":[{"href":"https:\/\/sanchezrubio.eu\/index.php?rest_route=\/wp\/v2\/types\/page"}],"author":[{"embeddable":true,"href":"https:\/\/sanchezrubio.eu\/index.php?rest_route=\/wp\/v2\/users\/1"}],"replies":[{"embeddable":true,"href":"https:\/\/sanchezrubio.eu\/index.php?rest_route=%2Fwp%2Fv2%2Fcomments&post=209"}],"version-history":[{"count":1,"href":"https:\/\/sanchezrubio.eu\/index.php?rest_route=\/wp\/v2\/pages\/209\/revisions"}],"predecessor-version":[{"id":210,"href":"https:\/\/sanchezrubio.eu\/index.php?rest_route=\/wp\/v2\/pages\/209\/revisions\/210"}],"up":[{"embeddable":true,"href":"https:\/\/sanchezrubio.eu\/index.php?rest_route=\/wp\/v2\/pages\/97"}],"wp:attachment":[{"href":"https:\/\/sanchezrubio.eu\/index.php?rest_route=%2Fwp%2Fv2%2Fmedia&parent=209"}],"curies":[{"name":"wp","href":"https:\/\/api.w.org\/{rel}","templated":true}]}}