{"id":363,"date":"2015-09-22T20:32:16","date_gmt":"2015-09-22T18:32:16","guid":{"rendered":"http:\/\/sanchezrubio.eu\/?page_id=363"},"modified":"2015-09-22T20:32:16","modified_gmt":"2015-09-22T18:32:16","slug":"las-divisiones-del-papa","status":"publish","type":"page","link":"https:\/\/sanchezrubio.eu\/?page_id=363","title":{"rendered":"Las divisiones del Papa"},"content":{"rendered":"<div class=\"shariff\" data-title=\"Las divisiones del Papa\" data-info-url=\"http:\/\/ct.de\/-2467514\" data-backend-url=\"https:\/\/sanchezrubio.eu\/wp-content\/plugins\/shariff-sharing\/backend\/index.php\" data-temp=\"\/tmp\" data-ttl=\"60\" data-service=\"gftr\" data-services='[\"googleplus\",\"facebook\",\"twitter\",\"reddit\",\"info\"]' data-image=\"\" data-url=\"https:\/\/sanchezrubio.eu\/?page_id=363\" data-lang=\"es\" data-theme=\"colored\" data-orientation=\"horizontal\"><\/div><p style=\"text-align: justify;\"><a href=\"https:\/\/sanchezrubio.eu\/wp-content\/uploads\/2015\/09\/Benedicto-XVI.png\"><img loading=\"lazy\" decoding=\"async\" class=\"alignleft size-full wp-image-364\" src=\"https:\/\/sanchezrubio.eu\/wp-content\/uploads\/2015\/09\/Benedicto-XVI.png\" alt=\"Benedicto XVI\" width=\"211\" height=\"119\" \/><\/a>Cuentan que a Stalin, a la saz\u00f3n m\u00e1ximo dirigente de la Rusia de los a\u00f1os 40, varios de sus secretarios le transmitieron su preocupaci\u00f3n por el poder de la Iglesia, y la influencia que esta ejerc\u00eda en sus fieles rusos. <strong><em>\u00bfY cuantas divisiones tiene el papa?<\/em><\/strong>, pregunt\u00f3 con sorna el que, sin duda, ha sido uno de los mayores perseguidores de los cat\u00f3licos.<\/p>\n<p style=\"text-align: justify;\">Ayer, en Madrid, este que les escribe vio alguna de esas divisiones del Papa.<\/p>\n<p style=\"text-align: justify;\">Resulta inenarrable lo que a m\u00ed me pareci\u00f3 sobrecogedor. Eran centenares de miles los j\u00f3venes, y no tan j\u00f3venes, que cantando y enarbolando banderas de innumerables pa\u00edses, recorr\u00edan las calles de Madrid.<\/p>\n<p style=\"text-align: justify;\">Lo que a m\u00ed m\u00e1s me llam\u00f3 la atenci\u00f3n de aquellas muchedumbres fue la ilusi\u00f3n y la alegr\u00eda que irradiaban sus rostros. Ni el cansancio, ni el aplastante calor de la can\u00edcula madrile\u00f1a, entre 38 y 40 grados, ni la sed ni el agobio de tanta gente, parec\u00edan importar a aquella chiquiller\u00eda. Y lo m\u00e1s bonito; se percib\u00eda claramente que detr\u00e1s de cada uno de aquellos j\u00f3venes hab\u00eda una familia unida.<\/p>\n<p style=\"text-align: justify;\">En claro contraste con esa euforia, enfrentados a ellos como si de enemigos ac\u00e9rrimos se tratara, un par de miles de <strong><em>indignados<\/em><\/strong> acomet\u00edan contra ellos en la Puerta del Sol, bajo la justificaci\u00f3n de que los cat\u00f3licos no ten\u00edan por qu\u00e9 estar all\u00ed.<\/p>\n<p style=\"text-align: justify;\">Al contrario que en estos, los rostros de los <strong><em>indignados<\/em><\/strong> rezumaban <strong><em>odio y sed de venganza<\/em><\/strong> pero, lo m\u00e1s descorazonador, en sus miradas y ademanes no se percib\u00eda el m\u00e1s m\u00ednimo asomo de ilusi\u00f3n. Personalmente, la sensaci\u00f3n que yo percib\u00ed es la de una turba, m\u00e1s o menos descontrolada, con un denominador com\u00fan: la desesperanza, la desilusi\u00f3n y la falta de proyecto alguno.<\/p>\n<p style=\"text-align: justify;\">Al asistir de cerca a esas escenas, a uno le asalta una gran duda: \u00bfEstamos asistiendo a una transformaci\u00f3n del mundo, en el que los valores quedan al margen de la sociedad?.<\/p>\n<p style=\"text-align: justify;\">Si buscamos una concomitancia entre lo que les relato y lo que acontece en el Reino Unido, puede que la respuesta sea afirmativa.<\/p>\n<p style=\"text-align: justify;\">La cuesti\u00f3n es cu\u00e1l es la soluci\u00f3n a la vida en sociedad. No parece que la de poner la otra mejilla sea la ideal, pero tampoco la del <strong><em>ojo por ojo<\/em><\/strong> parece resultar la recomendable.<\/p>\n<p style=\"text-align: justify;\">A veces se me ocurre por qu\u00e9 no habr\u00e1 dos Espa\u00f1as, para que cada uno viva en la que quiera y deje en paz a los dem\u00e1s. Yo, desde luego, me ir\u00eda a vivir a la que ocuparan las divisiones del Papa. No me queda ninguna duda cual elegir\u00edan los <strong><em>indignados<\/em><\/strong>. La cuesti\u00f3n es que, de la misma forma, los de esa otra Espa\u00f1a en la que yo no deseo vivir, tardar\u00edan menos de lo que empleo en escribir estas l\u00edneas en ir a atizarles a los otros. Al fin y al cabo, esa parece ser su \u00fanica misi\u00f3n en la vida.<\/p>\n<p style=\"text-align: justify;\">Solo les dir\u00e9 una cosa m\u00e1s; ayer me di cuenta de que a\u00fan queda esperanza en el mundo y, por eso, sent\u00ed verg\u00fcenza ajena con los episodios de la Puerta del Sol y una gran pena por los indignados. <strong><em>\u201cPerdonadlos porque no saben lo que hacen\u201d<\/em><\/strong>, hubiera dicho Jes\u00fas.<\/p>\n<p style=\"text-align: right;\"><em>Jos\u00e9 Ignacio S\u00e1nchez Rubio<\/em><\/p>\n<p style=\"text-align: right;\"><em>ignacio@nosotrosytu.es<\/em><\/p>\n","protected":false},"excerpt":{"rendered":"<p>Cuentan que a Stalin, a la saz\u00f3n m\u00e1ximo dirigente de la Rusia de los a\u00f1os 40, varios de sus secretarios le transmitieron su preocupaci\u00f3n por el poder de la Iglesia, y la influencia que esta ejerc\u00eda en sus fieles rusos. &hellip; <a href=\"https:\/\/sanchezrubio.eu\/?page_id=363\">Sigue leyendo <span class=\"meta-nav\">&rarr;<\/span><\/a><\/p>\n","protected":false},"author":1,"featured_media":0,"parent":156,"menu_order":4,"comment_status":"closed","ping_status":"closed","template":"","meta":{"_bbp_topic_count":0,"_bbp_reply_count":0,"_bbp_total_topic_count":0,"_bbp_total_reply_count":0,"_bbp_voice_count":0,"_bbp_anonymous_reply_count":0,"_bbp_topic_count_hidden":0,"_bbp_reply_count_hidden":0,"_bbp_forum_subforum_count":0,"footnotes":""},"class_list":["post-363","page","type-page","status-publish","hentry"],"_links":{"self":[{"href":"https:\/\/sanchezrubio.eu\/index.php?rest_route=\/wp\/v2\/pages\/363","targetHints":{"allow":["GET"]}}],"collection":[{"href":"https:\/\/sanchezrubio.eu\/index.php?rest_route=\/wp\/v2\/pages"}],"about":[{"href":"https:\/\/sanchezrubio.eu\/index.php?rest_route=\/wp\/v2\/types\/page"}],"author":[{"embeddable":true,"href":"https:\/\/sanchezrubio.eu\/index.php?rest_route=\/wp\/v2\/users\/1"}],"replies":[{"embeddable":true,"href":"https:\/\/sanchezrubio.eu\/index.php?rest_route=%2Fwp%2Fv2%2Fcomments&post=363"}],"version-history":[{"count":1,"href":"https:\/\/sanchezrubio.eu\/index.php?rest_route=\/wp\/v2\/pages\/363\/revisions"}],"predecessor-version":[{"id":365,"href":"https:\/\/sanchezrubio.eu\/index.php?rest_route=\/wp\/v2\/pages\/363\/revisions\/365"}],"up":[{"embeddable":true,"href":"https:\/\/sanchezrubio.eu\/index.php?rest_route=\/wp\/v2\/pages\/156"}],"wp:attachment":[{"href":"https:\/\/sanchezrubio.eu\/index.php?rest_route=%2Fwp%2Fv2%2Fmedia&parent=363"}],"curies":[{"name":"wp","href":"https:\/\/api.w.org\/{rel}","templated":true}]}}