{"id":377,"date":"2016-01-09T22:03:35","date_gmt":"2016-01-09T20:03:35","guid":{"rendered":"http:\/\/sanchezrubio.eu\/?page_id=377"},"modified":"2016-01-09T22:03:35","modified_gmt":"2016-01-09T20:03:35","slug":"ayer-y-hoy","status":"publish","type":"page","link":"https:\/\/sanchezrubio.eu\/?page_id=377","title":{"rendered":"Ayer\u2026. y hoy"},"content":{"rendered":"<div class=\"shariff\" data-title=\"Ayer\u2026. y hoy\" data-info-url=\"http:\/\/ct.de\/-2467514\" data-backend-url=\"https:\/\/sanchezrubio.eu\/wp-content\/plugins\/shariff-sharing\/backend\/index.php\" data-temp=\"\/tmp\" data-ttl=\"60\" data-service=\"gftr\" data-services='[\"googleplus\",\"facebook\",\"twitter\",\"reddit\",\"info\"]' data-image=\"\" data-url=\"https:\/\/sanchezrubio.eu\/?page_id=377\" data-lang=\"es\" data-theme=\"colored\" data-orientation=\"horizontal\"><\/div><p style=\"text-align: justify;\"><span style=\"color: #000000; font-family: Calibri;\"><a href=\"https:\/\/sanchezrubio.eu\/wp-content\/uploads\/2016\/01\/unidos.png\" rel=\"attachment wp-att-378\"><img loading=\"lazy\" decoding=\"async\" class=\"alignleft  wp-image-378\" src=\"https:\/\/sanchezrubio.eu\/wp-content\/uploads\/2016\/01\/unidos-300x101.png\" alt=\"unidos\" width=\"377\" height=\"127\" srcset=\"https:\/\/sanchezrubio.eu\/wp-content\/uploads\/2016\/01\/unidos-300x101.png 300w, https:\/\/sanchezrubio.eu\/wp-content\/uploads\/2016\/01\/unidos.png 515w\" sizes=\"auto, (max-width: 377px) 100vw, 377px\" \/><\/a>Ayer\u2026 ten\u00eda cincuenta y tantos a\u00f1os, y hoy\u2026 tengo uno m\u00e1s.<\/span><\/p>\n<p style=\"text-align: justify;\"><span style=\"color: #000000; font-family: Calibri;\">Ayer\u2026 ni me acordaba de que hoy, inexorablemente, volv\u00eda a caer otra anualidad, y hoy\u2026 me siento invadido por una extra\u00f1a sensaci\u00f3n de felicidad, que hasta ahora no conoc\u00eda, al darme cuenta de que, a lo largo de los \u00faltimos a\u00f1os,\u00a0hay 3.500 personas que me han pedido ser amigas m\u00edas en Facebook y que, sin conocerme personalmente, se han atropellado por felicitarme.<\/span><\/p>\n<p style=\"text-align: justify;\"><span style=\"color: #000000; font-family: Calibri;\">Ayer\u2026 me encontraba agobiado por el trabajo, hoy\u2026 estoy apesadumbrado por el n\u00famero de felicitaciones que me han enviado mis amigos de Facebook y a las que no he podido contestar en su integridad.<\/span><\/p>\n<p style=\"text-align: justify;\"><span style=\"color: #000000; font-family: Calibri;\">Porque, amigos m\u00edos (yo no digo amigos y amigas como hacen otros), a las 8 de la tarde de este 9 de enero, eran m\u00e1s de 800 los mensajes de felicitaci\u00f3n que me hab\u00edan llegado por conductos varios.<\/span><\/p>\n<p style=\"text-align: justify;\"><span style=\"color: #000000; font-family: Calibri;\">Esta ma\u00f1ana, me puse a contestar por Messenger a los que madrugasteis para enviarme vuestra felicitaci\u00f3n, pero enseguida me vi desbordado.<\/span><\/p>\n<p style=\"text-align: justify;\"><span style=\"color: #000000; font-family: Calibri;\">Por eso, quiero agradeceros a todos ese detalle que os honra y, aunque no pueda ser de manera individual y directa, como vosotros hab\u00e9is hecho, devolveros p\u00fablicamente mi gratitud por vuestra amistad.<\/span><\/p>\n<p style=\"text-align: justify;\"><span style=\"color: #000000; font-family: Calibri;\">Todos intuimos que se acercan tiempos dif\u00edciles en los que la vida se va a transformar en una pelea entre compatriotas; por ello en estos momentos ese sentimiento de amistad va cobrar un enorme valor.<\/span><\/p>\n<p style=\"text-align: justify;\"><span style=\"color: #000000; font-family: Calibri;\">Pero yo me siento seguro, porque os tengo a vosotros, a mis 3.500 amigos. Si, como dicen, quien tiene un amigo tiene un tesoro\u2026, imaginaos la inmensidad de mi fortuna. Espero que no me embarguen estos que vienen vociferando\u2026<\/span><\/p>\n<p style=\"text-align: justify;\"><span style=\"color: #000000; font-family: Calibri;\">Y, desde luego, como ayer y como hoy, pod\u00e9is contar conmigo en todo aquello en que pueda ayudaros.<\/span><span style=\"color: #000000; font-family: Calibri;\">\u00a0<\/span><\/p>\n<p style=\"text-align: right;\"><span style=\"color: #000000; font-family: Calibri;\">Jos\u00e9 Ignacio S\u00e1nchez Rubio<\/span><\/p>\n<p style=\"text-align: right;\"><a href=\"mailto:ignacio@nosotrosytu.es\"><span style=\"color: #0563c1; font-family: Calibri;\">ignacio@nosotrosytu.es<\/span><\/a><\/p>\n<p>&nbsp;<\/p>\n","protected":false},"excerpt":{"rendered":"<p>Ayer\u2026 ten\u00eda cincuenta y tantos a\u00f1os, y hoy\u2026 tengo uno m\u00e1s. Ayer\u2026 ni me acordaba de que hoy, inexorablemente, volv\u00eda a caer otra anualidad, y hoy\u2026 me siento invadido por una extra\u00f1a sensaci\u00f3n de felicidad, que hasta ahora no conoc\u00eda, &hellip; <a href=\"https:\/\/sanchezrubio.eu\/?page_id=377\">Sigue leyendo <span class=\"meta-nav\">&rarr;<\/span><\/a><\/p>\n","protected":false},"author":1,"featured_media":0,"parent":156,"menu_order":0,"comment_status":"closed","ping_status":"closed","template":"","meta":{"_bbp_topic_count":0,"_bbp_reply_count":0,"_bbp_total_topic_count":0,"_bbp_total_reply_count":0,"_bbp_voice_count":0,"_bbp_anonymous_reply_count":0,"_bbp_topic_count_hidden":0,"_bbp_reply_count_hidden":0,"_bbp_forum_subforum_count":0,"footnotes":""},"class_list":["post-377","page","type-page","status-publish","hentry"],"_links":{"self":[{"href":"https:\/\/sanchezrubio.eu\/index.php?rest_route=\/wp\/v2\/pages\/377","targetHints":{"allow":["GET"]}}],"collection":[{"href":"https:\/\/sanchezrubio.eu\/index.php?rest_route=\/wp\/v2\/pages"}],"about":[{"href":"https:\/\/sanchezrubio.eu\/index.php?rest_route=\/wp\/v2\/types\/page"}],"author":[{"embeddable":true,"href":"https:\/\/sanchezrubio.eu\/index.php?rest_route=\/wp\/v2\/users\/1"}],"replies":[{"embeddable":true,"href":"https:\/\/sanchezrubio.eu\/index.php?rest_route=%2Fwp%2Fv2%2Fcomments&post=377"}],"version-history":[{"count":1,"href":"https:\/\/sanchezrubio.eu\/index.php?rest_route=\/wp\/v2\/pages\/377\/revisions"}],"predecessor-version":[{"id":379,"href":"https:\/\/sanchezrubio.eu\/index.php?rest_route=\/wp\/v2\/pages\/377\/revisions\/379"}],"up":[{"embeddable":true,"href":"https:\/\/sanchezrubio.eu\/index.php?rest_route=\/wp\/v2\/pages\/156"}],"wp:attachment":[{"href":"https:\/\/sanchezrubio.eu\/index.php?rest_route=%2Fwp%2Fv2%2Fmedia&parent=377"}],"curies":[{"name":"wp","href":"https:\/\/api.w.org\/{rel}","templated":true}]}}