{"id":402,"date":"2016-02-09T23:08:59","date_gmt":"2016-02-09T21:08:59","guid":{"rendered":"http:\/\/sanchezrubio.eu\/?page_id=402"},"modified":"2016-02-09T23:14:09","modified_gmt":"2016-02-09T21:14:09","slug":"nos-hace-falta-un-gobierno","status":"publish","type":"page","link":"https:\/\/sanchezrubio.eu\/?page_id=402","title":{"rendered":"\u00bfNos hace falta un gobierno?"},"content":{"rendered":"<div class=\"shariff\" data-title=\"\u00bfNos hace falta un gobierno?\" data-info-url=\"http:\/\/ct.de\/-2467514\" data-backend-url=\"https:\/\/sanchezrubio.eu\/wp-content\/plugins\/shariff-sharing\/backend\/index.php\" data-temp=\"\/tmp\" data-ttl=\"60\" data-service=\"gftr\" data-services='[\"googleplus\",\"facebook\",\"twitter\",\"reddit\",\"info\"]' data-image=\"\" data-url=\"https:\/\/sanchezrubio.eu\/?page_id=402\" data-lang=\"es\" data-theme=\"colored\" data-orientation=\"horizontal\"><\/div><h3 style=\"text-align: justify;\"><span style=\"color: #000000; font-family: Calibri;\">Ciertamente, dicen que hay un gobierno en funciones, que nunca he sabido muy bien qu\u00e9 es porque, aparentemente, son unos cuantos espa\u00f1oles cobrando y sin hacer nada (como casi siempre).<\/span><\/h3>\n<h3 style=\"text-align: justify;\"><span style=\"color: #000000; font-family: Calibri;\">La realidad es que, desde que se produjeron las \u00faltimas elecciones, llevamos casi dos meses sin que haya gobernantes. Afortunadamente, tenemos una Administraci\u00f3n del Estado que sigue funcionando. Gracias a ello, tenemos polic\u00edas, m\u00e9dicos, bomberos, jueces, profesores\u2026 que no necesitan que haya un gobierno para seguir cumpliendo con su labor.<\/span><\/h3>\n<h3 style=\"text-align: justify;\"><span style=\"color: #000000; font-family: Calibri;\">Pero, yo me pregunto, \u00bfQu\u00e9 pasa con los pol\u00edticos (y pol\u00edticas) del Estado, que siguen cobrando sin que haya gobierno. Un ejemplo: los cerca de 700 diputados y senadores, recientemente elegidos en las \u00faltimas elecciones, me imagino que habr\u00e1n cobrado sus estipendios en diciembre y enero, sin dar un palo al agua \u00bfo no?.<\/span><\/h3>\n<h3 style=\"text-align: justify;\"><span style=\"color: #000000; font-family: Calibri;\">Trasl\u00e1dense Uds. a una empresa, en la que contratan a una serie de empleados y empiezan a cobrar desde el primer d\u00eda, por supuesto, pero que por H o por B, no los ponen a trabajar y est\u00e1n tranquilamente en su casa, posiblemente rezando porque no toquen el tema, para seguir cobrando. Por supuesto, si la empresa no fuera de Ud., que tiene la paciencia de leer esto, le importar\u00eda lo mismo que a m\u00ed, o sea, un bledo (que es lo que suele decirse).<\/span><\/h3>\n<h3 style=\"text-align: justify;\"><span style=\"color: #000000; font-family: Calibri;\">Pero ahora, al contrario, imagine que esto sucede en la empresa en la que Ud. trabaja o tiene alguna participaci\u00f3n. \u00bfSeguir\u00eda inc\u00f3lume?.<\/span><\/h3>\n<h3 style=\"text-align: justify;\"><span style=\"color: #000000; font-family: Calibri;\">Y la cuesti\u00f3n es que, mientras esta panda de impresentables sigue con sus negociaciones y sus cosas, nosotros seguimos pagando sus veleidades. \u00bfHasta cuando?<\/span><\/h3>\n<h3 style=\"text-align: justify;\"><span style=\"color: #000000; font-family: Calibri;\">Ya lo he se\u00f1alado en otras ocasiones, pero creo que estos versos que algunos atribuyen a Martin Niem\u00f6ller y otros a Bertolt Brecht, siguen siendo actuales; por supuesto con el correspondiente cambio de sustantivos, y sin entrar en discusiones acerca de su autor:<\/span><\/h3>\n<h3 style=\"text-align: justify;\">Cuando los nazis vinieron a por los comunistas<\/h3>\n<p>guard\u00e9 silencio,<\/p>\n<p>porque yo no soy comunista<\/p>\n<p>&nbsp;<\/p>\n<p>Luego, cuando vinieron a por los gitanos<\/p>\n<p>tampoco hice nada,<\/p>\n<p>porque no soy gitano<\/p>\n<p>&nbsp;<\/p>\n<p>Mas tarde, cuando vinieron a buscar a los homosexuales<\/p>\n<p>no protest\u00e9,<\/p>\n<p>porque tampoco soy homosexual<\/p>\n<p>&nbsp;<\/p>\n<p>Y cuando vinieron a llevarse a los jud\u00edos<\/p>\n<p>tampoco hice nada,<\/p>\n<p>porque yo no soy jud\u00edo<\/p>\n<p>&nbsp;<\/p>\n<p>Al final, cuando vinieron a por m\u00ed,<\/p>\n<p>me rebel\u00e9,<\/p>\n<p>pero ya era tarde.<\/p>\n<p><span style=\"color: #000000; font-family: Calibri;\">\u00a0<\/span><\/p>\n<p>Y yo, un simple espa\u00f1ol, me pregunto una cosa, \u00bfQu\u00e9 es lo que hace falta para que reaccion\u00e9is?<\/p>\n","protected":false},"excerpt":{"rendered":"<p>Ciertamente, dicen que hay un gobierno en funciones, que nunca he sabido muy bien qu\u00e9 es porque, aparentemente, son unos cuantos espa\u00f1oles cobrando y sin hacer nada (como casi siempre). La realidad es que, desde que se produjeron las \u00faltimas &hellip; <a href=\"https:\/\/sanchezrubio.eu\/?page_id=402\">Sigue leyendo <span class=\"meta-nav\">&rarr;<\/span><\/a><\/p>\n","protected":false},"author":1,"featured_media":0,"parent":156,"menu_order":0,"comment_status":"closed","ping_status":"closed","template":"","meta":{"_bbp_topic_count":0,"_bbp_reply_count":0,"_bbp_total_topic_count":0,"_bbp_total_reply_count":0,"_bbp_voice_count":0,"_bbp_anonymous_reply_count":0,"_bbp_topic_count_hidden":0,"_bbp_reply_count_hidden":0,"_bbp_forum_subforum_count":0,"footnotes":""},"class_list":["post-402","page","type-page","status-publish","hentry"],"_links":{"self":[{"href":"https:\/\/sanchezrubio.eu\/index.php?rest_route=\/wp\/v2\/pages\/402","targetHints":{"allow":["GET"]}}],"collection":[{"href":"https:\/\/sanchezrubio.eu\/index.php?rest_route=\/wp\/v2\/pages"}],"about":[{"href":"https:\/\/sanchezrubio.eu\/index.php?rest_route=\/wp\/v2\/types\/page"}],"author":[{"embeddable":true,"href":"https:\/\/sanchezrubio.eu\/index.php?rest_route=\/wp\/v2\/users\/1"}],"replies":[{"embeddable":true,"href":"https:\/\/sanchezrubio.eu\/index.php?rest_route=%2Fwp%2Fv2%2Fcomments&post=402"}],"version-history":[{"count":1,"href":"https:\/\/sanchezrubio.eu\/index.php?rest_route=\/wp\/v2\/pages\/402\/revisions"}],"predecessor-version":[{"id":403,"href":"https:\/\/sanchezrubio.eu\/index.php?rest_route=\/wp\/v2\/pages\/402\/revisions\/403"}],"up":[{"embeddable":true,"href":"https:\/\/sanchezrubio.eu\/index.php?rest_route=\/wp\/v2\/pages\/156"}],"wp:attachment":[{"href":"https:\/\/sanchezrubio.eu\/index.php?rest_route=%2Fwp%2Fv2%2Fmedia&parent=402"}],"curies":[{"name":"wp","href":"https:\/\/api.w.org\/{rel}","templated":true}]}}