{"id":53,"date":"2014-04-01T15:55:00","date_gmt":"2014-04-01T15:55:00","guid":{"rendered":"http:\/\/sanchezrubio.eu\/?page_id=53"},"modified":"2014-04-19T09:39:37","modified_gmt":"2014-04-19T07:39:37","slug":"forum","status":"publish","type":"page","link":"https:\/\/sanchezrubio.eu\/?page_id=53","title":{"rendered":"Forum"},"content":{"rendered":"<div class=\"shariff\" data-title=\"Forum\" data-info-url=\"http:\/\/ct.de\/-2467514\" data-backend-url=\"https:\/\/sanchezrubio.eu\/wp-content\/plugins\/shariff-sharing\/backend\/index.php\" data-temp=\"\/tmp\" data-ttl=\"60\" data-service=\"gftr\" data-services='[\"googleplus\",\"facebook\",\"twitter\",\"reddit\",\"info\"]' data-image=\"\" data-url=\"https:\/\/sanchezrubio.eu\/?page_id=53\" data-lang=\"es\" data-theme=\"colored\" data-orientation=\"horizontal\"><\/div><p>Este foro es abierto, a fin de que cualquier usuario pueda expresar p\u00fablicamente sus opiniones acerca de cualquier tema de car\u00e1cter pol\u00edtico, social, econ\u00f3mico o, en general de cualquier aspecto de nuestra vida en com\u00fan.<\/p>\n<p>Se impedir\u00e1 el uso de estos foros con fines comerciales o para verter comentarios o expresiones que puedan resultar ofensivas u obscenas para una persona con un elemental sentido de las buenas formas.<\/p>\n","protected":false},"excerpt":{"rendered":"<p>Este foro es abierto, a fin de que cualquier usuario pueda expresar p\u00fablicamente sus opiniones acerca de cualquier tema de car\u00e1cter pol\u00edtico, social, econ\u00f3mico o, en general de cualquier aspecto de nuestra vida en com\u00fan. Se impedir\u00e1 el uso de &hellip; <a href=\"https:\/\/sanchezrubio.eu\/?page_id=53\">Sigue leyendo <span class=\"meta-nav\">&rarr;<\/span><\/a><\/p>\n","protected":false},"author":1,"featured_media":0,"parent":0,"menu_order":3,"comment_status":"closed","ping_status":"closed","template":"","meta":{"_bbp_topic_count":0,"_bbp_reply_count":0,"_bbp_total_topic_count":0,"_bbp_total_reply_count":0,"_bbp_voice_count":0,"_bbp_anonymous_reply_count":0,"_bbp_topic_count_hidden":0,"_bbp_reply_count_hidden":0,"_bbp_forum_subforum_count":0,"footnotes":""},"class_list":["post-53","page","type-page","status-publish","hentry"],"_links":{"self":[{"href":"https:\/\/sanchezrubio.eu\/index.php?rest_route=\/wp\/v2\/pages\/53","targetHints":{"allow":["GET"]}}],"collection":[{"href":"https:\/\/sanchezrubio.eu\/index.php?rest_route=\/wp\/v2\/pages"}],"about":[{"href":"https:\/\/sanchezrubio.eu\/index.php?rest_route=\/wp\/v2\/types\/page"}],"author":[{"embeddable":true,"href":"https:\/\/sanchezrubio.eu\/index.php?rest_route=\/wp\/v2\/users\/1"}],"replies":[{"embeddable":true,"href":"https:\/\/sanchezrubio.eu\/index.php?rest_route=%2Fwp%2Fv2%2Fcomments&post=53"}],"version-history":[{"count":2,"href":"https:\/\/sanchezrubio.eu\/index.php?rest_route=\/wp\/v2\/pages\/53\/revisions"}],"predecessor-version":[{"id":55,"href":"https:\/\/sanchezrubio.eu\/index.php?rest_route=\/wp\/v2\/pages\/53\/revisions\/55"}],"wp:attachment":[{"href":"https:\/\/sanchezrubio.eu\/index.php?rest_route=%2Fwp%2Fv2%2Fmedia&parent=53"}],"curies":[{"name":"wp","href":"https:\/\/api.w.org\/{rel}","templated":true}]}}