{"id":548,"date":"2024-02-11T12:53:06","date_gmt":"2024-02-11T10:53:06","guid":{"rendered":"https:\/\/sanchezrubio.eu\/?page_id=548"},"modified":"2024-02-11T13:02:08","modified_gmt":"2024-02-11T11:02:08","slug":"los-sudorosos","status":"publish","type":"page","link":"https:\/\/sanchezrubio.eu\/?page_id=548","title":{"rendered":"Los sudorosos"},"content":{"rendered":"<div class=\"shariff\" data-title=\"Los sudorosos\" data-info-url=\"http:\/\/ct.de\/-2467514\" data-backend-url=\"https:\/\/sanchezrubio.eu\/wp-content\/plugins\/shariff-sharing\/backend\/index.php\" data-temp=\"\/tmp\" data-ttl=\"60\" data-service=\"gftr\" data-services='[\"googleplus\",\"facebook\",\"twitter\",\"reddit\",\"info\"]' data-image=\"\" data-url=\"https:\/\/sanchezrubio.eu\/?page_id=548\" data-lang=\"es\" data-theme=\"colored\" data-orientation=\"horizontal\"><\/div>\n<div class=\"wp-block-columns is-layout-flex wp-container-core-columns-is-layout-9d6595d7 wp-block-columns-is-layout-flex\">\n<div class=\"wp-block-column is-layout-flow wp-block-column-is-layout-flow\" style=\"flex-basis:100%\">\n<figure class=\"wp-block-image size-large is-resized is-style-default\"><a href=\"https:\/\/sanchezrubio.eu\/wp-content\/uploads\/2024\/02\/Logo-1-sin-fondo.png\"><img loading=\"lazy\" decoding=\"async\" width=\"724\" height=\"1024\" class=\"wp-image-549 aligncenter\" style=\"width: 127px; height: auto;\" src=\"https:\/\/sanchezrubio.eu\/wp-content\/uploads\/2024\/02\/Logo-1-sin-fondo-724x1024.png\" alt=\"\" srcset=\"https:\/\/sanchezrubio.eu\/wp-content\/uploads\/2024\/02\/Logo-1-sin-fondo-724x1024.png 724w, https:\/\/sanchezrubio.eu\/wp-content\/uploads\/2024\/02\/Logo-1-sin-fondo-212x300.png 212w, https:\/\/sanchezrubio.eu\/wp-content\/uploads\/2024\/02\/Logo-1-sin-fondo-768x1086.png 768w, https:\/\/sanchezrubio.eu\/wp-content\/uploads\/2024\/02\/Logo-1-sin-fondo.png 938w\" sizes=\"auto, (max-width: 724px) 100vw, 724px\" \/><\/a><\/figure>\n<\/div>\n<\/div>\n\n\n\n<p><strong>Caridad, solidaridad o responsabilidad<\/strong><\/p>\n<p style=\"text-align: right;\"><em>Te ganar\u00e1s el pan con el sudor de tu frente\u2026<\/em><\/p>\n<p style=\"text-align: right;\"><em>Genesis 3.19<\/em><\/p>\n<p>Esta sentencia prof\u00e9tica, es la que nos dej\u00f3 Mois\u00e9s en el primero de sus libros del Pentateuco. Pero ninguna palabra de Dios indica que el sudor pueda ser el de la frente de los dem\u00e1s.<\/p>\n<p>Y San Juan nos habla de la caridad para con los dem\u00e1s, pero tampoco la refiere como una obligaci\u00f3n, sino como un acto voluntario pero no exigible; la tercera de las virtudes teologales.<\/p>\n<p>Pero otros dos vocablos pol\u00edticos se refieren a los mismos efectos de la caridad: la <strong><em>solidaridad<\/em><\/strong> y la <strong><em>responsabilidad<\/em><\/strong>; y ambos formas parte de los textos legales que, como cualquiera sabe, son imperativos.<\/p>\n<p>Mediante la caridad, ayudamos a otros de manera voluntaria y con lo nuestro, a sobrellevar las miserias mundanas. Y la contraprestaci\u00f3n que recibimos cuando hacemos caridad, en la satisfacci\u00f3n de nuestra conciencia.<\/p>\n<p>Mediante la solidaridad, tambi\u00e9n contribuimos al mismo fin, pero de no de forma voluntaria y directa, sino indirectamente a trav\u00e9s de la parte que, de nuestros impuestos, se dedica a tales finalidades. Pero no recibimos retribuci\u00f3n alguna, sino la correspondiente sanci\u00f3n en caso de que no paguemos <em>\u201cal C\u00e9sar lo que es del C\u00e9sar\u201d.<\/em><\/p>\n<p>Finalmente, a trav\u00e9s del mecanismo jur\u00eddico de la responsabilidad, contribuimos igualmente a pagar, con el sudor de nuestra frente, lo que debi\u00f3 pagar otro con el de la suya.<\/p>\n<p>Por no remontarnos a tiempos pret\u00e9ritos, hoy en d\u00eda elegimos a un grupo de personas para que, mediante instituciones y mecanismos que ellos mismos ingenian, y que nosotros financiamos, nos proporcionen una mejor vida (o, <strong><em>calidad de vida<\/em><\/strong>, como les gusta decir); para ello, crean nuevos impuestos o incrementan los ya existentes. Y esos impuestos los tenemos que pagar todos, incluidos aquellos a los que denominamos <strong><em>pol\u00edticos<\/em><\/strong>.<\/p>\n<p>Solo que los pol\u00edticos pagan sus impuestos con las retribuciones que ellos mismos se fijan, y que se pagan con los impuestos que ingresamos los <em>\u201csudorosos\u201d,<\/em> mientras que los dem\u00e1s s\u00ed que los pagamos \u00fanicamente con el sudor de nuestra frente, (lo que nos lleva a concluir que tambi\u00e9n los impuestos de los pol\u00edticos los pagamos los dem\u00e1s).<\/p>\n<p>Y no solo nos establecen impuestos, sino que, adem\u00e1s, quieren que seamos felices, aunque sea a la fuerza. Y regulan toda nuestra vida marc\u00e1ndonos, con normas de obligado cumplimiento, cual ha de ser nuestro comportamiento en todos los \u00f3rdenes de la existencia.<\/p>\n<p>Al final, uno se pregunta si, realmente, fue para eso para lo que, en elecciones de dudoso car\u00e1cter democr\u00e1tico, elegimos a los pol\u00edticos, que se postulan con unas promesas electorales que, como ya dijo otro, <em>\u201cse hacen para no cumplirse\u201d<\/em>. Pero no pasa nada; y la ruleta sigue girando.<\/p>\n<p>La mayor\u00eda de los \u201c<em>sudorosos<\/em>\u201d, que estamos en desacuerdo con esta situaci\u00f3n, nos preguntamos qu\u00e9 se puede hacer, mientras esperamos que otros, o Europa, nos resuelvan la papeleta. Pero mientras seguimos discutiendo <em>\u201csi son galgos o podencos\u201d<\/em>, el mal sigue avanzando; pero nos limitamos a expresar nuestro desacuerdo con continuos reenv\u00edos de WhatsApp, que semejan a esos \u00e1rboles que no nos dejan ver el bosque.<\/p>\n<p>Si t\u00fa, lector paciente, que has llegado hasta aqu\u00ed, sigues pregunt\u00e1ndote qu\u00e9 se puede hacer, la soluci\u00f3n es muy clara: \u00bfNo somos nosotros los que elegimos a los pol\u00edticos, que dicen que solo pretenden servirnos?; pues nosotros tambi\u00e9n somos los que hemos de evitar que nos defrauden.<\/p>\n<p>Hace apenas un mes, un grupo de <em>\u201csudorosos\u201d<\/em> espa\u00f1oles ha fundado una asociaci\u00f3n denominada <a href=\"https:\/\/yoprotejo.es\/\">PROTEGER ESPA\u00d1A<\/a>; para eso, para protegerla y protegernos de los que \u00fanicamente quieren que sudemos para ellos.<\/p>\n<p>Yo ya me he inscrito. Y t\u00fa, si eres otro <em>\u201csudoroso\u201d<\/em>, \u00bfpor qu\u00e9 no lo haces?.<\/p>\n<p style=\"text-align: right;\">Jos\u00e9 Ignacio S\u00e1nchez Rubio<\/p>\n<p style=\"text-align: right;\"><em>\u201csudoroso\u201d<\/em> y espa\u00f1ol<\/p>\n","protected":false},"excerpt":{"rendered":"<p>Caridad, solidaridad o responsabilidad Te ganar\u00e1s el pan con el sudor de tu frente\u2026 Genesis 3.19 Esta sentencia prof\u00e9tica, es la que nos dej\u00f3 Mois\u00e9s en el primero de sus libros del Pentateuco. Pero ninguna palabra de Dios indica que &hellip; <a href=\"https:\/\/sanchezrubio.eu\/?page_id=548\">Sigue leyendo <span class=\"meta-nav\">&rarr;<\/span><\/a><\/p>\n","protected":false},"author":1,"featured_media":0,"parent":0,"menu_order":0,"comment_status":"closed","ping_status":"closed","template":"","meta":{"_bbp_topic_count":0,"_bbp_reply_count":0,"_bbp_total_topic_count":0,"_bbp_total_reply_count":0,"_bbp_voice_count":0,"_bbp_anonymous_reply_count":0,"_bbp_topic_count_hidden":0,"_bbp_reply_count_hidden":0,"_bbp_forum_subforum_count":0,"footnotes":""},"class_list":["post-548","page","type-page","status-publish","hentry"],"_links":{"self":[{"href":"https:\/\/sanchezrubio.eu\/index.php?rest_route=\/wp\/v2\/pages\/548","targetHints":{"allow":["GET"]}}],"collection":[{"href":"https:\/\/sanchezrubio.eu\/index.php?rest_route=\/wp\/v2\/pages"}],"about":[{"href":"https:\/\/sanchezrubio.eu\/index.php?rest_route=\/wp\/v2\/types\/page"}],"author":[{"embeddable":true,"href":"https:\/\/sanchezrubio.eu\/index.php?rest_route=\/wp\/v2\/users\/1"}],"replies":[{"embeddable":true,"href":"https:\/\/sanchezrubio.eu\/index.php?rest_route=%2Fwp%2Fv2%2Fcomments&post=548"}],"version-history":[{"count":3,"href":"https:\/\/sanchezrubio.eu\/index.php?rest_route=\/wp\/v2\/pages\/548\/revisions"}],"predecessor-version":[{"id":554,"href":"https:\/\/sanchezrubio.eu\/index.php?rest_route=\/wp\/v2\/pages\/548\/revisions\/554"}],"wp:attachment":[{"href":"https:\/\/sanchezrubio.eu\/index.php?rest_route=%2Fwp%2Fv2%2Fmedia&parent=548"}],"curies":[{"name":"wp","href":"https:\/\/api.w.org\/{rel}","templated":true}]}}