{"id":73,"date":"2014-04-03T06:19:50","date_gmt":"2014-04-03T06:19:50","guid":{"rendered":"http:\/\/sanchezrubio.eu\/?page_id=73"},"modified":"2014-04-05T06:52:20","modified_gmt":"2014-04-05T06:52:20","slug":"und-nun-was-tun-wir","status":"publish","type":"page","link":"https:\/\/sanchezrubio.eu\/?page_id=73","title":{"rendered":"Und nun, was tun wir?"},"content":{"rendered":"<div class=\"shariff\" data-title=\"Und nun, was tun wir?\" data-info-url=\"http:\/\/ct.de\/-2467514\" data-backend-url=\"https:\/\/sanchezrubio.eu\/wp-content\/plugins\/shariff-sharing\/backend\/index.php\" data-temp=\"\/tmp\" data-ttl=\"60\" data-service=\"gftr\" data-services='[\"googleplus\",\"facebook\",\"twitter\",\"reddit\",\"info\"]' data-image=\"\" data-url=\"https:\/\/sanchezrubio.eu\/?page_id=73\" data-lang=\"es\" data-theme=\"colored\" data-orientation=\"horizontal\"><\/div><p>Art\u00edculo publicado en Lancelot Digital el 12 de junio de 2.012 <a href=\"http:\/\/lancelotdigital.com\/opinion\/opinion-und-nun-was-tun-wir\" target=\"_blank\">(Pinche para ver publicaci\u00f3n)<\/a><\/p>\n<p><span style=\"font-size: medium;\">Und nun, was tun wir?<\/span><\/p>\n<p>Glorioso fin de semana, el pasado, para el deporte espa\u00f1ol con la conquista del s\u00e9ptimo Roland Garros por parte de Rafa Nadal. Y una cosa les confieso, acostumbrados como estamos a la pr\u00e1ctica del deporte de moda \u00faltimamente, cual es el de pitar y abuchear al Himno Espa\u00f1ol en los campos de futbol, este servidor de Uds. sinti\u00f3 como se le encog\u00eda el coraz\u00f3n con la emoci\u00f3n de escucharlo en honor a nuestro tenista, mientras el p\u00fablico que abarrotaba el estadio guardaba un respetuoso silencio.<\/p>\n<p>Pero, al margen del pan y circo que nos espera este verano, con el campeonato de Europa de futbol primero y con las olimpiadas despu\u00e9s, irremisiblemente tenemos que volver a la cosa econ\u00f3mica. Porque, la verdad, es que esto tiene color hormiga; hormiga negra, que tambi\u00e9n las hay rojas, como los socialistas que nos han metido en este callej\u00f3n sin salida.<\/p>\n<p>La semana pasada la terminamos con lo que parece ser el \u00faltimo remedio a nuestra situaci\u00f3n. Me refiero a esa disposici\u00f3n de Europa, que Rajoy presenta como un logro suyo, a prestar a los bancos espa\u00f1oles hasta cien mil millones de euros. Y ante esto, uno ya no sabe que pensar.<\/p>\n<p>Porque ver\u00e1n Uds. En principio podr\u00eda parecer una buena idea, que permitir\u00eda a las entidades financieras poner este mont\u00f3n de dinero, que yo hay d\u00edas que no los gano, en circulaci\u00f3n entre empresarios y particulares. Pero mucho me temo que pasar\u00e1 lo de siempre; que si los bancos llegan a cobrarlos, los dedicar\u00e1n a cualquier cosa menos a utilizarlos para ese fin. Adem\u00e1s, no sabemos a que inter\u00e9s lo recibir\u00e1n los bancos ni en cuanto tiempo tienen que devolverlos, con lo que a mi me parece otra filfa mas.<\/p>\n<p>Yo, qu\u00e9 quieren que les diga, sigo sin ver mas que tres formas de arreglar la situaci\u00f3n. La primera, desde luego, es la de salirnos del euro antes de que se desintegre. Y ya les he hablado de esto en otras ocasiones y les he dado suficientes razones para hacerlo.<\/p>\n<p>La segunda, que tambi\u00e9n tiene que ver con la moneda, ya la he anticipado en ocasiones anteriores y parece que alguien me ha escuchado porque, en los \u00faltimos d\u00edas, ya est\u00e1 cobrando fuerza la tesis de que no puede haber moneda \u00fanica sin una \u00fanica pol\u00edtica bancaria.<\/p>\n<p>Y luego viene la tercera que, como canta la cl\u00e1sica sevillana es la mas interesante. La tercera formula es que, puesto que vamos a terminar embargados por los alemanes, que sean ellos los que nos gobiernen. Al fin y al cabo ellos saben hacerlo bien a juzgar de como les va. Por otra parte, yo creo que estamos hartos de los pol\u00edticos y no nos vendr\u00eda mal probar otras formulas, habida cuenta de a donde nos han llevado los nuestros.<\/p>\n<p>Bueno, bromas aparte, quiero insistirles que nuestra crisis es una crisis de circulante. No disponemos de dinero para comprar, ni como consumidores ni como empresarios. Y por eso se nos niegan las mercanc\u00edas y los servicios. Y tampoco parece que exista la posibilidad de cr\u00e9dito, ese gran invento de crear dinero ficticio que no consiste en otra cosa que ll\u00e9veselo Ud. hoy y pague mas adelante con el dinero que gane. En otras palabras, o creamos dinero fabricando billetes, o inventamos alguna otra formula que permita, artificialmente, poner en marcha la m\u00e1quina de producir bienes y servicios antes de que la m\u00e1quina se quede agarrotada y ya no haya quien la revitalice.<\/p>\n<p>La gente tosca, cuando no tiene dinero piensa que su soluci\u00f3n est\u00e1 en que se lo presten, y si se lo regala el Estado, como ha venido pasando hasta ahora, mejor que mejor. Pero al final resulta que si el dinero lo va a destinar a su propio consumo y no a la producci\u00f3n, mucho me temo que el prestamista prefiera conservarlo antes de ponerlo en manos de quien, con toda probabilidad, no va a poder devolverlo.<\/p>\n<p>Es por eso que me encabrita que no haya reda\u00f1os en nuestros pol\u00edticos para tomar el toro por los cuernos y plantarle cara a Europa volviendo a nuestra moneda. Ya lo he dicho en otras ocasiones: Si no podemos pagar nuestras deudas, que mas nos da que sea en euros o en pesetas lo que tenemos que pagar. Y, por otra parte, recuerden aquel chascarrillo que dice que si debes mil euros, tienes un problema con el acreedor, pero si lo que debes son mil millones, el que tiene el problema no eres tu, es el acreedor.<\/p>\n<p>O eso, o ser\u00e1n los alemanes los que, para salvar sus inversiones, nos metan en vereda. Al fin y al cabo, es lo que terminar\u00e1 pasando.<\/p>\n<p>Yo, por si acaso, ya he buscado un diccionario de alem\u00e1n, \u00bfo de donde creen que ha salido el t\u00edtulo?<\/p>\n<p>Jos\u00e9 Ignacio S\u00e1nchez Rubio<\/p>\n<p>Abogado y economista<\/p>\n<p>ignacio@soluciones.es<\/p>\n<p>&nbsp;<\/p>\n<p>&nbsp;<\/p>\n","protected":false},"excerpt":{"rendered":"<p>Art\u00edculo publicado en Lancelot Digital el 12 de junio de 2.012 (Pinche para ver publicaci\u00f3n) Und nun, was tun wir? Glorioso fin de semana, el pasado, para el deporte espa\u00f1ol con la conquista del s\u00e9ptimo Roland Garros por parte de &hellip; <a href=\"https:\/\/sanchezrubio.eu\/?page_id=73\">Sigue leyendo <span class=\"meta-nav\">&rarr;<\/span><\/a><\/p>\n","protected":false},"author":1,"featured_media":0,"parent":97,"menu_order":1,"comment_status":"open","ping_status":"closed","template":"","meta":{"_bbp_topic_count":0,"_bbp_reply_count":0,"_bbp_total_topic_count":0,"_bbp_total_reply_count":0,"_bbp_voice_count":0,"_bbp_anonymous_reply_count":0,"_bbp_topic_count_hidden":0,"_bbp_reply_count_hidden":0,"_bbp_forum_subforum_count":0,"footnotes":""},"class_list":["post-73","page","type-page","status-publish","hentry"],"_links":{"self":[{"href":"https:\/\/sanchezrubio.eu\/index.php?rest_route=\/wp\/v2\/pages\/73","targetHints":{"allow":["GET"]}}],"collection":[{"href":"https:\/\/sanchezrubio.eu\/index.php?rest_route=\/wp\/v2\/pages"}],"about":[{"href":"https:\/\/sanchezrubio.eu\/index.php?rest_route=\/wp\/v2\/types\/page"}],"author":[{"embeddable":true,"href":"https:\/\/sanchezrubio.eu\/index.php?rest_route=\/wp\/v2\/users\/1"}],"replies":[{"embeddable":true,"href":"https:\/\/sanchezrubio.eu\/index.php?rest_route=%2Fwp%2Fv2%2Fcomments&post=73"}],"version-history":[{"count":18,"href":"https:\/\/sanchezrubio.eu\/index.php?rest_route=\/wp\/v2\/pages\/73\/revisions"}],"predecessor-version":[{"id":94,"href":"https:\/\/sanchezrubio.eu\/index.php?rest_route=\/wp\/v2\/pages\/73\/revisions\/94"}],"up":[{"embeddable":true,"href":"https:\/\/sanchezrubio.eu\/index.php?rest_route=\/wp\/v2\/pages\/97"}],"wp:attachment":[{"href":"https:\/\/sanchezrubio.eu\/index.php?rest_route=%2Fwp%2Fv2%2Fmedia&parent=73"}],"curies":[{"name":"wp","href":"https:\/\/api.w.org\/{rel}","templated":true}]}}