{"id":97,"date":"2014-04-05T06:11:41","date_gmt":"2014-04-05T06:11:41","guid":{"rendered":"http:\/\/sanchezrubio.eu\/?page_id=97"},"modified":"2014-04-19T09:38:52","modified_gmt":"2014-04-19T07:38:52","slug":"prensa","status":"publish","type":"page","link":"https:\/\/sanchezrubio.eu\/?page_id=97","title":{"rendered":"Prensa"},"content":{"rendered":"<div class=\"shariff\" data-title=\"Prensa\" data-info-url=\"http:\/\/ct.de\/-2467514\" data-backend-url=\"https:\/\/sanchezrubio.eu\/wp-content\/plugins\/shariff-sharing\/backend\/index.php\" data-temp=\"\/tmp\" data-ttl=\"60\" data-service=\"gftr\" data-services='[\"googleplus\",\"facebook\",\"twitter\",\"reddit\",\"info\"]' data-image=\"\" data-url=\"https:\/\/sanchezrubio.eu\/?page_id=97\" data-lang=\"es\" data-theme=\"colored\" data-orientation=\"horizontal\"><\/div><p>En esta p\u00e1gina est\u00e1n colgados los art\u00edculos publicados en prensa escrita y digital, durante los \u00faltimos a\u00f1os.<\/p>\n<p>En la medida de lo posible, cada art\u00edculo se encuentra enlazado al propio medio de comunicaci\u00f3n y\/o con una representaci\u00f3n en pdf.<\/p>\n<p>&nbsp;<\/p>\n","protected":false},"excerpt":{"rendered":"<p>En esta p\u00e1gina est\u00e1n colgados los art\u00edculos publicados en prensa escrita y digital, durante los \u00faltimos a\u00f1os. En la medida de lo posible, cada art\u00edculo se encuentra enlazado al propio medio de comunicaci\u00f3n y\/o con una representaci\u00f3n en pdf. &nbsp;<\/p>\n","protected":false},"author":1,"featured_media":0,"parent":0,"menu_order":1,"comment_status":"open","ping_status":"open","template":"","meta":{"_bbp_topic_count":0,"_bbp_reply_count":0,"_bbp_total_topic_count":0,"_bbp_total_reply_count":0,"_bbp_voice_count":0,"_bbp_anonymous_reply_count":0,"_bbp_topic_count_hidden":0,"_bbp_reply_count_hidden":0,"_bbp_forum_subforum_count":0,"footnotes":""},"class_list":["post-97","page","type-page","status-publish","hentry"],"_links":{"self":[{"href":"https:\/\/sanchezrubio.eu\/index.php?rest_route=\/wp\/v2\/pages\/97","targetHints":{"allow":["GET"]}}],"collection":[{"href":"https:\/\/sanchezrubio.eu\/index.php?rest_route=\/wp\/v2\/pages"}],"about":[{"href":"https:\/\/sanchezrubio.eu\/index.php?rest_route=\/wp\/v2\/types\/page"}],"author":[{"embeddable":true,"href":"https:\/\/sanchezrubio.eu\/index.php?rest_route=\/wp\/v2\/users\/1"}],"replies":[{"embeddable":true,"href":"https:\/\/sanchezrubio.eu\/index.php?rest_route=%2Fwp%2Fv2%2Fcomments&post=97"}],"version-history":[{"count":4,"href":"https:\/\/sanchezrubio.eu\/index.php?rest_route=\/wp\/v2\/pages\/97\/revisions"}],"predecessor-version":[{"id":155,"href":"https:\/\/sanchezrubio.eu\/index.php?rest_route=\/wp\/v2\/pages\/97\/revisions\/155"}],"wp:attachment":[{"href":"https:\/\/sanchezrubio.eu\/index.php?rest_route=%2Fwp%2Fv2%2Fmedia&parent=97"}],"curies":[{"name":"wp","href":"https:\/\/api.w.org\/{rel}","templated":true}]}}